{"id":88,"date":"2015-05-30T22:59:00","date_gmt":"2015-05-30T21:59:00","guid":{"rendered":"http:\/\/127.0.0.1\/techpro\/?page_id=88"},"modified":"2016-02-07T23:31:56","modified_gmt":"2016-02-07T23:31:56","slug":"panoramique-360-vr","status":"publish","type":"page","link":"https:\/\/www.techpro-digital.com\/?page_id=88","title":{"rendered":"Panoramique - 360 VR"},"content":{"rendered":"<p><a href=\"http:\/\/twitter.com\/share?url=https%3A%2F%2Fwww.techpro-digital.com%2F%3Fpage_id%3D88&amp;count=none&amp;text=Panoramique - 360 VR - TECHPRO-DIGITAL - Services PHOTO - VIDEO - POST PRODUCTION - CREATION - WEB\" class=\"twitter-share-button\">Tweet<\/a><\/p><p>Nous sommes de sp\u00e9cialistes de la prise de vue Panoramique et pouvons r\u00e9aliser toute type de sc\u00e9ance ext\u00e9rieure ou int\u00e9rieur. Evidemment nous pouvons\u00a0r\u00e9aliser des visites virtuels permettant de virtualiser un espace commercial, un appartement voir un magasin.<\/p>\n<p><a href=\"http:\/\/www.techpro-digital.com\/wp-content\/uploads\/2015\/05\/00000440_01_bd.jpg\" rel=\"attachment wp-att-6157\"><img loading=\"lazy\" class=\"aligncenter size-large wp-image-6157\" src=\"http:\/\/www.techpro-digital.com\/wp-content\/uploads\/2015\/05\/00000440_01_bd-1024x232.jpg\" alt=\"00000440_01_bd\" width=\"1024\" height=\"232\" srcset=\"https:\/\/www.techpro-digital.com\/wp-content\/uploads\/2015\/05\/00000440_01_bd-1024x232.jpg 1024w, https:\/\/www.techpro-digital.com\/wp-content\/uploads\/2015\/05\/00000440_01_bd-300x68.jpg 300w, https:\/\/www.techpro-digital.com\/wp-content\/uploads\/2015\/05\/00000440_01_bd-768x174.jpg 768w, https:\/\/www.techpro-digital.com\/wp-content\/uploads\/2015\/05\/00000440_01_bd-400x91.jpg 400w, https:\/\/www.techpro-digital.com\/wp-content\/uploads\/2015\/05\/00000440_01_bd.jpg 2000w\" sizes=\"(max-width: 1024px) 100vw, 1024px\" \/><\/a><\/p>\n<p>&nbsp;<\/p>\n<p>&nbsp;<\/p>\n","protected":false},"excerpt":{"rendered":"<p>TweetNous sommes de sp\u00e9cialistes de la prise de vue Panoramique et pouvons r\u00e9aliser toute type de sc\u00e9ance ext\u00e9rieure ou int\u00e9rieur. Evidemment nous pouvons\u00a0r\u00e9aliser des visites virtuels permettant de virtualiser un espace commercial, un appartement voir un magasin. &nbsp; &nbsp;<\/p>\n","protected":false},"author":1,"featured_media":0,"parent":5736,"menu_order":0,"comment_status":"open","ping_status":"open","template":"","meta":[],"_links":{"self":[{"href":"https:\/\/www.techpro-digital.com\/index.php?rest_route=\/wp\/v2\/pages\/88"}],"collection":[{"href":"https:\/\/www.techpro-digital.com\/index.php?rest_route=\/wp\/v2\/pages"}],"about":[{"href":"https:\/\/www.techpro-digital.com\/index.php?rest_route=\/wp\/v2\/types\/page"}],"author":[{"embeddable":true,"href":"https:\/\/www.techpro-digital.com\/index.php?rest_route=\/wp\/v2\/users\/1"}],"replies":[{"embeddable":true,"href":"https:\/\/www.techpro-digital.com\/index.php?rest_route=%2Fwp%2Fv2%2Fcomments&post=88"}],"version-history":[{"count":3,"href":"https:\/\/www.techpro-digital.com\/index.php?rest_route=\/wp\/v2\/pages\/88\/revisions"}],"predecessor-version":[{"id":6158,"href":"https:\/\/www.techpro-digital.com\/index.php?rest_route=\/wp\/v2\/pages\/88\/revisions\/6158"}],"up":[{"embeddable":true,"href":"https:\/\/www.techpro-digital.com\/index.php?rest_route=\/wp\/v2\/pages\/5736"}],"wp:attachment":[{"href":"https:\/\/www.techpro-digital.com\/index.php?rest_route=%2Fwp%2Fv2%2Fmedia&parent=88"}],"curies":[{"name":"wp","href":"https:\/\/api.w.org\/{rel}","templated":true}]}}