{"id":76,"date":"2015-05-30T22:57:06","date_gmt":"2015-05-30T21:57:06","guid":{"rendered":"http:\/\/127.0.0.1\/techpro\/?page_id=76"},"modified":"2015-05-30T22:57:06","modified_gmt":"2015-05-30T21:57:06","slug":"corporate","status":"publish","type":"page","link":"https:\/\/www.techpro-digital.com\/?page_id=76","title":{"rendered":"Corporate"},"content":{"rendered":"<p><a href=\"http:\/\/twitter.com\/share?url=https%3A%2F%2Fwww.techpro-digital.com%2F%3Fpage_id%3D76&amp;count=none&amp;text=Corporate - TECHPRO-DIGITAL - Services PHOTO - VIDEO - POST PRODUCTION - CREATION - WEB\" class=\"twitter-share-button\">Tweet<\/a><\/p><p>Avec notre \u00e9quipe de photographes professionnels nous assurons tout type de prestations photos :<\/p>\n<p>- Soir\u00e9e \u00e9v\u00e8nementielles<\/p>\n<p>- Soir\u00e9e VIP<\/p>\n<p>- Conf\u00e9rences<\/p>\n","protected":false},"excerpt":{"rendered":"<p>TweetAvec notre \u00e9quipe de photographes professionnels nous assurons tout type de prestations photos : &#8211; Soir\u00e9e \u00e9v\u00e8nementielles &#8211; Soir\u00e9e VIP &#8211; Conf\u00e9rences<\/p>\n","protected":false},"author":1,"featured_media":0,"parent":5736,"menu_order":0,"comment_status":"open","ping_status":"open","template":"","meta":[],"_links":{"self":[{"href":"https:\/\/www.techpro-digital.com\/index.php?rest_route=\/wp\/v2\/pages\/76"}],"collection":[{"href":"https:\/\/www.techpro-digital.com\/index.php?rest_route=\/wp\/v2\/pages"}],"about":[{"href":"https:\/\/www.techpro-digital.com\/index.php?rest_route=\/wp\/v2\/types\/page"}],"author":[{"embeddable":true,"href":"https:\/\/www.techpro-digital.com\/index.php?rest_route=\/wp\/v2\/users\/1"}],"replies":[{"embeddable":true,"href":"https:\/\/www.techpro-digital.com\/index.php?rest_route=%2Fwp%2Fv2%2Fcomments&post=76"}],"version-history":[{"count":0,"href":"https:\/\/www.techpro-digital.com\/index.php?rest_route=\/wp\/v2\/pages\/76\/revisions"}],"up":[{"embeddable":true,"href":"https:\/\/www.techpro-digital.com\/index.php?rest_route=\/wp\/v2\/pages\/5736"}],"wp:attachment":[{"href":"https:\/\/www.techpro-digital.com\/index.php?rest_route=%2Fwp%2Fv2%2Fmedia&parent=76"}],"curies":[{"name":"wp","href":"https:\/\/api.w.org\/{rel}","templated":true}]}}