{"id":6162,"date":"2016-02-12T13:20:55","date_gmt":"2016-02-12T13:20:55","guid":{"rendered":"http:\/\/www.techpro-digital.com\/?page_id=6162"},"modified":"2016-02-12T22:26:06","modified_gmt":"2016-02-12T22:26:06","slug":"ic3d","status":"publish","type":"page","link":"https:\/\/www.techpro-digital.com\/?page_id=6162","title":{"rendered":"IC3D"},"content":{"rendered":"<p><a href=\"http:\/\/twitter.com\/share?url=https%3A%2F%2Fwww.techpro-digital.com%2F%3Fpage_id%3D6162&amp;count=none&amp;text=IC3D - TECHPRO-DIGITAL - Services PHOTO - VIDEO - POST PRODUCTION - CREATION - WEB\" class=\"twitter-share-button\">Tweet<\/a><\/p><p>IC3D Suite est un logiciel de visualisation d'emballages en 3D offrant le Mesh Mapping automatique, qui permet de faire glisser automatiquement des\u00a0\u00e9tiquettes ou des \u00e9l\u00e9ments graphiques sur des mod\u00e8les complexes.<\/p>\n<p>IC3D Suite\u00a0poss\u00e8de une connexion avec la suite Adobe CC via Illustrator permettant d'\u00e9diter tout graphique pour venir le plaquer sur le mod\u00e8le 3D dans IC3D.<\/p>\n<p>L'outil est tr\u00e8s facile d'approche, \u00e0 l'oppos\u00e9 des logiciels complexes et techniques que sont les 3DSMax, Cinema 4D, Blender...<\/p>\n<p>Une fois le mod\u00e8le 3D r\u00e9alis\u00e9 vous pouvez exporter un fichier PDF 3D ou un fichier Collada que l'on pourra partager ensuite par exemple sur la plate forme Sketchfab.<\/p>\n<p>&nbsp;<\/p>\n<p><a href=\"http:\/\/www.creativeedgesoftware.com\" target=\"_blank\" rel=\"attachment wp-att-6182\"><img loading=\"lazy\" class=\"aligncenter size-large wp-image-6182\" src=\"http:\/\/www.techpro-digital.com\/wp-content\/uploads\/2016\/02\/Screenshot-2016-02-12-22.56.36-1024x543.png\" alt=\"Screenshot 2016-02-12 22.56.36\" width=\"1024\" height=\"543\" srcset=\"https:\/\/www.techpro-digital.com\/wp-content\/uploads\/2016\/02\/Screenshot-2016-02-12-22.56.36-1024x543.png 1024w, https:\/\/www.techpro-digital.com\/wp-content\/uploads\/2016\/02\/Screenshot-2016-02-12-22.56.36-300x159.png 300w, https:\/\/www.techpro-digital.com\/wp-content\/uploads\/2016\/02\/Screenshot-2016-02-12-22.56.36-768x407.png 768w, https:\/\/www.techpro-digital.com\/wp-content\/uploads\/2016\/02\/Screenshot-2016-02-12-22.56.36-400x212.png 400w, https:\/\/www.techpro-digital.com\/wp-content\/uploads\/2016\/02\/Screenshot-2016-02-12-22.56.36-943x500.png 943w\" sizes=\"(max-width: 1024px) 100vw, 1024px\" \/><\/a><\/p>\n<p><iframe loading=\"lazy\"  id=\"_ytid_52006\"  width=\"1200\" height=\"675\"  data-origwidth=\"1200\" data-origheight=\"675\" src=\"https:\/\/www.youtube.com\/embed\/D0ldEKrYAbw?enablejsapi=1&autoplay=0&cc_load_policy=0&cc_lang_pref=&iv_load_policy=1&loop=0&modestbranding=0&rel=1&fs=1&playsinline=0&autohide=2&theme=dark&color=red&controls=1&\" class=\"__youtube_prefs__  epyt-is-override  no-lazyload\" title=\"YouTube player\"  allow=\"autoplay; encrypted-media\" allowfullscreen data-no-lazy=\"1\" data-skipgform_ajax_framebjll=\"\"><\/iframe><\/p>\n","protected":false},"excerpt":{"rendered":"<p>TweetIC3D Suite est un logiciel de visualisation d&#8217;emballages en 3D offrant le Mesh Mapping automatique, qui permet de faire glisser automatiquement des\u00a0\u00e9tiquettes ou des \u00e9l\u00e9ments graphiques sur des mod\u00e8les complexes. IC3D Suite\u00a0poss\u00e8de une connexion avec la suite Adobe CC via Illustrator permettant d&rsquo;\u00e9diter tout graphique pour venir le plaquer sur le mod\u00e8le 3D dans IC3D. L&rsquo;outil est tr\u00e8s facile d&rsquo;approche, \u00e0 l&rsquo;oppos\u00e9 des logiciels complexes et techniques que sont les 3DSMax, Cinema 4D, Blender&#8230; Une fois le mod\u00e8le 3D r\u00e9alis\u00e9 vous pouvez exporter un fichier PDF 3D ou un fichier Collada que l&rsquo;on pourra partager ensuite par exemple sur la [&hellip;]<\/p>\n","protected":false},"author":1,"featured_media":0,"parent":5592,"menu_order":0,"comment_status":"closed","ping_status":"closed","template":"","meta":[],"_links":{"self":[{"href":"https:\/\/www.techpro-digital.com\/index.php?rest_route=\/wp\/v2\/pages\/6162"}],"collection":[{"href":"https:\/\/www.techpro-digital.com\/index.php?rest_route=\/wp\/v2\/pages"}],"about":[{"href":"https:\/\/www.techpro-digital.com\/index.php?rest_route=\/wp\/v2\/types\/page"}],"author":[{"embeddable":true,"href":"https:\/\/www.techpro-digital.com\/index.php?rest_route=\/wp\/v2\/users\/1"}],"replies":[{"embeddable":true,"href":"https:\/\/www.techpro-digital.com\/index.php?rest_route=%2Fwp%2Fv2%2Fcomments&post=6162"}],"version-history":[{"count":6,"href":"https:\/\/www.techpro-digital.com\/index.php?rest_route=\/wp\/v2\/pages\/6162\/revisions"}],"predecessor-version":[{"id":6183,"href":"https:\/\/www.techpro-digital.com\/index.php?rest_route=\/wp\/v2\/pages\/6162\/revisions\/6183"}],"up":[{"embeddable":true,"href":"https:\/\/www.techpro-digital.com\/index.php?rest_route=\/wp\/v2\/pages\/5592"}],"wp:attachment":[{"href":"https:\/\/www.techpro-digital.com\/index.php?rest_route=%2Fwp%2Fv2%2Fmedia&parent=6162"}],"curies":[{"name":"wp","href":"https:\/\/api.w.org\/{rel}","templated":true}]}}