{"id":6048,"date":"2016-01-15T22:33:39","date_gmt":"2016-01-15T22:33:39","guid":{"rendered":"http:\/\/www.techpro-digital.com\/?page_id=6048"},"modified":"2016-11-12T18:47:27","modified_gmt":"2016-11-12T18:47:27","slug":"techno","status":"publish","type":"page","link":"https:\/\/www.techpro-digital.com\/?page_id=6048","title":{"rendered":"DSLR tests"},"content":{"rendered":"<p><a href=\"http:\/\/twitter.com\/share?url=https%3A%2F%2Fwww.techpro-digital.com%2F%3Fpage_id%3D6048&amp;count=none&amp;text=DSLR tests - TECHPRO-DIGITAL - Services PHOTO - VIDEO - POST PRODUCTION - CREATION - WEB\" class=\"twitter-share-button\">Tweet<\/a><\/p><p>&nbsp;<\/p>\n<p>&nbsp;<\/p>\n<table border=\"0\" width=\"850\">\n<tbody>\n<tr>\n<td align=\"left\" valign=\"top\" width=\"250\">\n<p style=\"text-align: center;\"><strong>DXO ONE<\/strong><a href=\"http:\/\/www.techpro-digital.com\/DXO_One.pdf\" target=\"_blank\"><img loading=\"lazy\" class=\"alignleft wp-image-6218\" src=\"http:\/\/www.techpro-digital.com\/wp-content\/uploads\/2016\/01\/dxo-800x1024.png\" alt=\"dxo\" width=\"234\" height=\"300\" srcset=\"https:\/\/www.techpro-digital.com\/wp-content\/uploads\/2016\/01\/dxo-800x1024.png 800w, https:\/\/www.techpro-digital.com\/wp-content\/uploads\/2016\/01\/dxo-234x300.png 234w, https:\/\/www.techpro-digital.com\/wp-content\/uploads\/2016\/01\/dxo-768x983.png 768w, https:\/\/www.techpro-digital.com\/wp-content\/uploads\/2016\/01\/dxo-400x512.png 400w, https:\/\/www.techpro-digital.com\/wp-content\/uploads\/2016\/01\/dxo-391x500.png 391w, https:\/\/www.techpro-digital.com\/wp-content\/uploads\/2016\/01\/dxo.png 1118w\" sizes=\"(max-width: 234px) 100vw, 234px\" \/><\/a><\/p>\n<p>&nbsp;<\/td>\n<td align=\"left\" valign=\"top\" width=\"600\">Tout a d\u00e9j\u00e0 \u00e9t\u00e9 dit en long et large en travers, mais possesseur de ce bijoux depuis 3 mois...incontestablement DXO a r\u00e9ussi le mariage parfait entre qualit\u00e9 photo, compacit\u00e9 et intelligence logiciel. Quelque chose que les grandes maisons Nikon et Canon ont bien du mal \u00e0 int\u00e9grer dans leur super DSLR \u00e0 plus de 5000\u20ac.<\/p>\n<p>Parmi les plus du DXO, une sensibilit\u00e9 \u00e9quivalente \u00e0 celle des DSLR d'entr\u00e9e de gamme, une r\u00e9solution de 20 Mo qui offre une bonne d\u00e9finition relatif \u00e0 la taille du capteur cad 1\"...et puis l'outil indispensable pour partir escapade sans se porter 2kg de matos..:)<\/td>\n<\/tr>\n<tr>\n<td align=\"left\" valign=\"top\"><\/td>\n<td align=\"left\" valign=\"top\"><\/td>\n<\/tr>\n<tr>\n<td align=\"left\" valign=\"top\" width=\"250\">\n<p style=\"text-align: center;\"><strong>Nikon D5<\/strong><a href=\"http:\/\/www.techpro-digital.com\/D5_CI.pdf\"><img loading=\"lazy\" class=\"aligncenter wp-image-6333\" src=\"http:\/\/www.techpro-digital.com\/wp-content\/uploads\/2016\/01\/D5RP-796x1024.png\" alt=\"d5rp\" width=\"233\" height=\"300\" srcset=\"https:\/\/www.techpro-digital.com\/wp-content\/uploads\/2016\/01\/D5RP-796x1024.png 796w, https:\/\/www.techpro-digital.com\/wp-content\/uploads\/2016\/01\/D5RP-233x300.png 233w, https:\/\/www.techpro-digital.com\/wp-content\/uploads\/2016\/01\/D5RP-768x988.png 768w, https:\/\/www.techpro-digital.com\/wp-content\/uploads\/2016\/01\/D5RP-400x514.png 400w, https:\/\/www.techpro-digital.com\/wp-content\/uploads\/2016\/01\/D5RP-389x500.png 389w, https:\/\/www.techpro-digital.com\/wp-content\/uploads\/2016\/01\/D5RP.png 1112w\" sizes=\"(max-width: 233px) 100vw, 233px\" \/><\/a><\/p>\n<p>&nbsp;<\/td>\n<td align=\"left\" valign=\"top\" width=\"600\">\u00a0Test complet du Nikon D5 par <a href=\"http:\/\/www.reponsesphoto.fr\">R\u00e9ponse Photo<\/a><\/p>\n<p>Le D5 est dans la continuit\u00e9 logique du D4s, il lui ressemble d\u2019ailleurs beaucoup. Seule une comparaison c\u00f4te \u00e0 c\u00f4t\u00e9 permet de relever des diff\u00e9rences subtiles d\u2019ergonomie, destin\u00e9e \u00e0 am\u00e9liorer encore la prise en main et le pilotage des fonctions sur le terrain sans non plus perturber les habitu\u00e9s, ce type de bo\u00eetier devant \u00eatre une extension de l\u2019\u0153il et non un obstacle. A 7000 \u20ac, c\u2019est un bo\u00eetier pro classique avec son gabarit et sa double poign\u00e9e, qui prend un peu de poids pour arriver \u00e0 1415 g.<\/p>\n<p>Le D5 est \u00e9quip\u00e9 d\u2019un nouveau capteur 24x36 de 21 MP (20,7 pour \u00eatre exact), ce qui donnera plus de latitude d\u2019agrandissement et de recadrage que le D4s qui, lui, culminait \u00e0 16 MP. Coupl\u00e9 \u00e0 un processeur de g\u00e9n\u00e9ration Expeed 5, il atteint des sensibilit\u00e9s records : 100 \u00e0 102 400 ISO en rendu photo, et jusqu\u2019\u00e0 3 280 000 ISO (\u00a0!) en mode \u00e9tendu.<\/td>\n<\/tr>\n<tr>\n<td align=\"left\" valign=\"top\"><\/td>\n<td align=\"left\" valign=\"top\"><\/td>\n<\/tr>\n<tr>\n<td align=\"left\" valign=\"top\" width=\"250\">\n<p style=\"text-align: center;\"><b>Nikon D5<\/b><\/p>\n<p><a href=\"http:\/\/www.techpro-digital.com\/wp-content\/uploads\/2016\/01\/D5CI.png\"><img loading=\"lazy\" class=\"aligncenter wp-image-6334\" src=\"http:\/\/www.techpro-digital.com\/wp-content\/uploads\/2016\/01\/D5CI-796x1024.png\" alt=\"d5ci\" width=\"233\" height=\"300\" srcset=\"https:\/\/www.techpro-digital.com\/wp-content\/uploads\/2016\/01\/D5CI-796x1024.png 796w, https:\/\/www.techpro-digital.com\/wp-content\/uploads\/2016\/01\/D5CI-233x300.png 233w, https:\/\/www.techpro-digital.com\/wp-content\/uploads\/2016\/01\/D5CI-768x988.png 768w, https:\/\/www.techpro-digital.com\/wp-content\/uploads\/2016\/01\/D5CI-400x515.png 400w, https:\/\/www.techpro-digital.com\/wp-content\/uploads\/2016\/01\/D5CI-389x500.png 389w, https:\/\/www.techpro-digital.com\/wp-content\/uploads\/2016\/01\/D5CI.png 1152w\" sizes=\"(max-width: 233px) 100vw, 233px\" \/><\/a><\/p>\n<p>&nbsp;<\/td>\n<td align=\"left\" valign=\"top\" width=\"600\">\u00a0Test complet du D5 par <a href=\"http:\/\/www.chassimages.com\">Chasseur d'images<\/a><\/p>\n<p>Toujours plus pro plus sensible et plus rapide...<\/p>\n<p>Un test extr\u00eamement complet jusqu'au DXOMark.<\/td>\n<\/tr>\n<tr>\n<td align=\"left\" valign=\"top\"><\/td>\n<td align=\"left\" valign=\"top\"><\/td>\n<\/tr>\n<tr>\n<td align=\"left\" valign=\"top\" width=\"250\">\n<p style=\"text-align: center;\"><strong>Canon EOS-1DX<\/strong><a href=\"http:\/\/www.techpro-digital.com\/EOS1DXMarkII.pdf\"><img loading=\"lazy\" class=\"aligncenter wp-image-6336\" src=\"http:\/\/www.techpro-digital.com\/wp-content\/uploads\/2016\/01\/EOS-800x1024.png\" alt=\"eos\" width=\"234\" height=\"300\" srcset=\"https:\/\/www.techpro-digital.com\/wp-content\/uploads\/2016\/01\/EOS-800x1024.png 800w, https:\/\/www.techpro-digital.com\/wp-content\/uploads\/2016\/01\/EOS-234x300.png 234w, https:\/\/www.techpro-digital.com\/wp-content\/uploads\/2016\/01\/EOS-768x983.png 768w, https:\/\/www.techpro-digital.com\/wp-content\/uploads\/2016\/01\/EOS-400x512.png 400w, https:\/\/www.techpro-digital.com\/wp-content\/uploads\/2016\/01\/EOS-391x500.png 391w, https:\/\/www.techpro-digital.com\/wp-content\/uploads\/2016\/01\/EOS.png 1150w\" sizes=\"(max-width: 234px) 100vw, 234px\" \/><\/a><\/p>\n<p>&nbsp;<\/td>\n<td align=\"left\" valign=\"top\" width=\"600\">\u00a0Apr\u00e8s Nikon, Canon et son dernier vaisseau amiral test\u00e9 par \u00a0<a href=\"http:\/\/www.reponsesphoto.fr\">R\u00e9ponse Photo<\/a><\/p>\n<p>Apr\u00e8s Nikon et son D5 fra\u00eechement moulu, c\u2019est au tour de Canon de pr\u00e9senter son nouveau champion, avec les JO de Rio en point de mire. Lanc\u00e9 en 2011, l\u2019EOS-1D X originel remettait \u00e0 plat le reflex pro de la marque, avec des composants pour l\u2019essentiel in\u00e9dits. Cinq ans plus tard, l\u2019\u00e9volution est moins spectaculaire. Comme son nom l\u2019indique, ce nouveau bo\u00eetier est davantage une mise \u00e0 jour qu\u2019un v\u00e9ritable nouveau mod\u00e8le. La coque est d\u2019ailleurs en tous points identiques, \u00e0 quelques micro-d\u00e9tails pr\u00e8s, comme cette protub\u00e9rance devant la griffe flash t\u00e9moignant de l\u2019int\u00e9gration d\u2019un mode GPS (le Wi-Fi reste quant \u00e0 lui tributaire d\u2019accessoires optionnels). Il faut dire que l\u2019ergonomie du 1D X ne souffrait d\u2019aucun reproche et qu\u2019il aurait \u00e9t\u00e9 dommage de faire du nouveau sans bonne raison. Les pros travaillant avec ce bo\u00eetier retrouveront ainsi leurs rep\u00e8res, tout en b\u00e9n\u00e9ficiant de certaines am\u00e9liorations.<\/td>\n<\/tr>\n<tr>\n<td align=\"left\" valign=\"top\"><\/td>\n<td align=\"left\" valign=\"top\"><\/td>\n<\/tr>\n<tr>\n<td style=\"text-align: center;\" align=\"left\" valign=\"top\" width=\"250\"><strong>Nikon D500<\/strong><a style=\"font-family: inherit; font-size: inherit;\" href=\"http:\/\/www.techpro-digital.com\/D500.pdf\"><img loading=\"lazy\" class=\"aligncenter wp-image-6342\" src=\"http:\/\/www.techpro-digital.com\/wp-content\/uploads\/2016\/01\/D500-764x1024.png\" alt=\"d500\" width=\"224\" height=\"300\" srcset=\"https:\/\/www.techpro-digital.com\/wp-content\/uploads\/2016\/01\/D500-764x1024.png 764w, https:\/\/www.techpro-digital.com\/wp-content\/uploads\/2016\/01\/D500-224x300.png 224w, https:\/\/www.techpro-digital.com\/wp-content\/uploads\/2016\/01\/D500-768x1029.png 768w, https:\/\/www.techpro-digital.com\/wp-content\/uploads\/2016\/01\/D500-400x536.png 400w, https:\/\/www.techpro-digital.com\/wp-content\/uploads\/2016\/01\/D500-373x500.png 373w, https:\/\/www.techpro-digital.com\/wp-content\/uploads\/2016\/01\/D500.png 1076w\" sizes=\"(max-width: 224px) 100vw, 224px\" \/><\/a><\/td>\n<td align=\"left\" valign=\"top\" width=\"600\">\u00a0Test\u00e9 par \u00a0<a href=\"http:\/\/www.reponsesphoto.fr\">R\u00e9ponse Photo<\/a>\u00a0Le\u00a0Nikon D500, l'APS-C au superlatifDe son c\u00f4t\u00e9, le D500 est envisag\u00e9 comme le petit fr\u00e8re id\u00e9al pour les pros \u00e9quip\u00e9s d\u2019un D5 qui souhaitent un second appareil plus l\u00e9ger, et offrant les avantages du DX (focales \u00ab rallong\u00e9es \u00bb). En reprenant la formule abandonn\u00e9e du D300s tout en l\u2019am\u00e9liorant drastiquement, le D500 constitue \u00e9galement un solide bo\u00eetier principal pour les amateurs \u00e9clair\u00e9s ou les semi-pros pratiquant la photo sur le vif. A 2300 \u20ac, il est cependant 500 \u20ac plus cher que son concurrent Canon EOS 7D Mk II. A ce prix-l\u00e0, on aura droit \u00e0 de nombreuses technologies, voire \u00e0 des composants directement issus du D5. L\u2019autofocus est ainsi celui du D5, offrant, sur le format APS-C, une couverture presque totale du champ. Le miroir, \u00e9quip\u00e9 du m\u00eame dispositif que celui du D5, peut atteindre 10 i\/s (contre 7 i\/s sur le D300s). Comme le D5, le D500 peut filmer en 4K, l\u00e0 aussi avec des limitations en termes de format (ratio de recadrage de 2,2x) et de dur\u00e9e (30 min max).<\/td>\n<\/tr>\n<tr>\n<td align=\"left\" valign=\"top\"><\/td>\n<td align=\"left\" valign=\"top\"><\/td>\n<\/tr>\n<tr>\n<td style=\"text-align: center;\" align=\"left\" valign=\"top\"><strong>DRONE<\/strong><img loading=\"lazy\" class=\"aligncenter wp-image-6339\" src=\"http:\/\/www.techpro-digital.com\/wp-content\/uploads\/2016\/01\/DRONE-791x1024.png\" alt=\"drone\" width=\"232\" height=\"300\" srcset=\"https:\/\/www.techpro-digital.com\/wp-content\/uploads\/2016\/01\/DRONE-791x1024.png 791w, https:\/\/www.techpro-digital.com\/wp-content\/uploads\/2016\/01\/DRONE-232x300.png 232w, https:\/\/www.techpro-digital.com\/wp-content\/uploads\/2016\/01\/DRONE-768x995.png 768w, https:\/\/www.techpro-digital.com\/wp-content\/uploads\/2016\/01\/DRONE-400x518.png 400w, https:\/\/www.techpro-digital.com\/wp-content\/uploads\/2016\/01\/DRONE-386x500.png 386w, https:\/\/www.techpro-digital.com\/wp-content\/uploads\/2016\/01\/DRONE.png 1138w\" sizes=\"(max-width: 232px) 100vw, 232px\" \/><\/td>\n<td align=\"left\" valign=\"top\"><strong>Les drones photo !<\/strong>\u00a0Pour ce dossier,\u00a0<a href=\"http:\/\/www.chassimages.com\">Chasseur d'Images<\/a>\u00a0a fait appel \u00e0 l'un des meilleurs sp\u00e9cialistes, journaliste qui utilise et pratique les drones toute l'ann\u00e9e, mais qui est aussi all\u00e9 au contact des dronistes professionnels, de ceux qui vivent de leurs images \"a\u00e9roport\u00e9es\".<\/p>\n<p>Le dossier est technique et pratique \u00e0 la fois : on y compare les performances en vol et en images de quatre drones photo vid\u00e9o pour tous les budgets. Mais on est aussi tr\u00e8s clairs sur la r\u00e9glementation : m\u00eame avec une licence professionnelle et un agr\u00e9ment DGAC, ne comptez pas trop promener votre drone au-dessus des zones habit\u00e9es\u2026 l'espace a\u00e9rien est tr\u00e8s contr\u00f4l\u00e9.<\/td>\n<\/tr>\n<tr>\n<td style=\"text-align: center;\" align=\"left\" valign=\"top\"><strong>Canon EOS 5D-MarkIV<\/strong><\/p>\n<p><a href=\"http:\/\/techpro-digital.com\/Canon_5D_MarkIV.pdf\"><img loading=\"lazy\" class=\"aligncenter wp-image-6346\" src=\"http:\/\/www.techpro-digital.com\/wp-content\/uploads\/2016\/01\/EOS5DMarkIV-802x1024.png\" alt=\"eos5dmarkiv\" width=\"235\" height=\"300\" srcset=\"https:\/\/www.techpro-digital.com\/wp-content\/uploads\/2016\/01\/EOS5DMarkIV-802x1024.png 802w, https:\/\/www.techpro-digital.com\/wp-content\/uploads\/2016\/01\/EOS5DMarkIV-235x300.png 235w, https:\/\/www.techpro-digital.com\/wp-content\/uploads\/2016\/01\/EOS5DMarkIV-768x980.png 768w, https:\/\/www.techpro-digital.com\/wp-content\/uploads\/2016\/01\/EOS5DMarkIV-400x511.png 400w, https:\/\/www.techpro-digital.com\/wp-content\/uploads\/2016\/01\/EOS5DMarkIV-392x500.png 392w, https:\/\/www.techpro-digital.com\/wp-content\/uploads\/2016\/01\/EOS5DMarkIV.png 1100w\" sizes=\"(max-width: 235px) 100vw, 235px\" \/><\/a><\/td>\n<td align=\"left\" valign=\"top\"><strong>Le 5D Mark IV<\/strong> arrive avec un nouveau capteur 24x36 de 30 m\u00e9gapixels que Canon cr\u00e9dite d'une plage dynamique importante. Nous ne manquerons pas, d\u00e8s que possible, de v\u00e9rifier ce point, car au vu de ce que propose le 1Dx Mark II, le 5D Mark IV peut nous r\u00e9server de bonnes surprises.<\/p>\n<p>La rafale monte \u00e0 7 images\/seconde, loin donc des 14 i\/s du 1Dx Mark II, mais avec ses images de 30 Mpix, le 5D IV offre un excellent compromis entre r\u00e9activit\u00e9 et haute d\u00e9finition. L'autofocus poss\u00e8de 61 collimateurs dont 21 fonctionnant \u00e0 f\/8 et la mesure de lumi\u00e8re est confi\u00e9e au m\u00eame module 150.000 pixels RVB IR que celui du 1Dx II qui \u00e9value ici 252 zones diff\u00e9rentes.<\/p>\n<p>La vid\u00e9o est au format 4K (30p) avec enregistrement interne. La sortie HDMI permet de sortir un signal non compress\u00e9, mais uniquement en Full HD (pas en 4K). Un ralenti 120 i\/s est disponible au format HD720. \u00c9trangement, certaines fonctions vid\u00e9o (<em>zebra<\/em>\u00a0ou\u00a0<em>focus peaking<\/em>\u00a0par exemple) sont absentes.<\/p>\n<p>Le processeur est un Digic 6+ assist\u00e9 d'un Digic 6 et d'un processeur sp\u00e9cialis\u00e9 d\u00e9di\u00e9 aux corrections optiques embarqu\u00e9es. Celles-ci ont fait l'objet d'un soin particulier, m\u00eame des aberrations aussi sp\u00e9cifiques que la coma sont prises en compte directement par le bo\u00eetier.<\/p>\n<p>Cette puissance de traitement (ainsi qu'un signal capteur probablement assez propre) permet d'annoncer une sensibilit\u00e9 \"standard\" de 32.000 ISO avec une extension \u00e0 102.400 ISO.<\/td>\n<\/tr>\n<\/tbody>\n<\/table>\n","protected":false},"excerpt":{"rendered":"<p>Tweet&nbsp; &nbsp; DXO ONE &nbsp; Tout a d\u00e9j\u00e0 \u00e9t\u00e9 dit en long et large en travers, mais possesseur de ce bijoux depuis 3 mois&#8230;incontestablement DXO a r\u00e9ussi le mariage parfait entre qualit\u00e9 photo, compacit\u00e9 et intelligence logiciel. Quelque chose que les grandes maisons Nikon et Canon ont bien du mal \u00e0 int\u00e9grer dans leur super DSLR \u00e0 plus de 5000\u20ac. Parmi les plus du DXO, une sensibilit\u00e9 \u00e9quivalente \u00e0 celle des DSLR d&rsquo;entr\u00e9e de gamme, une r\u00e9solution de 20 Mo qui offre une bonne d\u00e9finition relatif \u00e0 la taille du capteur cad 1&Prime;&#8230;et puis l&rsquo;outil indispensable pour partir escapade sans [&hellip;]<\/p>\n","protected":false},"author":1,"featured_media":0,"parent":6329,"menu_order":0,"comment_status":"closed","ping_status":"closed","template":"","meta":[],"_links":{"self":[{"href":"https:\/\/www.techpro-digital.com\/index.php?rest_route=\/wp\/v2\/pages\/6048"}],"collection":[{"href":"https:\/\/www.techpro-digital.com\/index.php?rest_route=\/wp\/v2\/pages"}],"about":[{"href":"https:\/\/www.techpro-digital.com\/index.php?rest_route=\/wp\/v2\/types\/page"}],"author":[{"embeddable":true,"href":"https:\/\/www.techpro-digital.com\/index.php?rest_route=\/wp\/v2\/users\/1"}],"replies":[{"embeddable":true,"href":"https:\/\/www.techpro-digital.com\/index.php?rest_route=%2Fwp%2Fv2%2Fcomments&post=6048"}],"version-history":[{"count":23,"href":"https:\/\/www.techpro-digital.com\/index.php?rest_route=\/wp\/v2\/pages\/6048\/revisions"}],"predecessor-version":[{"id":6347,"href":"https:\/\/www.techpro-digital.com\/index.php?rest_route=\/wp\/v2\/pages\/6048\/revisions\/6347"}],"up":[{"embeddable":true,"href":"https:\/\/www.techpro-digital.com\/index.php?rest_route=\/wp\/v2\/pages\/6329"}],"wp:attachment":[{"href":"https:\/\/www.techpro-digital.com\/index.php?rest_route=%2Fwp%2Fv2%2Fmedia&parent=6048"}],"curies":[{"name":"wp","href":"https:\/\/api.w.org\/{rel}","templated":true}]}}