{"id":5917,"date":"2015-07-01T10:48:17","date_gmt":"2015-07-01T10:48:17","guid":{"rendered":"http:\/\/www.techpro-digital.com\/?page_id=5917"},"modified":"2016-02-13T17:34:25","modified_gmt":"2016-02-13T17:34:25","slug":"cms","status":"publish","type":"page","link":"https:\/\/www.techpro-digital.com\/?page_id=5917","title":{"rendered":"CMS"},"content":{"rendered":"<p><a href=\"http:\/\/twitter.com\/share?url=https%3A%2F%2Fwww.techpro-digital.com%2F%3Fpage_id%3D5917&amp;count=none&amp;text=CMS - TECHPRO-DIGITAL - Services PHOTO - VIDEO - POST PRODUCTION - CREATION - WEB\" class=\"twitter-share-button\">Tweet<\/a><\/p><p>Notre \u00e9quipe se fera un plaisir de vous accompagner dans la r\u00e9alisation de votre site web que ce soit un site personnalis\u00e9 ou un CMS afin de dynamiser votre communication et promouvoir l'image de votre marque.<\/p>\n<p><a href=\"http:\/\/www.techpro-digital.com\/wp-content\/uploads\/2015\/07\/content-management-benefits.jpg\" rel=\"attachment wp-att-6205\"><img loading=\"lazy\" class=\"aligncenter size-large wp-image-6205\" src=\"http:\/\/www.techpro-digital.com\/wp-content\/uploads\/2015\/07\/content-management-benefits-1024x637.jpg\" alt=\"content-management-benefits\" width=\"1024\" height=\"637\" srcset=\"https:\/\/www.techpro-digital.com\/wp-content\/uploads\/2015\/07\/content-management-benefits-1024x637.jpg 1024w, https:\/\/www.techpro-digital.com\/wp-content\/uploads\/2015\/07\/content-management-benefits-300x187.jpg 300w, https:\/\/www.techpro-digital.com\/wp-content\/uploads\/2015\/07\/content-management-benefits-768x478.jpg 768w, https:\/\/www.techpro-digital.com\/wp-content\/uploads\/2015\/07\/content-management-benefits-400x249.jpg 400w, https:\/\/www.techpro-digital.com\/wp-content\/uploads\/2015\/07\/content-management-benefits-804x500.jpg 804w, https:\/\/www.techpro-digital.com\/wp-content\/uploads\/2015\/07\/content-management-benefits.jpg 1596w\" sizes=\"(max-width: 1024px) 100vw, 1024px\" \/><\/a><\/p>\n<p>Quand on sait que 80% des ventes toute marque \u00e0 travers le monde passe par un site, un CMS devient la pierre angulaire de la strat\u00e9gie digitale.<\/p>\n<p><a href=\"http:\/\/www.techpro-digital.com\/wp-content\/uploads\/2015\/07\/Content-Management-System.jpg\" rel=\"attachment wp-att-6207\"><img loading=\"lazy\" class=\"aligncenter size-full wp-image-6207\" src=\"http:\/\/www.techpro-digital.com\/wp-content\/uploads\/2015\/07\/Content-Management-System.jpg\" alt=\"Content-Management-System\" width=\"650\" height=\"435\" srcset=\"https:\/\/www.techpro-digital.com\/wp-content\/uploads\/2015\/07\/Content-Management-System.jpg 650w, https:\/\/www.techpro-digital.com\/wp-content\/uploads\/2015\/07\/Content-Management-System-300x201.jpg 300w, https:\/\/www.techpro-digital.com\/wp-content\/uploads\/2015\/07\/Content-Management-System-400x268.jpg 400w\" sizes=\"(max-width: 650px) 100vw, 650px\" \/><\/a><\/p>\n<p>Nous avons des comp\u00e9tences dans tous les types de CMS, WordPress, Joomla, Drupal, Jahia sans oublier les plates formes de e-commerce via Magenta ou Presta-Shop.<\/p>\n<p><img loading=\"lazy\" class=\"aligncenter size-full wp-image-6206\" src=\"http:\/\/www.techpro-digital.com\/wp-content\/uploads\/2015\/07\/CMS-Web-Development.png\" alt=\"CMS-Web-Development\" width=\"960\" height=\"295\" srcset=\"https:\/\/www.techpro-digital.com\/wp-content\/uploads\/2015\/07\/CMS-Web-Development.png 960w, https:\/\/www.techpro-digital.com\/wp-content\/uploads\/2015\/07\/CMS-Web-Development-300x92.png 300w, https:\/\/www.techpro-digital.com\/wp-content\/uploads\/2015\/07\/CMS-Web-Development-768x236.png 768w, https:\/\/www.techpro-digital.com\/wp-content\/uploads\/2015\/07\/CMS-Web-Development-400x123.png 400w\" sizes=\"(max-width: 960px) 100vw, 960px\" \/><\/p>\n<p>&nbsp;<\/p>\n<p>Une telle strat\u00e9gie web vous permettra de fluidifier vos processes marketing, am\u00e9liorer la communication et la diffusion de la marque sur les r\u00e9seaux sociaux.<\/p>\n<p>&nbsp;<\/p>\n<p><a href=\"http:\/\/www.techpro-digital.com\/wp-content\/uploads\/2015\/07\/Content_Management_System.png\" rel=\"attachment wp-att-6209\"><img loading=\"lazy\" class=\"aligncenter size-large wp-image-6209\" src=\"http:\/\/www.techpro-digital.com\/wp-content\/uploads\/2015\/07\/Content_Management_System-1024x378.png\" alt=\"Content_Management_System\" width=\"1024\" height=\"378\" srcset=\"https:\/\/www.techpro-digital.com\/wp-content\/uploads\/2015\/07\/Content_Management_System-1024x378.png 1024w, https:\/\/www.techpro-digital.com\/wp-content\/uploads\/2015\/07\/Content_Management_System-300x111.png 300w, https:\/\/www.techpro-digital.com\/wp-content\/uploads\/2015\/07\/Content_Management_System-768x284.png 768w, https:\/\/www.techpro-digital.com\/wp-content\/uploads\/2015\/07\/Content_Management_System-400x148.png 400w, https:\/\/www.techpro-digital.com\/wp-content\/uploads\/2015\/07\/Content_Management_System.png 1280w\" sizes=\"(max-width: 1024px) 100vw, 1024px\" \/><\/a><\/p>\n","protected":false},"excerpt":{"rendered":"<p>TweetNotre \u00e9quipe se fera un plaisir de vous accompagner dans la r\u00e9alisation de votre site web que ce soit un site personnalis\u00e9 ou un CMS afin de dynamiser votre communication et promouvoir l&rsquo;image de votre marque. Quand on sait que 80% des ventes toute marque \u00e0 travers le monde passe par un site, un CMS devient la pierre angulaire de la strat\u00e9gie digitale. Nous avons des comp\u00e9tences dans tous les types de CMS, WordPress, Joomla, Drupal, Jahia sans oublier les plates formes de e-commerce via Magenta ou Presta-Shop. &nbsp; Une telle strat\u00e9gie web vous permettra de fluidifier vos processes marketing, [&hellip;]<\/p>\n","protected":false},"author":1,"featured_media":0,"parent":5738,"menu_order":0,"comment_status":"open","ping_status":"open","template":"","meta":[],"_links":{"self":[{"href":"https:\/\/www.techpro-digital.com\/index.php?rest_route=\/wp\/v2\/pages\/5917"}],"collection":[{"href":"https:\/\/www.techpro-digital.com\/index.php?rest_route=\/wp\/v2\/pages"}],"about":[{"href":"https:\/\/www.techpro-digital.com\/index.php?rest_route=\/wp\/v2\/types\/page"}],"author":[{"embeddable":true,"href":"https:\/\/www.techpro-digital.com\/index.php?rest_route=\/wp\/v2\/users\/1"}],"replies":[{"embeddable":true,"href":"https:\/\/www.techpro-digital.com\/index.php?rest_route=%2Fwp%2Fv2%2Fcomments&post=5917"}],"version-history":[{"count":3,"href":"https:\/\/www.techpro-digital.com\/index.php?rest_route=\/wp\/v2\/pages\/5917\/revisions"}],"predecessor-version":[{"id":6210,"href":"https:\/\/www.techpro-digital.com\/index.php?rest_route=\/wp\/v2\/pages\/5917\/revisions\/6210"}],"up":[{"embeddable":true,"href":"https:\/\/www.techpro-digital.com\/index.php?rest_route=\/wp\/v2\/pages\/5738"}],"wp:attachment":[{"href":"https:\/\/www.techpro-digital.com\/index.php?rest_route=%2Fwp%2Fv2%2Fmedia&parent=5917"}],"curies":[{"name":"wp","href":"https:\/\/api.w.org\/{rel}","templated":true}]}}