{"id":5914,"date":"2015-07-01T10:47:39","date_gmt":"2015-07-01T10:47:39","guid":{"rendered":"http:\/\/www.techpro-digital.com\/?page_id=5914"},"modified":"2016-02-06T23:50:46","modified_gmt":"2016-02-06T23:50:46","slug":"pim","status":"publish","type":"page","link":"https:\/\/www.techpro-digital.com\/?page_id=5914","title":{"rendered":"PIM"},"content":{"rendered":"<p><a href=\"http:\/\/twitter.com\/share?url=https%3A%2F%2Fwww.techpro-digital.com%2F%3Fpage_id%3D5914&amp;count=none&amp;text=PIM - TECHPRO-DIGITAL - Services PHOTO - VIDEO - POST PRODUCTION - CREATION - WEB\" class=\"twitter-share-button\">Tweet<\/a><\/p><h1 id=\"firstHeading\" class=\"firstHeading\" lang=\"fr\">Product information management<\/h1>\n<div id=\"bodyContent\" class=\"mw-body-content\">\n<div id=\"mw-content-text\" class=\"mw-content-ltr\" dir=\"ltr\" lang=\"fr\">\n<p>Le\u00a0<b>product information management<\/b>\u00a0ou\u00a0<b>gestion de l'information produit<\/b>\u00a0(<b>PIM<\/b>\u00a0ou\u00a0<b>GIP<\/b>) est une technologie de gestion centralis\u00e9e de l\u2019information sur un produit en vue d'assurer une distribution efficace et pr\u00e9cise de cette information.<\/p>\n<h4><span id=\"Origines\" class=\"mw-headline\">Origines<\/span><\/h4>\n<p>Souvent, au sein des entreprises, les informations produits li\u00e9es \u00e0 un catalogue sont stock\u00e9es dans diff\u00e9rents endroits, parfois dans diff\u00e9rents services avec des interlocuteurs multiples. Au mieux, ces donn\u00e9es sont entr\u00e9es sur des tableurs quand ce n\u2019est pas directement dans des logiciels de traitement de texte. Pour des catalogues importants ou tr\u00e8s techniques, arriver \u00e0 maintenir un niveau d\u2019information fiable devient rapidement fastidieux et co\u00fbteux. Or les entreprises se sont aper\u00e7ues que les cons\u00e9quences d\u2019une information erron\u00e9e pouvaient \u00eatre importantes que ce soit pour des raisons juridiques, techniques, commerciales ou marketing.<\/p>\n<p>La notion de PIM (Product Information Management) est n\u00e9e dans l\u2019industrie aux \u00c9tats-Unis avec l\u2019internet et la globalisation des \u00e9changes. Pour assembler les pi\u00e8ces d\u2019un ordinateur ou d\u2019un avion, un constructeur doit \u00e0 tout moment avoir acc\u00e8s \u00e0 une information fiable et \u00e0 jour sur tous les \u00e9l\u00e9ments qui composent son produit final. Un v\u00e9ritable casse-t\u00eate lorsqu\u2019il s\u2019agit d\u2019\u00e9l\u00e9ments tr\u00e8s techniques en provenance du monde entier.<\/p>\n<p>Un PIM permet de centraliser les acc\u00e8s aux donn\u00e9es, et de fournir des interfaces automatis\u00e9es de maintien ou de consommation de donn\u00e9es (imports, exports, production de support, ...)<\/p>\n<h2><span id=\"Usages_des_logiciels_de_PIM\" class=\"mw-headline\">Usages des logiciels de PIM<\/span><\/h2>\n<h3><span id=\"Catalogues_.C3.A9lectroniques\" class=\"mw-headline\">Catalogues \u00e9lectroniques<\/span><\/h3>\n<p>Les ERPs\u00a0peuvent charger les donn\u00e9es de produits des fournisseurs \u00e0 partir de catalogues \u00e9lectroniques (tableurs ou flux \u00e9lectroniques standardis\u00e9s). Un PIM produit les catalogues \u00e9lectroniques et peut s'interconnecter avec les syst\u00e8mes des<br \/>\nclients et fournisseurs.<\/p>\n<h3><span id=\"Sites_Web_-_sites_de_ventes_en_ligne\" class=\"mw-headline\">Sites Web - sites de ventes en ligne<\/span><\/h3>\n<p>Un PIM peut comporter un module de production de boutique en ligne, personnalisable, ce qui permet un d\u00e9veloppement \u00e0 moindre co\u00fbt et utilisant constamment des donn\u00e9es \u00e0 jour.<\/p>\n<p>Nous pouvons int\u00e9grer des PIMs du monde Open Source notamment <a href=\"http:\/\/www.pimcore.org\" target=\"_blank\">PIMCore<\/a><\/p>\n<\/div>\n<p><a href=\"http:\/\/www.techpro-digital.com\/wp-content\/uploads\/2015\/07\/Screenshot-2016-02-07-00.46.03.png\" rel=\"attachment wp-att-6127\"><img loading=\"lazy\" class=\"aligncenter size-large wp-image-6127\" src=\"http:\/\/www.techpro-digital.com\/wp-content\/uploads\/2015\/07\/Screenshot-2016-02-07-00.46.03-1024x644.png\" alt=\"Screenshot 2016-02-07 00.46.03\" width=\"1024\" height=\"644\" srcset=\"https:\/\/www.techpro-digital.com\/wp-content\/uploads\/2015\/07\/Screenshot-2016-02-07-00.46.03-1024x644.png 1024w, https:\/\/www.techpro-digital.com\/wp-content\/uploads\/2015\/07\/Screenshot-2016-02-07-00.46.03-300x189.png 300w, https:\/\/www.techpro-digital.com\/wp-content\/uploads\/2015\/07\/Screenshot-2016-02-07-00.46.03-768x483.png 768w, https:\/\/www.techpro-digital.com\/wp-content\/uploads\/2015\/07\/Screenshot-2016-02-07-00.46.03-400x252.png 400w, https:\/\/www.techpro-digital.com\/wp-content\/uploads\/2015\/07\/Screenshot-2016-02-07-00.46.03-795x500.png 795w\" sizes=\"(max-width: 1024px) 100vw, 1024px\" \/><\/a><\/p>\n<\/div>\n<p><a href=\"http:\/\/www.techpro-digital.com\/wp-content\/uploads\/2015\/07\/Screenshot-2016-02-07-00.42.33.png\" rel=\"attachment wp-att-6125\"><img loading=\"lazy\" class=\"aligncenter size-large wp-image-6125\" src=\"http:\/\/www.techpro-digital.com\/wp-content\/uploads\/2015\/07\/Screenshot-2016-02-07-00.42.33-1024x644.png\" alt=\"Screenshot 2016-02-07 00.42.33\" width=\"1024\" height=\"644\" srcset=\"https:\/\/www.techpro-digital.com\/wp-content\/uploads\/2015\/07\/Screenshot-2016-02-07-00.42.33-1024x644.png 1024w, https:\/\/www.techpro-digital.com\/wp-content\/uploads\/2015\/07\/Screenshot-2016-02-07-00.42.33-300x189.png 300w, https:\/\/www.techpro-digital.com\/wp-content\/uploads\/2015\/07\/Screenshot-2016-02-07-00.42.33-768x483.png 768w, https:\/\/www.techpro-digital.com\/wp-content\/uploads\/2015\/07\/Screenshot-2016-02-07-00.42.33-400x252.png 400w, https:\/\/www.techpro-digital.com\/wp-content\/uploads\/2015\/07\/Screenshot-2016-02-07-00.42.33-795x500.png 795w\" sizes=\"(max-width: 1024px) 100vw, 1024px\" \/><\/a><\/p>\n<p>&nbsp;<\/p>\n<p><a href=\"http:\/\/www.techpro-digital.com\/wp-content\/uploads\/2015\/07\/Screenshot-2016-02-07-00.43.46.png\" rel=\"attachment wp-att-6126\"><img loading=\"lazy\" class=\"aligncenter size-large wp-image-6126\" src=\"http:\/\/www.techpro-digital.com\/wp-content\/uploads\/2015\/07\/Screenshot-2016-02-07-00.43.46-1024x644.png\" alt=\"Screenshot 2016-02-07 00.43.46\" width=\"1024\" height=\"644\" srcset=\"https:\/\/www.techpro-digital.com\/wp-content\/uploads\/2015\/07\/Screenshot-2016-02-07-00.43.46-1024x644.png 1024w, https:\/\/www.techpro-digital.com\/wp-content\/uploads\/2015\/07\/Screenshot-2016-02-07-00.43.46-300x189.png 300w, https:\/\/www.techpro-digital.com\/wp-content\/uploads\/2015\/07\/Screenshot-2016-02-07-00.43.46-768x483.png 768w, https:\/\/www.techpro-digital.com\/wp-content\/uploads\/2015\/07\/Screenshot-2016-02-07-00.43.46-400x252.png 400w, https:\/\/www.techpro-digital.com\/wp-content\/uploads\/2015\/07\/Screenshot-2016-02-07-00.43.46-795x500.png 795w\" sizes=\"(max-width: 1024px) 100vw, 1024px\" \/><\/a><\/p>\n<div id=\"bodyContent\" class=\"mw-body-content\">\n<div id=\"mw-content-text\" class=\"mw-content-ltr\" dir=\"ltr\" lang=\"fr\">\n<p>&nbsp;<\/p>\n<\/div>\n<\/div>\n","protected":false},"excerpt":{"rendered":"<p>TweetProduct information management Le\u00a0product information management\u00a0ou\u00a0gestion de l&rsquo;information produit\u00a0(PIM\u00a0ou\u00a0GIP) est une technologie de gestion centralis\u00e9e de l\u2019information sur un produit en vue d&rsquo;assurer une distribution efficace et pr\u00e9cise de cette information. Origines Souvent, au sein des entreprises, les informations produits li\u00e9es \u00e0 un catalogue sont stock\u00e9es dans diff\u00e9rents endroits, parfois dans diff\u00e9rents services avec des interlocuteurs multiples. Au mieux, ces donn\u00e9es sont entr\u00e9es sur des tableurs quand ce n\u2019est pas directement dans des logiciels de traitement de texte. Pour des catalogues importants ou tr\u00e8s techniques, arriver \u00e0 maintenir un niveau d\u2019information fiable devient rapidement fastidieux et co\u00fbteux. Or les entreprises [&hellip;]<\/p>\n","protected":false},"author":1,"featured_media":0,"parent":5738,"menu_order":0,"comment_status":"open","ping_status":"open","template":"","meta":[],"_links":{"self":[{"href":"https:\/\/www.techpro-digital.com\/index.php?rest_route=\/wp\/v2\/pages\/5914"}],"collection":[{"href":"https:\/\/www.techpro-digital.com\/index.php?rest_route=\/wp\/v2\/pages"}],"about":[{"href":"https:\/\/www.techpro-digital.com\/index.php?rest_route=\/wp\/v2\/types\/page"}],"author":[{"embeddable":true,"href":"https:\/\/www.techpro-digital.com\/index.php?rest_route=\/wp\/v2\/users\/1"}],"replies":[{"embeddable":true,"href":"https:\/\/www.techpro-digital.com\/index.php?rest_route=%2Fwp%2Fv2%2Fcomments&post=5914"}],"version-history":[{"count":6,"href":"https:\/\/www.techpro-digital.com\/index.php?rest_route=\/wp\/v2\/pages\/5914\/revisions"}],"predecessor-version":[{"id":6128,"href":"https:\/\/www.techpro-digital.com\/index.php?rest_route=\/wp\/v2\/pages\/5914\/revisions\/6128"}],"up":[{"embeddable":true,"href":"https:\/\/www.techpro-digital.com\/index.php?rest_route=\/wp\/v2\/pages\/5738"}],"wp:attachment":[{"href":"https:\/\/www.techpro-digital.com\/index.php?rest_route=%2Fwp%2Fv2%2Fmedia&parent=5914"}],"curies":[{"name":"wp","href":"https:\/\/api.w.org\/{rel}","templated":true}]}}