{"id":5912,"date":"2015-07-01T10:47:26","date_gmt":"2015-07-01T10:47:26","guid":{"rendered":"http:\/\/www.techpro-digital.com\/?page_id=5912"},"modified":"2016-02-13T17:07:59","modified_gmt":"2016-02-13T17:07:59","slug":"adobe-suite-cc","status":"publish","type":"page","link":"https:\/\/www.techpro-digital.com\/?page_id=5912","title":{"rendered":"Adobe Suite CC"},"content":{"rendered":"<p><a href=\"http:\/\/twitter.com\/share?url=https%3A%2F%2Fwww.techpro-digital.com%2F%3Fpage_id%3D5912&amp;count=none&amp;text=Adobe Suite CC - TECHPRO-DIGITAL - Services PHOTO - VIDEO - POST PRODUCTION - CREATION - WEB\" class=\"twitter-share-button\">Tweet<\/a><\/p><p>Notre \u00e9quipe est sp\u00e9cialiste dans toute l'offre cr\u00e9ative propos\u00e9e pat Adobe \u00e0 travers sa suite Cr\u00e9ative Cloud.<\/p>\n<p>Depuis plus de 25 ans nous travaillons l'ensemble de la suite cr\u00e9ative aussi bien sur les solutions de production pr\u00e9-presse:<\/p>\n<ul>\n<li>Indesign : Pour la r\u00e9alisation de tout vos supports de communication, plaquettes, flyers, catalogues, carte de visite.<\/li>\n<li>Illustrator: Pour la cr\u00e9ation et r\u00e9alisation de logos, ou tout objet vectoriel.<\/li>\n<li>Photoshop: Nous pouvons vous proposer tout type de cr\u00e9ation, photo montage...<\/li>\n<\/ul>\n<p>&nbsp;<\/p>\n<p><a href=\"http:\/\/www.techpro-digital.com\/wp-content\/uploads\/2015\/07\/Adobe-Suite-expertises.jpg\" rel=\"attachment wp-att-6199\"><img loading=\"lazy\" class=\"aligncenter size-large wp-image-6199\" src=\"http:\/\/www.techpro-digital.com\/wp-content\/uploads\/2015\/07\/Adobe-Suite-expertises-1024x683.jpg\" alt=\"Adobe Suite expertises\" width=\"1024\" height=\"683\" srcset=\"https:\/\/www.techpro-digital.com\/wp-content\/uploads\/2015\/07\/Adobe-Suite-expertises.jpg 1024w, https:\/\/www.techpro-digital.com\/wp-content\/uploads\/2015\/07\/Adobe-Suite-expertises-300x200.jpg 300w, https:\/\/www.techpro-digital.com\/wp-content\/uploads\/2015\/07\/Adobe-Suite-expertises-768x512.jpg 768w, https:\/\/www.techpro-digital.com\/wp-content\/uploads\/2015\/07\/Adobe-Suite-expertises-400x267.jpg 400w, https:\/\/www.techpro-digital.com\/wp-content\/uploads\/2015\/07\/Adobe-Suite-expertises-750x500.jpg 750w\" sizes=\"(max-width: 1024px) 100vw, 1024px\" \/><\/a><\/p>\n<p>&nbsp;<\/p>\n","protected":false},"excerpt":{"rendered":"<p>TweetNotre \u00e9quipe est sp\u00e9cialiste dans toute l&rsquo;offre cr\u00e9ative propos\u00e9e pat Adobe \u00e0 travers sa suite Cr\u00e9ative Cloud. Depuis plus de 25 ans nous travaillons l&rsquo;ensemble de la suite cr\u00e9ative aussi bien sur les solutions de production pr\u00e9-presse: Indesign : Pour la r\u00e9alisation de tout vos supports de communication, plaquettes, flyers, catalogues, carte de visite. Illustrator: Pour la cr\u00e9ation et r\u00e9alisation de logos, ou tout objet vectoriel. Photoshop: Nous pouvons vous proposer tout type de cr\u00e9ation, photo montage&#8230; &nbsp; &nbsp;<\/p>\n","protected":false},"author":1,"featured_media":0,"parent":5738,"menu_order":0,"comment_status":"open","ping_status":"open","template":"","meta":[],"_links":{"self":[{"href":"https:\/\/www.techpro-digital.com\/index.php?rest_route=\/wp\/v2\/pages\/5912"}],"collection":[{"href":"https:\/\/www.techpro-digital.com\/index.php?rest_route=\/wp\/v2\/pages"}],"about":[{"href":"https:\/\/www.techpro-digital.com\/index.php?rest_route=\/wp\/v2\/types\/page"}],"author":[{"embeddable":true,"href":"https:\/\/www.techpro-digital.com\/index.php?rest_route=\/wp\/v2\/users\/1"}],"replies":[{"embeddable":true,"href":"https:\/\/www.techpro-digital.com\/index.php?rest_route=%2Fwp%2Fv2%2Fcomments&post=5912"}],"version-history":[{"count":5,"href":"https:\/\/www.techpro-digital.com\/index.php?rest_route=\/wp\/v2\/pages\/5912\/revisions"}],"predecessor-version":[{"id":6201,"href":"https:\/\/www.techpro-digital.com\/index.php?rest_route=\/wp\/v2\/pages\/5912\/revisions\/6201"}],"up":[{"embeddable":true,"href":"https:\/\/www.techpro-digital.com\/index.php?rest_route=\/wp\/v2\/pages\/5738"}],"wp:attachment":[{"href":"https:\/\/www.techpro-digital.com\/index.php?rest_route=%2Fwp%2Fv2%2Fmedia&parent=5912"}],"curies":[{"name":"wp","href":"https:\/\/api.w.org\/{rel}","templated":true}]}}