{"id":5910,"date":"2015-07-01T10:46:58","date_gmt":"2015-07-01T10:46:58","guid":{"rendered":"http:\/\/www.techpro-digital.com\/?page_id=5910"},"modified":"2016-02-07T22:46:17","modified_gmt":"2016-02-07T22:46:17","slug":"publication-numerique","status":"publish","type":"page","link":"https:\/\/www.techpro-digital.com\/?page_id=5910","title":{"rendered":"Publication Num\u00e9rique"},"content":{"rendered":"<p><a href=\"http:\/\/twitter.com\/share?url=https%3A%2F%2Fwww.techpro-digital.com%2F%3Fpage_id%3D5910&amp;count=none&amp;text=Publication Num\u00e9rique - TECHPRO-DIGITAL - Services PHOTO - VIDEO - POST PRODUCTION - CREATION - WEB\" class=\"twitter-share-button\">Tweet<\/a><\/p><p>Aujourd'hui la publication num\u00e9rique est centr\u00e9e sur 2 canaux de publications :<\/p>\n<ul>\n<li>La Catalogue interactif, si possible en HTML5 et qui offre aujourd'hui des fonctionalit\u00e9s avanc\u00e9es, compatible sur les environnements mobiles.<\/li>\n<li>L'application d\u00e9di\u00e9e iOs, Android, Windows.<\/li>\n<\/ul>\n<p>En terme de mise en place, la premi\u00e8re se fait de fa\u00e7on plut\u00f4t rapide et peu couteuse. La deuxi\u00e8me demande des budgets plus conc\u00e9cants.<\/p>\n<p>TECHPRO-DIGITAL peut r\u00e9aliser votre <strong><a href=\"http:\/\/es4-cloud.com\/Mag19\/\" target=\"_blank\">Catalogue interactif<\/a><\/strong>, quelque soit votre besoin, brochure, magazine, catalogue grande distribution avec tout l'enrichissement possible.<\/p>\n<p>&nbsp;<\/p>\n<p><a href=\"http:\/\/www.techpro-digital.com\/wp-content\/uploads\/2015\/07\/Screenshot-2016-02-07-23.32.17.png\" rel=\"attachment wp-att-6136\"><img loading=\"lazy\" class=\"aligncenter size-large wp-image-6136\" src=\"http:\/\/www.techpro-digital.com\/wp-content\/uploads\/2015\/07\/Screenshot-2016-02-07-23.32.17-1024x634.png\" alt=\"Screenshot 2016-02-07 23.32.17\" width=\"1024\" height=\"634\" srcset=\"https:\/\/www.techpro-digital.com\/wp-content\/uploads\/2015\/07\/Screenshot-2016-02-07-23.32.17-1024x634.png 1024w, https:\/\/www.techpro-digital.com\/wp-content\/uploads\/2015\/07\/Screenshot-2016-02-07-23.32.17-300x186.png 300w, https:\/\/www.techpro-digital.com\/wp-content\/uploads\/2015\/07\/Screenshot-2016-02-07-23.32.17-768x475.png 768w, https:\/\/www.techpro-digital.com\/wp-content\/uploads\/2015\/07\/Screenshot-2016-02-07-23.32.17-400x248.png 400w, https:\/\/www.techpro-digital.com\/wp-content\/uploads\/2015\/07\/Screenshot-2016-02-07-23.32.17-808x500.png 808w\" sizes=\"(max-width: 1024px) 100vw, 1024px\" \/><\/a><\/p>\n<p>&nbsp;<\/p>\n<p>Dans le cadre de la mise en place de solution plus professionnelle nous travaillons avec les solution d'Aquafadas un des leaders sur le march\u00e9 de la e-publication et qui offre les solutions les moins couteuses et les plus avanc\u00e9es techniquement du march\u00e9.<\/p>\n<p>&nbsp;<\/p>\n<p>&nbsp;<\/p>\n<p><a href=\"http:\/\/www.techpro-digital.com\/wp-content\/uploads\/2015\/07\/Aqua-Fond1.png\" rel=\"attachment wp-att-6138\"><img loading=\"lazy\" class=\"aligncenter size-large wp-image-6138\" src=\"http:\/\/www.techpro-digital.com\/wp-content\/uploads\/2015\/07\/Aqua-Fond1-1024x369.png\" alt=\"Aqua Fond1\" width=\"1024\" height=\"369\" srcset=\"https:\/\/www.techpro-digital.com\/wp-content\/uploads\/2015\/07\/Aqua-Fond1-1024x369.png 1024w, https:\/\/www.techpro-digital.com\/wp-content\/uploads\/2015\/07\/Aqua-Fond1-300x108.png 300w, https:\/\/www.techpro-digital.com\/wp-content\/uploads\/2015\/07\/Aqua-Fond1-768x276.png 768w, https:\/\/www.techpro-digital.com\/wp-content\/uploads\/2015\/07\/Aqua-Fond1-400x144.png 400w, https:\/\/www.techpro-digital.com\/wp-content\/uploads\/2015\/07\/Aqua-Fond1-1389x500.png 1389w\" sizes=\"(max-width: 1024px) 100vw, 1024px\" \/><\/a><\/p>\n<p>&nbsp;<\/p>\n<p>Les solutions du catalogue sont pour les commercants voulant stimuler leurs ventes et d\u00e9velopper leur client\u00e8le avec une application de catalogue num\u00e9rique puissante con\u00e7u pour les tablettes, les smartphones et le web. Le\u00a0Syst\u00e8me de Publication Num\u00e9rique de chez Aquafadas est con\u00e7u pour s'adapter aux diff\u00e9rentes tailles de business. En proposant \u00e0 la fois des options pr\u00eates \u00e0 l'emploi et la possibilit\u00e9 de personnaliser les applications, Aquafadas vous permet de contr\u00f4ler votre projet et l'investissement qu'il n\u00e9cessite.<\/p>\n<p class=\"text-small\"><a href=\"http:\/\/www.techpro-digital.com\/wp-content\/uploads\/2015\/07\/Aqua-Fond2.jpeg\" rel=\"attachment wp-att-6140\"><img loading=\"lazy\" class=\"aligncenter size-large wp-image-6140\" src=\"http:\/\/www.techpro-digital.com\/wp-content\/uploads\/2015\/07\/Aqua-Fond2-1024x422.jpeg\" alt=\"Aqua Fond2\" width=\"1024\" height=\"422\" srcset=\"https:\/\/www.techpro-digital.com\/wp-content\/uploads\/2015\/07\/Aqua-Fond2-1024x422.jpeg 1024w, https:\/\/www.techpro-digital.com\/wp-content\/uploads\/2015\/07\/Aqua-Fond2-300x124.jpeg 300w, https:\/\/www.techpro-digital.com\/wp-content\/uploads\/2015\/07\/Aqua-Fond2-768x317.jpeg 768w, https:\/\/www.techpro-digital.com\/wp-content\/uploads\/2015\/07\/Aqua-Fond2-400x165.jpeg 400w, https:\/\/www.techpro-digital.com\/wp-content\/uploads\/2015\/07\/Aqua-Fond2-1213x500.jpeg 1213w, https:\/\/www.techpro-digital.com\/wp-content\/uploads\/2015\/07\/Aqua-Fond2.jpeg 1487w\" sizes=\"(max-width: 1024px) 100vw, 1024px\" \/><\/a><\/p>\n<p class=\"text-small\">Avec le Syst\u00e8me de Publication Num\u00e9rique d'Aquafadas, vous pouvez cr\u00e9er facilement :<\/p>\n<ul class=\"text-small\">\n<li class=\"text-left\">\u00a0Applications mobile<\/li>\n<li class=\"text-left\">\u00a0Brochures et catalogues<\/li>\n<li class=\"text-left\">\u00a0Pr\u00e9sentations commerciales et marketing<\/li>\n<li class=\"text-left\">\u00a0Documentations techniques<\/li>\n<li class=\"text-left\">\u00a0Communication interne<\/li>\n<\/ul>\n<p class=\"text-small\">Toutes les publications num\u00e9riques que vous cr\u00e9ez avec Aquafadas sont enti\u00e8rement \u00e0 vos couleurs, interactives et fluides. Cr\u00e9ez vos apps sans \u00e9crire une ligne de code, ou utilisez notre SDK pour des projets tr\u00e8s sp\u00e9cifiques.<\/p>\n<p class=\"text-small\">B\u00e9n\u00e9ficiez d' options marketing orient\u00e9es business. Telles que :<\/p>\n<ul class=\"text-small\">\n<li class=\"text-left\">\u00a0Int\u00e9gration dans un site e-commerce<\/li>\n<li class=\"text-left\">\u00a0Achat hors connexion<\/li>\n<li class=\"text-left\">\u00a0Liaison avec les stocks<\/li>\n<li class=\"text-left\">\u00a0Int\u00e9gration avec Appboy<\/li>\n<\/ul>\n<p class=\"text-small\">Contactez-nous pour en savoir plus sur l'utilisation de ces options avanc\u00e9es.<\/p>\n<p class=\"text-small\">\n<p><center><\/p>\n<p class=\"text-small\"><a href=\"http:\/\/www.aquafadas.com\" target=\"_blank\" rel=\"attachment wp-att-6141\"><img loading=\"lazy\" class=\"wp-image-6141 alignnone\" src=\"http:\/\/www.techpro-digital.com\/wp-content\/uploads\/2015\/07\/Aqua-Logo-1.png\" alt=\"Aqua Logo\" width=\"254\" height=\"101\" \/><\/a><\/p>\n<p><\/center><\/p>\n","protected":false},"excerpt":{"rendered":"<p>TweetAujourd&rsquo;hui la publication num\u00e9rique est centr\u00e9e sur 2 canaux de publications : La Catalogue interactif, si possible en HTML5 et qui offre aujourd&rsquo;hui des fonctionalit\u00e9s avanc\u00e9es, compatible sur les environnements mobiles. L&rsquo;application d\u00e9di\u00e9e iOs, Android, Windows. En terme de mise en place, la premi\u00e8re se fait de fa\u00e7on plut\u00f4t rapide et peu couteuse. La deuxi\u00e8me demande des budgets plus conc\u00e9cants. TECHPRO-DIGITAL peut r\u00e9aliser votre Catalogue interactif, quelque soit votre besoin, brochure, magazine, catalogue grande distribution avec tout l&rsquo;enrichissement possible. &nbsp; &nbsp; Dans le cadre de la mise en place de solution plus professionnelle nous travaillons avec les solution d&rsquo;Aquafadas un [&hellip;]<\/p>\n","protected":false},"author":1,"featured_media":0,"parent":5738,"menu_order":0,"comment_status":"open","ping_status":"open","template":"","meta":[],"_links":{"self":[{"href":"https:\/\/www.techpro-digital.com\/index.php?rest_route=\/wp\/v2\/pages\/5910"}],"collection":[{"href":"https:\/\/www.techpro-digital.com\/index.php?rest_route=\/wp\/v2\/pages"}],"about":[{"href":"https:\/\/www.techpro-digital.com\/index.php?rest_route=\/wp\/v2\/types\/page"}],"author":[{"embeddable":true,"href":"https:\/\/www.techpro-digital.com\/index.php?rest_route=\/wp\/v2\/users\/1"}],"replies":[{"embeddable":true,"href":"https:\/\/www.techpro-digital.com\/index.php?rest_route=%2Fwp%2Fv2%2Fcomments&post=5910"}],"version-history":[{"count":10,"href":"https:\/\/www.techpro-digital.com\/index.php?rest_route=\/wp\/v2\/pages\/5910\/revisions"}],"predecessor-version":[{"id":6144,"href":"https:\/\/www.techpro-digital.com\/index.php?rest_route=\/wp\/v2\/pages\/5910\/revisions\/6144"}],"up":[{"embeddable":true,"href":"https:\/\/www.techpro-digital.com\/index.php?rest_route=\/wp\/v2\/pages\/5738"}],"wp:attachment":[{"href":"https:\/\/www.techpro-digital.com\/index.php?rest_route=%2Fwp%2Fv2%2Fmedia&parent=5910"}],"curies":[{"name":"wp","href":"https:\/\/api.w.org\/{rel}","templated":true}]}}