{"id":5908,"date":"2015-07-01T10:46:15","date_gmt":"2015-07-01T10:46:15","guid":{"rendered":"http:\/\/www.techpro-digital.com\/?page_id=5908"},"modified":"2016-01-10T23:42:15","modified_gmt":"2016-01-10T23:42:15","slug":"dam","status":"publish","type":"page","link":"https:\/\/www.techpro-digital.com\/?page_id=5908","title":{"rendered":"DAM"},"content":{"rendered":"<p><a href=\"http:\/\/twitter.com\/share?url=https%3A%2F%2Fwww.techpro-digital.com%2F%3Fpage_id%3D5908&amp;count=none&amp;text=DAM - TECHPRO-DIGITAL - Services PHOTO - VIDEO - POST PRODUCTION - CREATION - WEB\" class=\"twitter-share-button\">Tweet<\/a><\/p><div class=\"page\" title=\"Page 4\">\n<div class=\"section\">\n<div class=\"layoutArea\">\n<div class=\"column\">\n<p><strong>Introduction<\/strong><\/p>\n<p><strong>Qu\u2019est-ce que la gestion des ressources num\u00e9riques ?<\/strong><\/p>\n<p>La gestion des ressources num\u00e9riques consiste \u00e0 g\u00e9rer et \u00e0 distribuer des ressources num\u00e9riques, telles que des images, textes, chiers cr\u00e9atifs, clips vid\u00e9o et chiers audio. Gr\u00e2ce aux solutions de gestion des ressources num\u00e9riques, les organisations peuvent centraliser, cataloguer, stocker, r\u00e9cup\u00e9rer et distribuer de vastes collections de ressources pr\u00e9cieuses.<\/p>\n<p><strong>Pourquoi un syst\u00e8me de gestion des ressources num\u00e9riques est-il n\u00e9cessaire ?<\/strong><\/p>\n<p>Avec l'explosion actuelle du nombre de ressources num\u00e9riques, les syst\u00e8mes de gestion de ces ressources sont devenus essentiels pour les organisations de toutes les tailles. Pour travailler e cacement, il est essentiel de pouvoir trouver, distribuer et partager rapidement des chiers num\u00e9riques. Il est impensable de perdre des heures \u00e0 tenter de trouver des chiers et nir par devoir les recr\u00e9er, voire les racheter. Les chiers anciens n'ayant pas \u00e9t\u00e9 archiv\u00e9s correctement sont parfois perdus \u00e0 tout jamais.<\/p>\n<p>Et ce n'est pas tout. \u00c0 l'\u00e8re du mobile, de nombreux chiers ne qui ent plus les smartphones ou sont dispers\u00e9s sur les r\u00e9seaux sociaux. Dans ce d\u00e9sordre num\u00e9rique, l'image de la marque risque d'en prendre un coup.<\/p>\n<p>Sans syst\u00e8me de gestion de ces ressources num\u00e9riques perme ant notamment de les centraliser, les entreprises perdent du temps et de l'argent. (Voir le document sur le retour sur investissement des syst\u00e8mes de gestion des ressources num\u00e9riques pour en savoir plus sur les pertes li\u00e9es \u00e0 la non-utilisation d'un syst\u00e8me de gestion.) De plus, l'absence de syst\u00e8me de gestion donne lieu \u00e0 des frustrations inutiles.<\/p>\n<p>De telles solutions pr\u00e9sentent beaucoup d'avantages pour votre organisation :<\/p>\n<p><strong>Organisation et efficacit\u00e9<\/strong><\/p>\n<p><strong>Un r\u00e9f\u00e9rentiel central<\/strong> \u2013 Les syst\u00e8mes de gestion des ressources num\u00e9riques o rent un emplacement centralis\u00e9 de stockage des ressources num\u00e9riques, qui permet de trouver, de partager, de conserver et de g\u00e9rer les chiers e cacement et facilement.<\/p>\n<p><strong>Libre service<\/strong> \u2013 Les syst\u00e8mes de gestion des ressources num\u00e9riques \u00e9vitent les interruptions, car chaque utilisateur peut trouver les chiers qu'il veut gr\u00e2ce \u00e0 un acc\u00e8s en libre service \u00e0 la solution.<\/p>\n<\/div>\n<\/div>\n<div class=\"layoutArea\">\n<div class=\"column\">\n<p>&nbsp;<\/p>\n<\/div>\n<\/div>\n<\/div>\n<\/div>\n<div class=\"page\" title=\"Page 5\">\n<table>\n<tbody>\n<tr>\n<td>\n<div class=\"layoutArea\">\n<div class=\"column\">\n<p><strong>Relations renforc\u00e9es<\/strong> \u2013 Les syst\u00e8mes de gestion des ressources num\u00e9riques aident non seulement les di \u00e9rents services de l'entreprise \u00e0 collaborer et \u00e0 communiquer plus e cacement, mais ils perme ent aussi de distribuer les ressources aux fournisseurs, aux clients et aux partenaires au moyen d'options d'acc\u00e8s en ligne.<\/p>\n<\/div>\n<\/div>\n<\/td>\n<\/tr>\n<tr>\n<td>\n<div class=\"layoutArea\">\n<div class=\"column\">\n<p><strong>Gains de temps<\/strong> \u2013 Les cr\u00e9atifs perdent 10 \u00e0 30 % de leur temps \u00e0 rechercher des ressources ; les syst\u00e8mes de gestion des ressources num\u00e9riques simpli ent les processus de travail a n qu'ils puissent consacrer une plus grande partie de leur temps \u00e0 leurs cr\u00e9ations.<\/p>\n<p><strong>\u00c9conomies<\/strong><\/p>\n<p><strong>R\u00e9utilisation des ressources<\/strong> \u2013 Les ressources sont simples \u00e0 trouver et il est ainsi facile de les r\u00e9utiliser. D\u00e8s lors, il n'est plus n\u00e9cessaire de cr\u00e9er de nouvelles ressources (ou de reproduire des ressources perdues).<\/p>\n<p><strong>Gain d'espace<\/strong> \u2013 En stockant les chiers de mani\u00e8re centralis\u00e9e, les doublons sont \u00e9limin\u00e9s et il n'est plus question de transf\u00e9rer des chiers volumineux par e-mail.<\/p>\n<p><strong>Homog\u00e9n\u00e9it\u00e9 de la marque<\/strong> \u2013 Les syst\u00e8mes de gestion des ressources num\u00e9riques garantissent l'homog\u00e9n\u00e9it\u00e9 de la marque, car les responsables des ventes, partenaires, clients et fournisseurs n'acc\u00e8dent qu'aux chiers ad\u00e9quats.<\/p>\n<p><strong>R\u00e9duction des risques<\/strong> \u2013 Les syst\u00e8mes de gestion des ressources num\u00e9riques peuvent assurer un suivi des droits associ\u00e9s aux ressources, ce qui \u00e9vite des probl\u00e8mes juridiques co\u00fbteux li\u00e9s \u00e0 l'utilisation ill\u00e9gale des ressources.<\/p>\n<\/div>\n<\/div>\n<\/td>\n<\/tr>\n<\/tbody>\n<\/table>\n<\/div>\n","protected":false},"excerpt":{"rendered":"<p>Tweet Introduction Qu\u2019est-ce que la gestion des ressources num\u00e9riques ? La gestion des ressources num\u00e9riques consiste \u00e0 g\u00e9rer et \u00e0 distribuer des ressources num\u00e9riques, telles que des images, textes, chiers cr\u00e9atifs, clips vid\u00e9o et chiers audio. Gr\u00e2ce aux solutions de gestion des ressources num\u00e9riques, les organisations peuvent centraliser, cataloguer, stocker, r\u00e9cup\u00e9rer et distribuer de vastes collections de ressources pr\u00e9cieuses. Pourquoi un syst\u00e8me de gestion des ressources num\u00e9riques est-il n\u00e9cessaire ? Avec l&rsquo;explosion actuelle du nombre de ressources num\u00e9riques, les syst\u00e8mes de gestion de ces ressources sont devenus essentiels pour les organisations de toutes les tailles. Pour travailler e cacement, il [&hellip;]<\/p>\n","protected":false},"author":1,"featured_media":0,"parent":5738,"menu_order":0,"comment_status":"open","ping_status":"open","template":"","meta":[],"_links":{"self":[{"href":"https:\/\/www.techpro-digital.com\/index.php?rest_route=\/wp\/v2\/pages\/5908"}],"collection":[{"href":"https:\/\/www.techpro-digital.com\/index.php?rest_route=\/wp\/v2\/pages"}],"about":[{"href":"https:\/\/www.techpro-digital.com\/index.php?rest_route=\/wp\/v2\/types\/page"}],"author":[{"embeddable":true,"href":"https:\/\/www.techpro-digital.com\/index.php?rest_route=\/wp\/v2\/users\/1"}],"replies":[{"embeddable":true,"href":"https:\/\/www.techpro-digital.com\/index.php?rest_route=%2Fwp%2Fv2%2Fcomments&post=5908"}],"version-history":[{"count":3,"href":"https:\/\/www.techpro-digital.com\/index.php?rest_route=\/wp\/v2\/pages\/5908\/revisions"}],"predecessor-version":[{"id":6013,"href":"https:\/\/www.techpro-digital.com\/index.php?rest_route=\/wp\/v2\/pages\/5908\/revisions\/6013"}],"up":[{"embeddable":true,"href":"https:\/\/www.techpro-digital.com\/index.php?rest_route=\/wp\/v2\/pages\/5738"}],"wp:attachment":[{"href":"https:\/\/www.techpro-digital.com\/index.php?rest_route=%2Fwp%2Fv2%2Fmedia&parent=5908"}],"curies":[{"name":"wp","href":"https:\/\/api.w.org\/{rel}","templated":true}]}}