{"id":58,"date":"2015-05-30T22:38:56","date_gmt":"2015-05-30T21:38:56","guid":{"rendered":"http:\/\/127.0.0.1\/techpro\/?page_id=58"},"modified":"2015-06-29T09:39:07","modified_gmt":"2015-06-29T09:39:07","slug":"tarifs","status":"publish","type":"page","link":"https:\/\/www.techpro-digital.com\/?page_id=58","title":{"rendered":"Tarifs"},"content":{"rendered":"<p><a href=\"http:\/\/twitter.com\/share?url=https%3A%2F%2Fwww.techpro-digital.com%2F%3Fpage_id%3D58&amp;count=none&amp;text=Tarifs - TECHPRO-DIGITAL - Services PHOTO - VIDEO - POST PRODUCTION - CREATION - WEB\" class=\"twitter-share-button\">Tweet<\/a><\/p><h2><strong>SHOOTING PRO<\/strong><\/h2>\n<h3><a href=\"http:\/\/www.techpro-digital.com\/wp-content\/uploads\/2015\/06\/shooting-pro.png\"><img loading=\"lazy\" class=\"aligncenter size-full wp-image-5880\" src=\"http:\/\/www.techpro-digital.com\/wp-content\/uploads\/2015\/06\/shooting-pro.png\" alt=\"shooting pro\" width=\"600\" height=\"236\" srcset=\"https:\/\/www.techpro-digital.com\/wp-content\/uploads\/2015\/06\/shooting-pro.png 600w, https:\/\/www.techpro-digital.com\/wp-content\/uploads\/2015\/06\/shooting-pro-300x118.png 300w, https:\/\/www.techpro-digital.com\/wp-content\/uploads\/2015\/06\/shooting-pro-400x157.png 400w\" sizes=\"(max-width: 600px) 100vw, 600px\" \/><\/a><\/h3>\n<p>Shooting photo 1 ou 2 adultes :<\/p>\n<p>200 \u20ac<\/p>\n<p>(shooting int\u00e9rieur en studio ou ext\u00e9rieur)<\/p>\n<p>Fond ou d\u00e9cor sp\u00e9cifique par th\u00e8me :<\/p>\n<p>100 \u20ac<\/p>\n<p>Chaque s\u00e9ance comprends la livraison d'un nombre de photos illimit\u00e9es en haute d\u00e9finition.<\/p>\n<h2><strong>SHOOTING ILLUSTRATION<\/strong><\/h2>\n<h2><strong>\u00a0<\/strong><\/h2>\n<p><strong>S\u00e9ance\u00a0de photos d'illustration :<\/strong><\/p>\n<p>la demi journ\u00e9e 500 \u20ac<\/p>\n<h2><strong>SHOOTING MATERNITE - BEBE - BAPTEME - ENFANT<\/strong><\/h2>\n<p><strong>\u00a0<\/strong><\/p>\n<p><a href=\"http:\/\/www.techpro-digital.com\/wp-content\/uploads\/2015\/06\/maternite.png\"><img loading=\"lazy\" class=\"aligncenter size-full wp-image-5878\" src=\"http:\/\/www.techpro-digital.com\/wp-content\/uploads\/2015\/06\/maternite.png\" alt=\"maternite\" width=\"600\" height=\"236\" srcset=\"https:\/\/www.techpro-digital.com\/wp-content\/uploads\/2015\/06\/maternite.png 600w, https:\/\/www.techpro-digital.com\/wp-content\/uploads\/2015\/06\/maternite-300x118.png 300w, https:\/\/www.techpro-digital.com\/wp-content\/uploads\/2015\/06\/maternite-400x157.png 400w\" sizes=\"(max-width: 600px) 100vw, 600px\" \/><\/a><\/p>\n<p>Shooting photo femme enceinte avec ou sans conjoint:<\/p>\n<p>200 \u20ac<\/p>\n<p>1 shooting grossesse + 1 shooting nouveau-n\u00e9:<\/p>\n<p>300 \u20ac<\/p>\n<p>Shooting 2h femme, conjoint, nouveau n\u00e9:<\/p>\n<p>350 \u20ac<\/p>\n<h3><\/h3>\n<h2><strong>SHOOTING MARIAGE<\/strong><\/h2>\n<p><strong>\u00a0<\/strong><\/p>\n<p><a href=\"http:\/\/www.techpro-digital.com\/wp-content\/uploads\/2015\/06\/mariage.png\"><img loading=\"lazy\" class=\"aligncenter size-full wp-image-5879\" src=\"http:\/\/www.techpro-digital.com\/wp-content\/uploads\/2015\/06\/mariage.png\" alt=\"mariage\" width=\"600\" height=\"236\" srcset=\"https:\/\/www.techpro-digital.com\/wp-content\/uploads\/2015\/06\/mariage.png 600w, https:\/\/www.techpro-digital.com\/wp-content\/uploads\/2015\/06\/mariage-300x118.png 300w, https:\/\/www.techpro-digital.com\/wp-content\/uploads\/2015\/06\/mariage-400x157.png 400w\" sizes=\"(max-width: 600px) 100vw, 600px\" \/><\/a><\/p>\n<p>Remise de toutes les photos brutes<br \/>\nCr\u00e9ation d'un site d\u00e9di\u00e9 pour l'\u00e9v\u00e8nement avec nom de domaine pour pouvoir\u00a0partager\u00a0les photos.<\/p>\n<p><strong>Mise \u00e0 disposition de toutes les photos retouch\u00e9es.<\/strong><\/p>\n<p><strong>Pack c\u00e9r\u00e9monies:<\/strong><\/p>\n<p>Civil et \u00e9glise<\/p>\n<p>450<span class=\"prix\">\u00a0\u20ac<\/span><\/p>\n<p><strong>Pack demi-journ\u00e9e:<\/strong><\/p>\n<p>C\u00e9r\u00e9monie marie + \u00e9glise + photos de groupe et couple<\/p>\n<p>6<span class=\"prix\">00 \u20ac<\/span><\/p>\n<p><strong>Pack journ\u00e9e enti\u00e8re:<\/strong><\/p>\n<p>Depuis la pr\u00e9paration \u00e0 la pi\u00e8ce mont\u00e9e et la soir\u00e9e + livre photo A4.<\/p>\n<p><span class=\"prix\">1 000 \u20ac<\/span><\/p>\n<p><strong>Pack prestige:<\/strong><\/p>\n<p>Mariage journ\u00e9e compl\u00e8te\u00a0+ shooting couple en studio avant le mariage\u00a0+\u00a0livre photo A4<\/p>\n<p><span class=\"prix\">1 250 \u20ac<\/span><\/p>\n<p>Option Fairt Part - Menu - carton invitation et remerciement \u00e0 partir de 300 \u20ac<\/p>\n<h2><strong>SHOOTING VIDEO<\/strong><\/h2>\n<p><strong>\u00a0<\/strong><\/p>\n<p><a href=\"http:\/\/www.techpro-digital.com\/wp-content\/uploads\/2015\/06\/video.png\"><img loading=\"lazy\" class=\"aligncenter size-full wp-image-5877\" src=\"http:\/\/www.techpro-digital.com\/wp-content\/uploads\/2015\/06\/video.png\" alt=\"video\" width=\"600\" height=\"236\" srcset=\"https:\/\/www.techpro-digital.com\/wp-content\/uploads\/2015\/06\/video.png 600w, https:\/\/www.techpro-digital.com\/wp-content\/uploads\/2015\/06\/video-300x118.png 300w, https:\/\/www.techpro-digital.com\/wp-content\/uploads\/2015\/06\/video-400x157.png 400w\" sizes=\"(max-width: 600px) 100vw, 600px\" \/><\/a><\/p>\n<p>A d\u00e9finir suivant un cahier des charges. Nous pouvons assurer tout type de prestation :<\/p>\n<p><strong>Vid\u00e9o interview\u00a0- pr\u00e9sentation corporate :<\/strong><\/p>\n<p>250 \u20ac<\/p>\n<p><strong>Video familiale 1h:<\/strong><\/p>\n<p>150 \u20ac<\/p>\n<p><strong>Vid\u00e9o conf\u00e9rence 1\/2 journ\u00e9e:<\/strong><\/p>\n<p>400 \u20ac<\/p>\n<p><strong>Vid\u00e9o sportive:<\/strong><\/p>\n<p>A partir de 300 \u20ac<\/p>\n<p><strong>Vid\u00e9o \u00e0 partir d'un drone:<\/strong><\/p>\n<p>A partir de 500 \u20ac<\/p>\n<p><strong>Vid\u00e9o Mariage (en suppl\u00e9ment d'une prestation photo ):<\/strong><\/p>\n<p>600 \u20ac<\/p>\n<p>Ce tarif inclut la livraison d'un fichier HD (1080p) sans montage.<\/p>\n<p>Tarif montage, effets, transcoding pour diffusion web \u00e0 d\u00e9finir suivant besoin<\/p>\n","protected":false},"excerpt":{"rendered":"<p>TweetSHOOTING PRO Shooting photo 1 ou 2 adultes : 200 \u20ac (shooting int\u00e9rieur en studio ou ext\u00e9rieur) Fond ou d\u00e9cor sp\u00e9cifique par th\u00e8me : 100 \u20ac Chaque s\u00e9ance comprends la livraison d&rsquo;un nombre de photos illimit\u00e9es en haute d\u00e9finition. SHOOTING ILLUSTRATION \u00a0 S\u00e9ance\u00a0de photos d&rsquo;illustration : la demi journ\u00e9e 500 \u20ac SHOOTING MATERNITE &#8211; BEBE &#8211; BAPTEME &#8211; ENFANT \u00a0 Shooting photo femme enceinte avec ou sans conjoint: 200 \u20ac 1 shooting grossesse + 1 shooting nouveau-n\u00e9: 300 \u20ac Shooting 2h femme, conjoint, nouveau n\u00e9: 350 \u20ac SHOOTING MARIAGE \u00a0 Remise de toutes les photos brutes Cr\u00e9ation d&rsquo;un site d\u00e9di\u00e9 [&hellip;]<\/p>\n","protected":false},"author":1,"featured_media":0,"parent":5736,"menu_order":0,"comment_status":"open","ping_status":"open","template":"","meta":[],"_links":{"self":[{"href":"https:\/\/www.techpro-digital.com\/index.php?rest_route=\/wp\/v2\/pages\/58"}],"collection":[{"href":"https:\/\/www.techpro-digital.com\/index.php?rest_route=\/wp\/v2\/pages"}],"about":[{"href":"https:\/\/www.techpro-digital.com\/index.php?rest_route=\/wp\/v2\/types\/page"}],"author":[{"embeddable":true,"href":"https:\/\/www.techpro-digital.com\/index.php?rest_route=\/wp\/v2\/users\/1"}],"replies":[{"embeddable":true,"href":"https:\/\/www.techpro-digital.com\/index.php?rest_route=%2Fwp%2Fv2%2Fcomments&post=58"}],"version-history":[{"count":1,"href":"https:\/\/www.techpro-digital.com\/index.php?rest_route=\/wp\/v2\/pages\/58\/revisions"}],"predecessor-version":[{"id":5883,"href":"https:\/\/www.techpro-digital.com\/index.php?rest_route=\/wp\/v2\/pages\/58\/revisions\/5883"}],"up":[{"embeddable":true,"href":"https:\/\/www.techpro-digital.com\/index.php?rest_route=\/wp\/v2\/pages\/5736"}],"wp:attachment":[{"href":"https:\/\/www.techpro-digital.com\/index.php?rest_route=%2Fwp%2Fv2%2Fmedia&parent=58"}],"curies":[{"name":"wp","href":"https:\/\/api.w.org\/{rel}","templated":true}]}}