{"id":5740,"date":"2015-05-30T22:37:18","date_gmt":"2015-05-30T21:37:18","guid":{"rendered":"http:\/\/127.0.0.1\/techpro\/?page_id=52"},"modified":"2016-02-12T22:57:03","modified_gmt":"2016-02-12T22:57:03","slug":"3d","status":"publish","type":"page","link":"https:\/\/www.techpro-digital.com\/?page_id=5740","title":{"rendered":"3D"},"content":{"rendered":"<p><a href=\"http:\/\/twitter.com\/share?url=https%3A%2F%2Fwww.techpro-digital.com%2F%3Fpage_id%3D5740&amp;count=none&amp;text=3D - TECHPRO-DIGITAL - Services PHOTO - VIDEO - POST PRODUCTION - CREATION - WEB\" class=\"twitter-share-button\">Tweet<\/a><\/p><p>La 3D devient le m\u00e9dia incontournable quelque soit le type de march\u00e9:<\/p>\n<ul>\n<li>En photographie, ou les environnements panoramique VR 360 permettent de mod\u00e9liser fid\u00e8lement un magasin, un appartement utile pour toute mise en avant marketing.<\/li>\n<li>Tout objet peut maintenant facilement \u00eatre mod\u00e9liser en 3D et avant m\u00eame sa cr\u00e9ation on\u00a0peut d\u00e9j\u00e0 ce rendre compte de son rendu, comme un packaging sur un rayon d'un magasin.<\/li>\n<li>Ce m\u00eame objet 3D peut alors \u00eatre mis en sc\u00e8ne lui m\u00eame en r\u00e9alit\u00e9 augment\u00e9e permettant de rendre compte tr\u00e8s facilement de l'impact en situation.<\/li>\n<\/ul>\n<p>Vous voulez obtenir des mod\u00e8les 3D de vos produits mais vous n\u2019en avez pas? Notre \u00e9quipe d\u2019infographistes 3D peut les cr\u00e9er pour vous \u00e0 un prix accessible.<\/p>\n<p>Votre mod\u00e8le 3D est trop complexe pour Augment? Notre \u00e9quipe d\u2019infographistes 3D peut les optimiser rapidement.<\/p>\n<p>Contactez-nous pour obtenir un devis de mod\u00e9lisation 3D.<\/p>\n<p style=\"text-align: center;\"><a href=\"mailto:contact@techpro-digital.com\" rel=\"attachment wp-att-6191\"><img loading=\"lazy\" class=\"aligncenter wp-image-6191\" src=\"http:\/\/www.techpro-digital.com\/wp-content\/uploads\/2014\/07\/Screenshot-2016-02-12-23.54.54.png\" alt=\"Screenshot 2016-02-12 23.54.54\" width=\"263\" height=\"55\" \/><\/a><\/p>\n<p><a href=\"http:\/\/www.techpro-digital.com\/wp-content\/uploads\/2014\/07\/Analytics-2.jpg\" rel=\"attachment wp-att-6188\"><img loading=\"lazy\" class=\"aligncenter size-full wp-image-6188\" src=\"http:\/\/www.techpro-digital.com\/wp-content\/uploads\/2014\/07\/Analytics-2.jpg\" alt=\"Analytics-2\" width=\"700\" height=\"402\" srcset=\"https:\/\/www.techpro-digital.com\/wp-content\/uploads\/2014\/07\/Analytics-2.jpg 700w, https:\/\/www.techpro-digital.com\/wp-content\/uploads\/2014\/07\/Analytics-2-300x172.jpg 300w, https:\/\/www.techpro-digital.com\/wp-content\/uploads\/2014\/07\/Analytics-2-400x230.jpg 400w\" sizes=\"(max-width: 700px) 100vw, 700px\" \/><\/a><\/p>\n<p>Nous avons d\u00e9cider de mettre en avant 3 solutions :<\/p>\n<ul>\n<li>IC3D un logiciel pro pour la cr\u00e9ation facile d'objet 3D. Nous ne somme pas distributeur du produit mais nous en poss\u00e9dons une tr\u00e8s bonne exp\u00e9rience et posons vous aider en vous mettant en contact avec l'\u00e9diteur.<\/li>\n<li>Sketchfab est la plate forme de r\u00e9f\u00e9rence pour le partage des cr\u00e9ations 3D. Le rendu est exceptionnelle et poss\u00e8de de nombreuses fonctionnali\u00e9es comme l'annotation 3D, le tout pour le prix d'un forfait annuel d\u00e9risoire. C'est la solution privil\u00e9gi\u00e9e des Designer et la plus part des logiciels de 3D ont un connecteur ou plugins vers Sketchfab comme 3DSMax et m\u00eame Photoshop.<\/li>\n<li>Enfin la solution Augment est la r\u00e9f\u00e9rence en mati\u00e8re de r\u00e9alis\u00e9e augment\u00e9e.<\/li>\n<\/ul>\n","protected":false},"excerpt":{"rendered":"<p>TweetLa 3D devient le m\u00e9dia incontournable quelque soit le type de march\u00e9: En photographie, ou les environnements panoramique VR 360 permettent de mod\u00e9liser fid\u00e8lement un magasin, un appartement utile pour toute mise en avant marketing. Tout objet peut maintenant facilement \u00eatre mod\u00e9liser en 3D et avant m\u00eame sa cr\u00e9ation on\u00a0peut d\u00e9j\u00e0 ce rendre compte de son rendu, comme un packaging sur un rayon d&rsquo;un magasin. Ce m\u00eame objet 3D peut alors \u00eatre mis en sc\u00e8ne lui m\u00eame en r\u00e9alit\u00e9 augment\u00e9e permettant de rendre compte tr\u00e8s facilement de l&rsquo;impact en situation. Vous voulez obtenir des mod\u00e8les 3D de vos produits mais [&hellip;]<\/p>\n","protected":false},"author":1,"featured_media":0,"parent":10,"menu_order":0,"comment_status":"open","ping_status":"open","template":"","meta":[],"_links":{"self":[{"href":"https:\/\/www.techpro-digital.com\/index.php?rest_route=\/wp\/v2\/pages\/5740"}],"collection":[{"href":"https:\/\/www.techpro-digital.com\/index.php?rest_route=\/wp\/v2\/pages"}],"about":[{"href":"https:\/\/www.techpro-digital.com\/index.php?rest_route=\/wp\/v2\/types\/page"}],"author":[{"embeddable":true,"href":"https:\/\/www.techpro-digital.com\/index.php?rest_route=\/wp\/v2\/users\/1"}],"replies":[{"embeddable":true,"href":"https:\/\/www.techpro-digital.com\/index.php?rest_route=%2Fwp%2Fv2%2Fcomments&post=5740"}],"version-history":[{"count":3,"href":"https:\/\/www.techpro-digital.com\/index.php?rest_route=\/wp\/v2\/pages\/5740\/revisions"}],"predecessor-version":[{"id":6193,"href":"https:\/\/www.techpro-digital.com\/index.php?rest_route=\/wp\/v2\/pages\/5740\/revisions\/6193"}],"up":[{"embeddable":true,"href":"https:\/\/www.techpro-digital.com\/index.php?rest_route=\/wp\/v2\/pages\/10"}],"wp:attachment":[{"href":"https:\/\/www.techpro-digital.com\/index.php?rest_route=%2Fwp%2Fv2%2Fmedia&parent=5740"}],"curies":[{"name":"wp","href":"https:\/\/api.w.org\/{rel}","templated":true}]}}