{"id":5738,"date":"2015-05-30T22:36:16","date_gmt":"2015-05-30T21:36:16","guid":{"rendered":"http:\/\/127.0.0.1\/techpro\/?page_id=48"},"modified":"2016-02-13T17:15:52","modified_gmt":"2016-02-13T17:15:52","slug":"dam","status":"publish","type":"page","link":"https:\/\/www.techpro-digital.com\/?page_id=5738","title":{"rendered":"EXPERTISES"},"content":{"rendered":"<p><a href=\"http:\/\/twitter.com\/share?url=https%3A%2F%2Fwww.techpro-digital.com%2F%3Fpage_id%3D5738&amp;count=none&amp;text=EXPERTISES - TECHPRO-DIGITAL - Services PHOTO - VIDEO - POST PRODUCTION - CREATION - WEB\" class=\"twitter-share-button\">Tweet<\/a><\/p><p>Notre \u00e9quipe disposes de toutes les expertises pour la r\u00e9alisation de tout vos projets, Print, Web jusqu'au partage sur des plate formes type CMS.<\/p>\n<p>Que vous soyez un ind\u00e9pendant, une agence, une marque, notre \u00e9quipe sera capable de vous proposer les cr\u00e9ations les plus innovantes pour votre communication, jusqu'\u00e0 la r\u00e9alisation de vos brochures et catalogues, en passant par l'automatisation et la production de vos PDFs pour l'impression.<\/p>\n<p>Dans ce cycle de production nous pourrons vous mettre en place des solutions collaboratives afin de vous aider dans la mise en place de strat\u00e9gie de transformation digital. Nous avons l'experience des solutions DAM depuis plus de 20 ans et savons vous assister dans la mise en place de processus de production.<\/p>\n","protected":false},"excerpt":{"rendered":"<p>TweetNotre \u00e9quipe disposes de toutes les expertises pour la r\u00e9alisation de tout vos projets, Print, Web jusqu&rsquo;au partage sur des plate formes type CMS. Que vous soyez un ind\u00e9pendant, une agence, une marque, notre \u00e9quipe sera capable de vous proposer les cr\u00e9ations les plus innovantes pour votre communication, jusqu&rsquo;\u00e0 la r\u00e9alisation de vos brochures et catalogues, en passant par l&rsquo;automatisation et la production de vos PDFs pour l&rsquo;impression. Dans ce cycle de production nous pourrons vous mettre en place des solutions collaboratives afin de vous aider dans la mise en place de strat\u00e9gie de transformation digital. Nous avons l&rsquo;experience des [&hellip;]<\/p>\n","protected":false},"author":1,"featured_media":0,"parent":0,"menu_order":0,"comment_status":"open","ping_status":"open","template":"","meta":[],"_links":{"self":[{"href":"https:\/\/www.techpro-digital.com\/index.php?rest_route=\/wp\/v2\/pages\/5738"}],"collection":[{"href":"https:\/\/www.techpro-digital.com\/index.php?rest_route=\/wp\/v2\/pages"}],"about":[{"href":"https:\/\/www.techpro-digital.com\/index.php?rest_route=\/wp\/v2\/types\/page"}],"author":[{"embeddable":true,"href":"https:\/\/www.techpro-digital.com\/index.php?rest_route=\/wp\/v2\/users\/1"}],"replies":[{"embeddable":true,"href":"https:\/\/www.techpro-digital.com\/index.php?rest_route=%2Fwp%2Fv2%2Fcomments&post=5738"}],"version-history":[{"count":5,"href":"https:\/\/www.techpro-digital.com\/index.php?rest_route=\/wp\/v2\/pages\/5738\/revisions"}],"predecessor-version":[{"id":6203,"href":"https:\/\/www.techpro-digital.com\/index.php?rest_route=\/wp\/v2\/pages\/5738\/revisions\/6203"}],"wp:attachment":[{"href":"https:\/\/www.techpro-digital.com\/index.php?rest_route=%2Fwp%2Fv2%2Fmedia&parent=5738"}],"curies":[{"name":"wp","href":"https:\/\/api.w.org\/{rel}","templated":true}]}}