{"id":184,"date":"2015-06-27T22:58:13","date_gmt":"2015-06-27T21:58:13","guid":{"rendered":"http:\/\/127.0.0.1\/techpro\/?page_id=184"},"modified":"2018-01-01T22:05:11","modified_gmt":"2018-01-01T22:05:11","slug":"weblinks","status":"publish","type":"page","link":"https:\/\/www.techpro-digital.com\/?page_id=184","title":{"rendered":"WebLinks"},"content":{"rendered":"<p><a href=\"http:\/\/twitter.com\/share?url=https%3A%2F%2Fwww.techpro-digital.com%2F%3Fpage_id%3D184&amp;count=none&amp;text=WebLinks - TECHPRO-DIGITAL - Services PHOTO - VIDEO - POST PRODUCTION - CREATION - WEB\" class=\"twitter-share-button\">Tweet<\/a><\/p><h3><strong>Voici quelques liens indispensable pour tous les passionn\u00e9s de la photo et de sa diffusion :<\/strong><\/h3>\n<h3><\/h3>\n<h4><strong>Les incontournables :<br \/>\n<\/strong><\/h4>\n<table border=\"0\" width=\"850\">\n<tbody>\n<tr>\n<td align=\"left\" valign=\"top\" width=\"250\"><a href=\"http:\/\/www.dpreview.com\" target=\"_blank\" rel=\"noopener\"><img loading=\"lazy\" class=\"aligncenter size-full wp-image-5976\" src=\"http:\/\/www.techpro-digital.com\/wp-content\/uploads\/2015\/06\/Screenshot-2016-01-10-12.05.01-1.png\" alt=\"Screenshot 2016-01-10 12.05.01\" width=\"250\" height=\"54\" \/><\/a><\/td>\n<td align=\"left\" valign=\"top\" width=\"600\">C'est le site de r\u00e9f\u00e9rence, que dire la bible si vous cherchez les tests de n'importe quel R\u00e9flex, Optique, Logiciels...<\/td>\n<\/tr>\n<tr>\n<td align=\"left\" valign=\"top\"><a style=\"font-family: inherit; font-size: inherit;\" href=\"http:\/\/connect.dpreview.com\" target=\"_blank\" rel=\"attachment noopener wp-att-5987\"><img loading=\"lazy\" class=\"aligncenter wp-image-5987\" src=\"http:\/\/www.techpro-digital.com\/wp-content\/uploads\/2015\/06\/Screenshot-2016-01-10-18.12.41.png\" alt=\"Screenshot 2016-01-10 18.12.41\" width=\"250\" height=\"66\" srcset=\"https:\/\/www.techpro-digital.com\/wp-content\/uploads\/2015\/06\/Screenshot-2016-01-10-18.12.41.png 456w, https:\/\/www.techpro-digital.com\/wp-content\/uploads\/2015\/06\/Screenshot-2016-01-10-18.12.41-300x79.png 300w, https:\/\/www.techpro-digital.com\/wp-content\/uploads\/2015\/06\/Screenshot-2016-01-10-18.12.41-400x105.png 400w\" sizes=\"(max-width: 250px) 100vw, 250px\" \/><\/a><\/td>\n<td align=\"left\" valign=\"top\">Le site offre des tests d'une grande pr\u00e9cision notamment sur leur portail Connect. Ultra professionnel et mis \u00e0 jour en live...<\/td>\n<\/tr>\n<\/tbody>\n<\/table>\n<p>&nbsp;<\/p>\n<table border=\"0\" width=\"850\">\n<tbody>\n<tr>\n<td align=\"left\" valign=\"top\" width=\"250\"><a href=\"http:\/\/nikonrumors.com\" target=\"_blank\" rel=\"noopener\"><img loading=\"lazy\" class=\"aligncenter wp-image-5992\" src=\"http:\/\/www.techpro-digital.com\/wp-content\/uploads\/2015\/06\/Screenshot-2016-01-10-19.19.47.png\" alt=\"Screenshot 2016-01-10 19.19.47\" width=\"250\" height=\"65\" srcset=\"https:\/\/www.techpro-digital.com\/wp-content\/uploads\/2015\/06\/Screenshot-2016-01-10-19.19.47.png 744w, https:\/\/www.techpro-digital.com\/wp-content\/uploads\/2015\/06\/Screenshot-2016-01-10-19.19.47-300x78.png 300w, https:\/\/www.techpro-digital.com\/wp-content\/uploads\/2015\/06\/Screenshot-2016-01-10-19.19.47-400x104.png 400w\" sizes=\"(max-width: 250px) 100vw, 250px\" \/><\/a><\/td>\n<td align=\"left\" valign=\"top\" width=\"600\">Pour les inconditionnels de Nikon, les derni\u00e8res infos sur le mat\u00e9riel Nikon, un blog simple mais une communaut\u00e9 int\u00e9ressante.<\/td>\n<\/tr>\n<\/tbody>\n<\/table>\n<h4><strong>Les Constructeurs\u00a0:<\/strong><\/h4>\n<table border=\"0\" width=\"850\">\n<tbody>\n<tr>\n<td align=\"left\" valign=\"top\" width=\"250\"><a href=\"http:\/\/www.nikon.fr\/fr_FR\/#\" target=\"_blank\" rel=\"noopener\"><img loading=\"lazy\" class=\"aligncenter size-full wp-image-5998\" src=\"http:\/\/www.techpro-digital.com\/wp-content\/uploads\/2015\/06\/Screenshot-2016-01-10-19.28.51-e1452450569807.png\" alt=\"Screenshot 2016-01-10 19.28.51\" width=\"250\" height=\"83\" \/><\/a><\/td>\n<td align=\"left\" valign=\"top\" width=\"600\">Le site de la maison m\u00e8re Nikon en Fran\u00e7ais.<\/td>\n<\/tr>\n<tr>\n<td align=\"left\" valign=\"top\"><a href=\"http:\/\/www.canon.fr\/for_home\/product_finder\/cameras\/\" target=\"_blank\" rel=\"noopener\"><img loading=\"lazy\" class=\"aligncenter wp-image-5999\" src=\"http:\/\/www.techpro-digital.com\/wp-content\/uploads\/2015\/06\/Screenshot-2016-01-10-19.31.19.png\" alt=\"Screenshot 2016-01-10 19.31.19\" width=\"250\" height=\"74\" srcset=\"https:\/\/www.techpro-digital.com\/wp-content\/uploads\/2015\/06\/Screenshot-2016-01-10-19.31.19.png 326w, https:\/\/www.techpro-digital.com\/wp-content\/uploads\/2015\/06\/Screenshot-2016-01-10-19.31.19-300x88.png 300w\" sizes=\"(max-width: 250px) 100vw, 250px\" \/><\/a><\/td>\n<td align=\"left\" valign=\"top\">Le m\u00eame chez Canon.<\/td>\n<\/tr>\n<\/tbody>\n<\/table>\n<h4><strong>Les \u00e9diteurs de logiciels de retouche photo ou de flux image\u00a0:<\/strong><\/h4>\n<table border=\"0\" width=\"850\">\n<tbody>\n<tr>\n<td align=\"left\" valign=\"top\" width=\"250\"><a href=\"http:\/\/www.dxo.com\/\" target=\"_blank\" rel=\"attachment noopener wp-att-6002\"><img loading=\"lazy\" class=\"aligncenter wp-image-6002\" src=\"http:\/\/www.techpro-digital.com\/wp-content\/uploads\/2015\/06\/Screenshot-2016-01-10-19.50.47.png\" alt=\"Screenshot 2016-01-10 19.50.47\" width=\"250\" height=\"70\" srcset=\"https:\/\/www.techpro-digital.com\/wp-content\/uploads\/2015\/06\/Screenshot-2016-01-10-19.50.47.png 344w, https:\/\/www.techpro-digital.com\/wp-content\/uploads\/2015\/06\/Screenshot-2016-01-10-19.50.47-300x84.png 300w\" sizes=\"(max-width: 250px) 100vw, 250px\" \/><\/a><\/td>\n<td align=\"left\" valign=\"top\" width=\"600\">Gr\u00e2ce aux technologies exclusives de DxO propose une suite logiciels professionnelle avec \u00a0DXO PhotoSuite, qui permet de corriger instantan\u00e9ment tous les d\u00e9fauts optiques de votre mat\u00e9riel, supprimez le bruit num\u00e9rique m\u00eame en tr\u00e8s haute sensibilit\u00e9, r\u00e9cup\u00e9rez des d\u00e9tails fins et des textures dans les zones d\u2019ombres ou br\u00fbl\u00e9es de vos images et travailler les couleurs tout en nuances.<\/td>\n<\/tr>\n<tr>\n<td align=\"left\" valign=\"top\"><a style=\"font-family: inherit; font-size: inherit;\" href=\"https:\/\/www.phaseone.com\/fr-FR\/Products\/Software\/Capture-One-Pro\/Highlights.aspx\" target=\"_blank\" rel=\"attachment noopener wp-att-6004\"><img loading=\"lazy\" class=\"aligncenter wp-image-6004\" src=\"http:\/\/www.techpro-digital.com\/wp-content\/uploads\/2015\/06\/Screenshot-2016-01-11-00.10.04.png\" alt=\"Screenshot 2016-01-11 00.10.04\" width=\"250\" height=\"92\" srcset=\"https:\/\/www.techpro-digital.com\/wp-content\/uploads\/2015\/06\/Screenshot-2016-01-11-00.10.04.png 310w, https:\/\/www.techpro-digital.com\/wp-content\/uploads\/2015\/06\/Screenshot-2016-01-11-00.10.04-300x110.png 300w\" sizes=\"(max-width: 250px) 100vw, 250px\" \/><\/a><\/td>\n<td align=\"left\" valign=\"top\">PHASEONE est l'\u00e9diteur du logiciel Capture One, actuellement en version 9. C'est le choix des professionnels des photos studios en software d'imagerie.<\/td>\n<\/tr>\n<tr>\n<td align=\"left\" valign=\"top\"><a style=\"font-family: inherit; font-size: inherit;\" href=\"http:\/\/www.adobe.com\/fr\/creativecloud\/photography.html?promoid=KSDQE\" target=\"_blank\" rel=\"attachment noopener wp-att-6006\"><img loading=\"lazy\" class=\"aligncenter wp-image-6006\" src=\"http:\/\/www.techpro-digital.com\/wp-content\/uploads\/2015\/06\/Screenshot-2016-01-11-00.13.03.png\" alt=\"Screenshot 2016-01-11 00.13.03\" width=\"250\" height=\"75\" srcset=\"https:\/\/www.techpro-digital.com\/wp-content\/uploads\/2015\/06\/Screenshot-2016-01-11-00.13.03.png 576w, https:\/\/www.techpro-digital.com\/wp-content\/uploads\/2015\/06\/Screenshot-2016-01-11-00.13.03-300x90.png 300w, https:\/\/www.techpro-digital.com\/wp-content\/uploads\/2015\/06\/Screenshot-2016-01-11-00.13.03-400x119.png 400w\" sizes=\"(max-width: 250px) 100vw, 250px\" \/><\/a><\/td>\n<td align=\"left\" valign=\"top\">Bien evidemment difficile de passer \u00e0 c\u00f4t\u00e9 de la suite Cr\u00e9ative Cloud de chez Adobe avec Photoshop CC 2015 et l'\u00e9diteur d'images Lightroom.<\/td>\n<\/tr>\n<tr>\n<td align=\"left\" valign=\"top\"><a style=\"font-family: inherit; font-size: inherit;\" href=\"http:\/\/www.fotoware.com\/products\/fotostation-client\" target=\"_blank\" rel=\"attachment noopener wp-att-6008\"><img loading=\"lazy\" class=\"aligncenter wp-image-6008\" src=\"http:\/\/www.techpro-digital.com\/wp-content\/uploads\/2015\/06\/Screenshot-2016-01-11-00.15.47.png\" alt=\"Screenshot 2016-01-11 00.15.47\" width=\"250\" height=\"77\" srcset=\"https:\/\/www.techpro-digital.com\/wp-content\/uploads\/2015\/06\/Screenshot-2016-01-11-00.15.47.png 418w, https:\/\/www.techpro-digital.com\/wp-content\/uploads\/2015\/06\/Screenshot-2016-01-11-00.15.47-300x92.png 300w, https:\/\/www.techpro-digital.com\/wp-content\/uploads\/2015\/06\/Screenshot-2016-01-11-00.15.47-400x122.png 400w\" sizes=\"(max-width: 250px) 100vw, 250px\" \/><\/a><\/td>\n<td align=\"left\" valign=\"top\">Fotoware est un des acteurs majeurs depuis des ann\u00e9es en gestion de flux photo. Ils proposent notamment Fotostation d\u00e9di\u00e9 \u00e0 l'editing photo et l'ingestion de m\u00e9ta donn\u00e9es IPTC, un must mais cela a un co\u00fbt.<\/td>\n<\/tr>\n<tr>\n<td align=\"left\" valign=\"top\"><a style=\"font-family: inherit; font-size: inherit;\" href=\"http:\/\/www.camerabits.com\" target=\"_blank\" rel=\"attachment noopener wp-att-6010\"><img loading=\"lazy\" class=\"aligncenter wp-image-6010\" src=\"http:\/\/www.techpro-digital.com\/wp-content\/uploads\/2015\/06\/Screenshot-2016-01-11-00.19.24.png\" alt=\"Screenshot 2016-01-11 00.19.24\" width=\"250\" height=\"74\" srcset=\"https:\/\/www.techpro-digital.com\/wp-content\/uploads\/2015\/06\/Screenshot-2016-01-11-00.19.24.png 578w, https:\/\/www.techpro-digital.com\/wp-content\/uploads\/2015\/06\/Screenshot-2016-01-11-00.19.24-300x89.png 300w, https:\/\/www.techpro-digital.com\/wp-content\/uploads\/2015\/06\/Screenshot-2016-01-11-00.19.24-400x119.png 400w\" sizes=\"(max-width: 250px) 100vw, 250px\" \/><\/a><\/td>\n<td align=\"left\" valign=\"top\">Camera Bits est l'\u00e9diteur du c\u00e9l\u00e8bre Photo Mechanic, logiciel pour \u00e9diter et g\u00e9rer l'ingestion de m\u00e9ta donn\u00e9e IPTC, tr\u00e8s rapide, peux couteux et le must des photographes am\u00e9ricains.<\/td>\n<\/tr>\n<\/tbody>\n<\/table>\n<h4><strong>Des revendeurs Photo, Vid\u00e9o professionnels :<\/strong><\/h4>\n<table border=\"0\" width=\"850\">\n<tbody>\n<tr>\n<td align=\"left\" valign=\"top\" width=\"250\"><a href=\"http:\/\/www.bhphotovideo.com\" target=\"_blank\" rel=\"noopener\"><img loading=\"lazy\" class=\"aligncenter size-full wp-image-6051\" src=\"http:\/\/www.techpro-digital.com\/wp-content\/uploads\/2015\/06\/bh.jpeg\" alt=\"bh\" width=\"224\" height=\"224\" srcset=\"https:\/\/www.techpro-digital.com\/wp-content\/uploads\/2015\/06\/bh.jpeg 224w, https:\/\/www.techpro-digital.com\/wp-content\/uploads\/2015\/06\/bh-150x150.jpeg 150w, https:\/\/www.techpro-digital.com\/wp-content\/uploads\/2015\/06\/bh-130x130.jpeg 130w\" sizes=\"(max-width: 224px) 100vw, 224px\" \/><\/a><\/td>\n<td align=\"left\" valign=\"top\" width=\"600\">La r\u00e9f\u00e9rence mondiale du revendeur Photo, Video \u00e0 New York...ils ont tout....<\/p>\n<p>La seule visite du magasin est exceptionnelle avec une organisation unique...\u00e0 ne surtout pas manquer lors d'une visite \u00e0 Big Apple...<\/p>\n<p>Maintenant ils ont un site qui a lui seul est d\u00e9j\u00e0 une mine d'informations techniques.<\/td>\n<\/tr>\n<tr>\n<td align=\"left\" valign=\"top\"><a href=\"http:\/\/www.objectif-bastille.com\" target=\"_blank\" rel=\"noopener\"><img loading=\"lazy\" class=\"aligncenter size-full wp-image-6052\" src=\"http:\/\/www.techpro-digital.com\/wp-content\/uploads\/2015\/06\/objectifphoto.jpg\" alt=\"objectifphoto\" width=\"200\" height=\"60\" \/><\/a><\/td>\n<td align=\"left\" valign=\"top\">Si vous ne pouvez aller \u00e0 NYC, pas de probl\u00e8me...\u00e0 Paris ils sont incontournables...une \u00e9quipe extra, un service exemplaire, une passion sans fin, Objectif Bastille est le magasin de r\u00e9f\u00e9r\u00e9nces.<\/td>\n<\/tr>\n<\/tbody>\n<\/table>\n<p>&nbsp;<\/p>\n<h4><strong>Les \u00e9diteurs principaux de solution de Digital Asset Management <\/strong>( pas tous..) mais je reviens plus longuement dans la section DAM<\/h4>\n<h4>sur un comparatif, les plus les moins, les solutions clouds, les solutions Open Source :<\/h4>\n<table border=\"0\" width=\"850\">\n<tbody>\n<tr>\n<td align=\"left\" valign=\"top\" width=\"250\"><a href=\"http:\/\/www.dalim.com\" target=\"_blank\" rel=\"noopener\"><img loading=\"lazy\" class=\"aligncenter wp-image-6056\" src=\"http:\/\/www.techpro-digital.com\/wp-content\/uploads\/2015\/06\/DALIM_SOFTWARE_RGB_black.png\" alt=\"DALIM_SOFTWARE_RGB_black\" width=\"250\" height=\"131\" srcset=\"https:\/\/www.techpro-digital.com\/wp-content\/uploads\/2015\/06\/DALIM_SOFTWARE_RGB_black.png 488w, https:\/\/www.techpro-digital.com\/wp-content\/uploads\/2015\/06\/DALIM_SOFTWARE_RGB_black-300x157.png 300w, https:\/\/www.techpro-digital.com\/wp-content\/uploads\/2015\/06\/DALIM_SOFTWARE_RGB_black-400x209.png 400w\" sizes=\"(max-width: 250px) 100vw, 250px\" \/><\/a><\/td>\n<td align=\"left\" valign=\"top\" width=\"600\">DALIM SOFTWARE GmbH est une soci\u00e9t\u00e9 allemande, qui con\u00e7oit et d\u00e9veloppe des solutions \u00a0logicielles innovantes destin\u00e9es aux services marketing et communication des entreprises. Les produits DALIM ES, DALIM TWIST, DALIM DIALOGUE \u00a0permettent d'organiser et automatiser la production cross-media, centraliser et partager ais\u00e9ment : images, vid\u00e9os, packaging, brochures \u00a0ou tout contenu marketing. C'est\u00a0une solution collaborative vous permettant d'optimiser la gestion de votre production multi-canale, g\u00e9rer vos BATs en ligne (softproof) 2 D ou 3 D, et d'organiser votre patrimoine num\u00e9rique (DAM), tout en garantissant la coh\u00e9rence de votre Marque.<\/td>\n<\/tr>\n<tr>\n<td align=\"left\" valign=\"top\"><a href=\"http:\/\/www.techpro-digital.com\/wp-content\/uploads\/2015\/06\/Phraseanet-e1452959824614.png\" target=\"_blank\" rel=\"noopener\"><img loading=\"lazy\" class=\"aligncenter wp-image-6063 size-full\" src=\"http:\/\/www.techpro-digital.com\/wp-content\/uploads\/2015\/06\/Phraseanet-e1452959824614.png\" alt=\"\" width=\"250\" height=\"94\" \/><\/a><\/td>\n<td align=\"left\" valign=\"top\">Phrasea c'est le coup de coeur...De cette petite s\u00e9lection la seule en Open Source c'est \u00e0 dire sans licence \u00e0 payer....c'est pas rien. Phrases regroupe de vrais experts de la photo et sa gestion. La soci\u00e9t\u00e9 propose sa solution de DAM depuis presque 20 ans c'est \u00e0 dire bien plus que certains gros acteurs du march\u00e9s et pourtant elle dispose d'une solution qui pour les photographes a des atouts que beaucoup de solutions de gros \u00e9diteurs n'ont m\u00eame pas pens\u00e9...voir la section d\u00e9di\u00e9 c\u00f4t\u00e9 DAM.<\/td>\n<\/tr>\n<tr>\n<td align=\"left\" valign=\"top\"><\/td>\n<td align=\"left\" valign=\"top\"><\/td>\n<\/tr>\n<tr>\n<td align=\"left\" valign=\"top\"><\/td>\n<td align=\"left\" valign=\"top\"><\/td>\n<\/tr>\n<tr>\n<td align=\"left\" valign=\"top\"><\/td>\n<td align=\"left\" valign=\"top\"><\/td>\n<\/tr>\n<tr>\n<td align=\"left\" valign=\"top\"><\/td>\n<td align=\"left\" valign=\"top\"><\/td>\n<\/tr>\n<\/tbody>\n<\/table>\n","protected":false},"excerpt":{"rendered":"<p>TweetVoici quelques liens indispensable pour tous les passionn\u00e9s de la photo et de sa diffusion : Les incontournables : C&rsquo;est le site de r\u00e9f\u00e9rence, que dire la bible si vous cherchez les tests de n&rsquo;importe quel R\u00e9flex, Optique, Logiciels&#8230; Le site offre des tests d&rsquo;une grande pr\u00e9cision notamment sur leur portail Connect. Ultra professionnel et mis \u00e0 jour en live&#8230; &nbsp; Pour les inconditionnels de Nikon, les derni\u00e8res infos sur le mat\u00e9riel Nikon, un blog simple mais une communaut\u00e9 int\u00e9ressante. Les Constructeurs\u00a0: Le site de la maison m\u00e8re Nikon en Fran\u00e7ais. Le m\u00eame chez Canon. Les \u00e9diteurs de logiciels de [&hellip;]<\/p>\n","protected":false},"author":1,"featured_media":0,"parent":0,"menu_order":0,"comment_status":"open","ping_status":"open","template":"","meta":[],"_links":{"self":[{"href":"https:\/\/www.techpro-digital.com\/index.php?rest_route=\/wp\/v2\/pages\/184"}],"collection":[{"href":"https:\/\/www.techpro-digital.com\/index.php?rest_route=\/wp\/v2\/pages"}],"about":[{"href":"https:\/\/www.techpro-digital.com\/index.php?rest_route=\/wp\/v2\/types\/page"}],"author":[{"embeddable":true,"href":"https:\/\/www.techpro-digital.com\/index.php?rest_route=\/wp\/v2\/users\/1"}],"replies":[{"embeddable":true,"href":"https:\/\/www.techpro-digital.com\/index.php?rest_route=%2Fwp%2Fv2%2Fcomments&post=184"}],"version-history":[{"count":41,"href":"https:\/\/www.techpro-digital.com\/index.php?rest_route=\/wp\/v2\/pages\/184\/revisions"}],"predecessor-version":[{"id":6361,"href":"https:\/\/www.techpro-digital.com\/index.php?rest_route=\/wp\/v2\/pages\/184\/revisions\/6361"}],"wp:attachment":[{"href":"https:\/\/www.techpro-digital.com\/index.php?rest_route=%2Fwp%2Fv2%2Fmedia&parent=184"}],"curies":[{"name":"wp","href":"https:\/\/api.w.org\/{rel}","templated":true}]}}