{"id":154,"date":"2015-05-30T23:18:35","date_gmt":"2015-05-30T22:18:35","guid":{"rendered":"http:\/\/127.0.0.1\/techpro\/?page_id=154"},"modified":"2016-02-12T23:03:14","modified_gmt":"2016-02-12T23:03:14","slug":"realite-augmentee","status":"publish","type":"page","link":"https:\/\/www.techpro-digital.com\/?page_id=154","title":{"rendered":"R\u00e9alit\u00e9 Augment\u00e9e"},"content":{"rendered":"<p><a href=\"http:\/\/twitter.com\/share?url=https%3A%2F%2Fwww.techpro-digital.com%2F%3Fpage_id%3D154&amp;count=none&amp;text=R\u00e9alit\u00e9 Augment\u00e9e - TECHPRO-DIGITAL - Services PHOTO - VIDEO - POST PRODUCTION - CREATION - WEB\" class=\"twitter-share-button\">Tweet<\/a><\/p><h2 class=\"entry-title\" data-fontsize=\"46\" data-lineheight=\"54\">\u2022 Augment pour le Print Interactif<\/h2>\n<h4 data-fontsize=\"18\" data-lineheight=\"27\">Donnez vie au print. Attirez l'attention de votre public gr\u00e2ce \u00e0 une exp\u00e9rience de r\u00e9alit\u00e9 augment\u00e9e.<\/h4>\n<h2 class=\"entry-title\" data-fontsize=\"46\" data-lineheight=\"54\">\u2022 Aide \u00e0 la vente digital<\/h2>\n<p data-fontsize=\"18\" data-lineheight=\"27\">Augment permet \u00e0 votre \u00e9quipe de vente de simuler vos produits facilement\u00a0en taille r\u00e9elle dans l'environnement de vos cliens et d'optimiser les ventes.<\/p>\n<h3 data-fontsize=\"28\" data-lineheight=\"32\">Concluez plus de ventes plus rapidement<\/h3>\n<p>Gr\u00e2ce \u00e0 la r\u00e9alit\u00e9 augment\u00e9e, vos commerciaux peuvent pr\u00e9senter vos produits de mani\u00e8re ultra r\u00e9aliste directement dans l\u2019environnement de votre client. Augment am\u00e9liore l\u2019impact visuel de vos pr\u00e9sentations et aide vos commerciaux \u00e0 conclure leurs ventes plus rapidement.<\/p>\n<p>Visualiser vos produits en temps r\u00e9el dans l\u2019environnement de votre client donnera plus d\u2019impact \u00e0 vos pr\u00e9sentations. La technologie vous permet de travailler avec votre client pour mieux valider le placement de vos produits.<\/p>\n<p>Augment vous permet d\u2019it\u00e9rer, de tester de nouvelles conceptions et de conclure des ventes plus rapidement.<\/p>\n<p><iframe loading=\"lazy\"  id=\"_ytid_60478\"  width=\"1200\" height=\"675\"  data-origwidth=\"1200\" data-origheight=\"675\" src=\"https:\/\/www.youtube.com\/embed\/tluBuQqeIiI?enablejsapi=1&autoplay=0&cc_load_policy=0&cc_lang_pref=&iv_load_policy=1&loop=0&modestbranding=0&rel=1&fs=1&playsinline=0&autohide=2&theme=dark&color=red&controls=1&\" class=\"__youtube_prefs__  epyt-is-override  no-lazyload\" title=\"YouTube player\"  allow=\"autoplay; encrypted-media\" allowfullscreen data-no-lazy=\"1\" data-skipgform_ajax_framebjll=\"\"><\/iframe><\/p>\n","protected":false},"excerpt":{"rendered":"<p>Tweet\u2022 Augment pour le Print Interactif Donnez vie au print. Attirez l&rsquo;attention de votre public gr\u00e2ce \u00e0 une exp\u00e9rience de r\u00e9alit\u00e9 augment\u00e9e. \u2022 Aide \u00e0 la vente digital Augment permet \u00e0 votre \u00e9quipe de vente de simuler vos produits facilement\u00a0en taille r\u00e9elle dans l&rsquo;environnement de vos cliens et d&rsquo;optimiser les ventes. Concluez plus de ventes plus rapidement Gr\u00e2ce \u00e0 la r\u00e9alit\u00e9 augment\u00e9e, vos commerciaux peuvent pr\u00e9senter vos produits de mani\u00e8re ultra r\u00e9aliste directement dans l\u2019environnement de votre client. Augment am\u00e9liore l\u2019impact visuel de vos pr\u00e9sentations et aide vos commerciaux \u00e0 conclure leurs ventes plus rapidement. Visualiser vos produits en temps [&hellip;]<\/p>\n","protected":false},"author":1,"featured_media":0,"parent":5740,"menu_order":0,"comment_status":"open","ping_status":"open","template":"","meta":[],"_links":{"self":[{"href":"https:\/\/www.techpro-digital.com\/index.php?rest_route=\/wp\/v2\/pages\/154"}],"collection":[{"href":"https:\/\/www.techpro-digital.com\/index.php?rest_route=\/wp\/v2\/pages"}],"about":[{"href":"https:\/\/www.techpro-digital.com\/index.php?rest_route=\/wp\/v2\/types\/page"}],"author":[{"embeddable":true,"href":"https:\/\/www.techpro-digital.com\/index.php?rest_route=\/wp\/v2\/users\/1"}],"replies":[{"embeddable":true,"href":"https:\/\/www.techpro-digital.com\/index.php?rest_route=%2Fwp%2Fv2%2Fcomments&post=154"}],"version-history":[{"count":4,"href":"https:\/\/www.techpro-digital.com\/index.php?rest_route=\/wp\/v2\/pages\/154\/revisions"}],"predecessor-version":[{"id":6197,"href":"https:\/\/www.techpro-digital.com\/index.php?rest_route=\/wp\/v2\/pages\/154\/revisions\/6197"}],"up":[{"embeddable":true,"href":"https:\/\/www.techpro-digital.com\/index.php?rest_route=\/wp\/v2\/pages\/5740"}],"wp:attachment":[{"href":"https:\/\/www.techpro-digital.com\/index.php?rest_route=%2Fwp%2Fv2%2Fmedia&parent=154"}],"curies":[{"name":"wp","href":"https:\/\/api.w.org\/{rel}","templated":true}]}}