{"id":124,"date":"2015-05-30T23:11:54","date_gmt":"2015-05-30T22:11:54","guid":{"rendered":"http:\/\/127.0.0.1\/techpro\/?page_id=124"},"modified":"2016-01-16T22:43:38","modified_gmt":"2016-01-16T22:43:38","slug":"mariage","status":"publish","type":"page","link":"https:\/\/www.techpro-digital.com\/?page_id=124","title":{"rendered":"Mariage"},"content":{"rendered":"<p><a href=\"http:\/\/twitter.com\/share?url=https%3A%2F%2Fwww.techpro-digital.com%2F%3Fpage_id%3D124&amp;count=none&amp;text=Mariage - TECHPRO-DIGITAL - Services PHOTO - VIDEO - POST PRODUCTION - CREATION - WEB\" class=\"twitter-share-button\">Tweet<\/a><\/p><p>Notre \u00e9quipe s'est fait une sp\u00e9cialit\u00e9 des mariages en pouvant mobiliser des Photographes professionnels de presse habitu\u00e9s surtout \u00e0 trouver un certain regard.<\/p>\n<p>Nos prestations couvrent aussi bien les besoins photos ou vid\u00e9os, et de pr\u00e9f\u00e9rence nous aimons couvrir l'ensemble du mariage afin de raconter une vraie histoire.<\/p>\n<p>En terme de publication nous livrons toujours des photos \u00e9dit\u00e9es retouch\u00e9es et index\u00e9es ( mots cl\u00e9s IPTC) en haute d\u00e9finition. Vous retrouverez l'ensemble de nos forfaits sur la page des services.<\/p>\n<p>Nous vous proposons 4 portfolio diff\u00e9rents.<\/p>\n<p>Sur ce lien :<\/p>\n<p><a href=\"http:\/\/www.ceandfab-lavieenrose.com\" target=\"_blank\">http:\/\/www.ceandfab-lavieenrose.com<\/a><\/p>\n<p>Vous trouverez une prestation globale :<\/p>\n<ul>\n<li>Prise de vue sur 2 jours des pr\u00e9paratifs, aux photos, \u00e0 la c\u00e9r\u00e9monie et la soir\u00e9e<\/li>\n<li>La vid\u00e9o avec la r\u00e9alisation d\"un film de pr\u00e8s d'1h30 avec post production et montage.<\/li>\n<li>R\u00e9alisation d'un site web responsive d\u00e9di\u00e9 avec tous les \u00e9l\u00e9ments images publi\u00e9es.<\/li>\n<li>Le site en ligne int\u00e8gre une galerie imagevue X3 pr\u00e9sent\u00e9e dans la section service.<\/li>\n<\/ul>\n<p>&nbsp;<\/p>\n","protected":false},"excerpt":{"rendered":"<p>TweetNotre \u00e9quipe s&rsquo;est fait une sp\u00e9cialit\u00e9 des mariages en pouvant mobiliser des Photographes professionnels de presse habitu\u00e9s surtout \u00e0 trouver un certain regard. Nos prestations couvrent aussi bien les besoins photos ou vid\u00e9os, et de pr\u00e9f\u00e9rence nous aimons couvrir l&rsquo;ensemble du mariage afin de raconter une vraie histoire. En terme de publication nous livrons toujours des photos \u00e9dit\u00e9es retouch\u00e9es et index\u00e9es ( mots cl\u00e9s IPTC) en haute d\u00e9finition. Vous retrouverez l&rsquo;ensemble de nos forfaits sur la page des services. Nous vous proposons 4 portfolio diff\u00e9rents. Sur ce lien : http:\/\/www.ceandfab-lavieenrose.com Vous trouverez une prestation globale : Prise de vue sur [&hellip;]<\/p>\n","protected":false},"author":1,"featured_media":0,"parent":12,"menu_order":0,"comment_status":"open","ping_status":"open","template":"","meta":[],"_links":{"self":[{"href":"https:\/\/www.techpro-digital.com\/index.php?rest_route=\/wp\/v2\/pages\/124"}],"collection":[{"href":"https:\/\/www.techpro-digital.com\/index.php?rest_route=\/wp\/v2\/pages"}],"about":[{"href":"https:\/\/www.techpro-digital.com\/index.php?rest_route=\/wp\/v2\/types\/page"}],"author":[{"embeddable":true,"href":"https:\/\/www.techpro-digital.com\/index.php?rest_route=\/wp\/v2\/users\/1"}],"replies":[{"embeddable":true,"href":"https:\/\/www.techpro-digital.com\/index.php?rest_route=%2Fwp%2Fv2%2Fcomments&post=124"}],"version-history":[{"count":8,"href":"https:\/\/www.techpro-digital.com\/index.php?rest_route=\/wp\/v2\/pages\/124\/revisions"}],"predecessor-version":[{"id":6092,"href":"https:\/\/www.techpro-digital.com\/index.php?rest_route=\/wp\/v2\/pages\/124\/revisions\/6092"}],"up":[{"embeddable":true,"href":"https:\/\/www.techpro-digital.com\/index.php?rest_route=\/wp\/v2\/pages\/12"}],"wp:attachment":[{"href":"https:\/\/www.techpro-digital.com\/index.php?rest_route=%2Fwp%2Fv2%2Fmedia&parent=124"}],"curies":[{"name":"wp","href":"https:\/\/api.w.org\/{rel}","templated":true}]}}