{"id":120,"date":"2015-05-30T23:11:22","date_gmt":"2015-05-30T22:11:22","guid":{"rendered":"http:\/\/127.0.0.1\/techpro\/?page_id=120"},"modified":"2016-08-01T08:16:20","modified_gmt":"2016-08-01T08:16:20","slug":"corporate","status":"publish","type":"page","link":"https:\/\/www.techpro-digital.com\/?page_id=120","title":{"rendered":"Corporate"},"content":{"rendered":"<p><a href=\"http:\/\/twitter.com\/share?url=https%3A%2F%2Fwww.techpro-digital.com%2F%3Fpage_id%3D120&amp;count=none&amp;text=Corporate - TECHPRO-DIGITAL - Services PHOTO - VIDEO - POST PRODUCTION - CREATION - WEB\" class=\"twitter-share-button\">Tweet<\/a><\/p><p>Avec notre \u00e9quipe de photographes professionnels nous assurons tout type de prestations photos et videos \u00a0:<\/p>\n<p>- Soir\u00e9e \u00e9v\u00e8nementielles<\/p>\n<p>- Soir\u00e9e VIP<\/p>\n<p>- Conf\u00e9rences<\/p>\n<p>Voici quelques r\u00e9f\u00e9rences de montages pour des clients combinant photos et videos pour des institutionnels, \u00e9diteurs, agences en vue de mettre en avant un \u00e9v\u00e9nement ou pour g\u00e9rer une campagne marketing :<\/p>\n<!-- print_responsive_video_grid_func --><style type='text\/css'>\n       #divSliderMain69e4a87eba227  {background: none repeat scroll 0 0 ! important;\n                border: 0px none !important;\n                box-shadow: 0 0 0 0 !important;\n\n        }\n        <\/style>\t\n      \n","protected":false},"excerpt":{"rendered":"<p>TweetAvec notre \u00e9quipe de photographes professionnels nous assurons tout type de prestations photos et videos \u00a0: &#8211; Soir\u00e9e \u00e9v\u00e8nementielles &#8211; Soir\u00e9e VIP &#8211; Conf\u00e9rences Voici quelques r\u00e9f\u00e9rences de montages pour des clients combinant photos et videos pour des institutionnels, \u00e9diteurs, agences en vue de mettre en avant un \u00e9v\u00e9nement ou pour g\u00e9rer une campagne marketing :<\/p>\n","protected":false},"author":1,"featured_media":0,"parent":12,"menu_order":0,"comment_status":"open","ping_status":"open","template":"","meta":[],"_links":{"self":[{"href":"https:\/\/www.techpro-digital.com\/index.php?rest_route=\/wp\/v2\/pages\/120"}],"collection":[{"href":"https:\/\/www.techpro-digital.com\/index.php?rest_route=\/wp\/v2\/pages"}],"about":[{"href":"https:\/\/www.techpro-digital.com\/index.php?rest_route=\/wp\/v2\/types\/page"}],"author":[{"embeddable":true,"href":"https:\/\/www.techpro-digital.com\/index.php?rest_route=\/wp\/v2\/users\/1"}],"replies":[{"embeddable":true,"href":"https:\/\/www.techpro-digital.com\/index.php?rest_route=%2Fwp%2Fv2%2Fcomments&post=120"}],"version-history":[{"count":6,"href":"https:\/\/www.techpro-digital.com\/index.php?rest_route=\/wp\/v2\/pages\/120\/revisions"}],"predecessor-version":[{"id":6289,"href":"https:\/\/www.techpro-digital.com\/index.php?rest_route=\/wp\/v2\/pages\/120\/revisions\/6289"}],"up":[{"embeddable":true,"href":"https:\/\/www.techpro-digital.com\/index.php?rest_route=\/wp\/v2\/pages\/12"}],"wp:attachment":[{"href":"https:\/\/www.techpro-digital.com\/index.php?rest_route=%2Fwp%2Fv2%2Fmedia&parent=120"}],"curies":[{"name":"wp","href":"https:\/\/api.w.org\/{rel}","templated":true}]}}