{"id":112,"date":"2015-05-30T23:08:20","date_gmt":"2015-05-30T22:08:20","guid":{"rendered":"http:\/\/127.0.0.1\/techpro\/?page_id=112"},"modified":"2016-02-07T23:00:41","modified_gmt":"2016-02-07T23:00:41","slug":"dalim-es-dam","status":"publish","type":"page","link":"https:\/\/www.techpro-digital.com\/?page_id=112","title":{"rendered":"DALIM ES DAM"},"content":{"rendered":"<p><a href=\"http:\/\/twitter.com\/share?url=https%3A%2F%2Fwww.techpro-digital.com%2F%3Fpage_id%3D112&amp;count=none&amp;text=DALIM ES DAM - TECHPRO-DIGITAL - Services PHOTO - VIDEO - POST PRODUCTION - CREATION - WEB\" class=\"twitter-share-button\">Tweet<\/a><\/p><h3 class=\"gdlr-item-title gdlr-skin-title gdlr-skin-border gdlr-title-large\">G\u00c9RER UN PROJET ENTIER NE CONSISTE PAS SEULEMENT EN UN SIMPLE CYCLE DE VALIDATION<\/h3>\n<p><a href=\"http:\/\/www.techpro-digital.com\/wp-content\/uploads\/2015\/05\/dam.jpg\" rel=\"attachment wp-att-5951\"><img loading=\"lazy\" class=\"aligncenter wp-image-5951\" src=\"http:\/\/www.techpro-digital.com\/wp-content\/uploads\/2015\/05\/dam-1024x567.jpg\" alt=\"dam\" width=\"674\" height=\"361\" \/><\/a><\/p>\n<p>&nbsp;<\/p>\n<p>Lors de la fabrication d\u2019un journal de petites annonces, d\u2019un catalogue, d\u2019une s\u00e9rie d\u2019\u00e9tiquettes pour bouteille ou n\u2019importe quelques autres visuels marketing, la gestion du projet consiste en bien plus qu\u2019une \u00e9tape unique. Il s\u2019agit de produire, g\u00e9rer, transformer et partager des contenus num\u00e9riques avec les outils appropri\u00e9s, les bonnes personnes et aux bons moments, de n\u2019importe o\u00f9 et n\u2019importe quand.<\/p>\n<p>ES est l\u2019outil le plus complet disponible sur internet, combinant les aspects techniques de la production avec le cycle de vie et la gestion du processus industriel de contenus multi-canaux. ES est bas\u00e9 sur une technologie ouverte qui permet de s\u2019int\u00e9grer \u00e0 d\u2019autres syst\u00e8mes allant des MIS ou ERP aux solutions sp\u00e9cialis\u00e9es pour le packaging par exemple.<\/p>\n<p>ES laisse l\u2019utilisateur planifier, ex\u00e9cuter ou contr\u00f4ler chaque aspect de la production ind\u00e9pendamment du type de sorties finales (impression, internet, tablette num\u00e9rique, film et autres). Cela permet d\u2019apporter productivit\u00e9 et rentabilit\u00e9 durables.<\/p>\n<p>&nbsp;<\/p>\n<h3 class=\"gdlr-item-title gdlr-skin-title gdlr-skin-border gdlr-title-large\">\"...DE LA VERIFICATION DU CONTENU A L'EPREUVE PRECIS DES COULEURS ...\"<\/h3>\n<p><a href=\"http:\/\/www.techpro-digital.com\/wp-content\/uploads\/2015\/05\/dialogue-engine.jpg\" rel=\"attachment wp-att-5952\"><img loading=\"lazy\" class=\"aligncenter wp-image-5952\" src=\"http:\/\/www.techpro-digital.com\/wp-content\/uploads\/2015\/05\/dialogue-engine-1024x574.jpg\" alt=\"dialogue-engine\" width=\"725\" height=\"391\" \/><\/a><\/p>\n<div class=\"column\">T\u00f4t ou tard, votre client devra v\u00e9rifier la couleur, le contenu ou la mise en page de votre travail afin d\u2019approuver les changements de derni\u00e8re minute ou la version finale. Mais avec des d\u00e9lais de plus en plus courts et des distances qui s\u00e9parent les partenaires commerciaux, il devient impossible d\u2019utiliser\u00a0les m\u00e9thodes traditionnelles de validation. Ces m\u00e9thodes qui ont fait leur preuve ne sont plus suffisamment efficaces, c\u2019est pourquoi les m\u00e9thodes de validation \u00e0 distance (soft-proofing) deviennent une \u00e9vidence.<\/div>\n<div class=\"column\"><\/div>\n<div class=\"column\"><a href=\"http:\/\/www.techpro-digital.com\/wp-content\/uploads\/2015\/05\/ES1.png\" rel=\"attachment wp-att-6146\"><img loading=\"lazy\" class=\"aligncenter size-full wp-image-6146\" src=\"http:\/\/www.techpro-digital.com\/wp-content\/uploads\/2015\/05\/ES1.png\" alt=\"ES1\" width=\"800\" height=\"540\" srcset=\"https:\/\/www.techpro-digital.com\/wp-content\/uploads\/2015\/05\/ES1.png 800w, https:\/\/www.techpro-digital.com\/wp-content\/uploads\/2015\/05\/ES1-300x203.png 300w, https:\/\/www.techpro-digital.com\/wp-content\/uploads\/2015\/05\/ES1-768x518.png 768w, https:\/\/www.techpro-digital.com\/wp-content\/uploads\/2015\/05\/ES1-620x420.png 620w, https:\/\/www.techpro-digital.com\/wp-content\/uploads\/2015\/05\/ES1-400x270.png 400w, https:\/\/www.techpro-digital.com\/wp-content\/uploads\/2015\/05\/ES1-741x500.png 741w\" sizes=\"(max-width: 800px) 100vw, 800px\" \/><\/a><\/div>\n<div class=\"column\"><\/div>\n<div class=\"column\">Avec le serveur de soft-proofing DIALOGUE Engine, l\u2019efficacit\u00e9 n\u2019est pas seulement une question de co\u00fbt et de temps gagn\u00e9. La productivit\u00e9 en est aussi une partie int\u00e9grante, et elle est assur\u00e9e gr\u00e2ce \u00e0 un outil facile \u00e0 utiliser, en effet l\u2019interface intuitive permet \u00e0 l\u2019utilisateur de travailler imm\u00e9diatement sans pr\u00e9-requis.<\/div>\n<div class=\"column\"><\/div>\n<div class=\"column\">\u00a0<img loading=\"lazy\" class=\"aligncenter size-full wp-image-6145\" src=\"http:\/\/www.techpro-digital.com\/wp-content\/uploads\/2015\/05\/ES2.png\" alt=\"ES2\" width=\"800\" height=\"481\" srcset=\"https:\/\/www.techpro-digital.com\/wp-content\/uploads\/2015\/05\/ES2.png 800w, https:\/\/www.techpro-digital.com\/wp-content\/uploads\/2015\/05\/ES2-300x180.png 300w, https:\/\/www.techpro-digital.com\/wp-content\/uploads\/2015\/05\/ES2-768x462.png 768w, https:\/\/www.techpro-digital.com\/wp-content\/uploads\/2015\/05\/ES2-400x241.png 400w\" sizes=\"(max-width: 800px) 100vw, 800px\" \/><\/div>\n<div class=\"column\">Tout comme un SDK (Kit de d\u00e9veloppement de logiciel), DIALOGUE Engine a \u00e9t\u00e9 con\u00e7u pour \u00eatre une part int\u00e9grante de n\u2019importe quelle autre solution tierce de DAM ou portail web. Les clients ne se sentiront pas d\u00e9pays\u00e9s car il leur suffira d\u2019ajouter ce syst\u00e8me de soft-proofing \u00e0 leur solution existante.<\/div>\n<div class=\"column\"><\/div>\n<div class=\"column\"><a href=\"http:\/\/www.techpro-digital.com\/wp-content\/uploads\/2015\/05\/ES3.png\" rel=\"attachment wp-att-6147\"><img loading=\"lazy\" class=\"aligncenter size-full wp-image-6147\" src=\"http:\/\/www.techpro-digital.com\/wp-content\/uploads\/2015\/05\/ES3.png\" alt=\"ES3\" width=\"800\" height=\"484\" srcset=\"https:\/\/www.techpro-digital.com\/wp-content\/uploads\/2015\/05\/ES3.png 800w, https:\/\/www.techpro-digital.com\/wp-content\/uploads\/2015\/05\/ES3-300x182.png 300w, https:\/\/www.techpro-digital.com\/wp-content\/uploads\/2015\/05\/ES3-768x465.png 768w, https:\/\/www.techpro-digital.com\/wp-content\/uploads\/2015\/05\/ES3-400x242.png 400w\" sizes=\"(max-width: 800px) 100vw, 800px\" \/><\/a><\/div>\n","protected":false},"excerpt":{"rendered":"<p>TweetG\u00c9RER UN PROJET ENTIER NE CONSISTE PAS SEULEMENT EN UN SIMPLE CYCLE DE VALIDATION &nbsp; Lors de la fabrication d\u2019un journal de petites annonces, d\u2019un catalogue, d\u2019une s\u00e9rie d\u2019\u00e9tiquettes pour bouteille ou n\u2019importe quelques autres visuels marketing, la gestion du projet consiste en bien plus qu\u2019une \u00e9tape unique. Il s\u2019agit de produire, g\u00e9rer, transformer et partager des contenus num\u00e9riques avec les outils appropri\u00e9s, les bonnes personnes et aux bons moments, de n\u2019importe o\u00f9 et n\u2019importe quand. ES est l\u2019outil le plus complet disponible sur internet, combinant les aspects techniques de la production avec le cycle de vie et la gestion [&hellip;]<\/p>\n","protected":false},"author":1,"featured_media":0,"parent":5908,"menu_order":0,"comment_status":"open","ping_status":"open","template":"","meta":[],"_links":{"self":[{"href":"https:\/\/www.techpro-digital.com\/index.php?rest_route=\/wp\/v2\/pages\/112"}],"collection":[{"href":"https:\/\/www.techpro-digital.com\/index.php?rest_route=\/wp\/v2\/pages"}],"about":[{"href":"https:\/\/www.techpro-digital.com\/index.php?rest_route=\/wp\/v2\/types\/page"}],"author":[{"embeddable":true,"href":"https:\/\/www.techpro-digital.com\/index.php?rest_route=\/wp\/v2\/users\/1"}],"replies":[{"embeddable":true,"href":"https:\/\/www.techpro-digital.com\/index.php?rest_route=%2Fwp%2Fv2%2Fcomments&post=112"}],"version-history":[{"count":6,"href":"https:\/\/www.techpro-digital.com\/index.php?rest_route=\/wp\/v2\/pages\/112\/revisions"}],"predecessor-version":[{"id":6149,"href":"https:\/\/www.techpro-digital.com\/index.php?rest_route=\/wp\/v2\/pages\/112\/revisions\/6149"}],"up":[{"embeddable":true,"href":"https:\/\/www.techpro-digital.com\/index.php?rest_route=\/wp\/v2\/pages\/5908"}],"wp:attachment":[{"href":"https:\/\/www.techpro-digital.com\/index.php?rest_route=%2Fwp%2Fv2%2Fmedia&parent=112"}],"curies":[{"name":"wp","href":"https:\/\/api.w.org\/{rel}","templated":true}]}}