{"id":108,"date":"2015-05-30T23:07:49","date_gmt":"2015-05-30T22:07:49","guid":{"rendered":"http:\/\/127.0.0.1\/techpro\/?page_id=108"},"modified":"2016-01-15T10:09:03","modified_gmt":"2016-01-15T10:09:03","slug":"phraseanet","status":"publish","type":"page","link":"https:\/\/www.techpro-digital.com\/?page_id=108","title":{"rendered":"Phraseanet"},"content":{"rendered":"<p><a href=\"http:\/\/twitter.com\/share?url=https%3A%2F%2Fwww.techpro-digital.com%2F%3Fpage_id%3D108&amp;count=none&amp;text=Phraseanet - TECHPRO-DIGITAL - Services PHOTO - VIDEO - POST PRODUCTION - CREATION - WEB\" class=\"twitter-share-button\">Tweet<\/a><\/p><p><span style=\"color: #35312b;\">\u00a0<\/span><\/p>\n<div class=\"entry float\">\n<h2 style=\"color: #dddddd;\"><span style=\"color: #000000;\"><strong><a style=\"color: #3caadc;\" href=\"http:\/\/alchemy.fr\/IMG\/pdf\/Phraseanet3.8.pdf\" target=\"_blank\"><span style=\"color: #000000;\">GESTION DE PHOTOTHEQUE<\/span><\/a><\/strong><\/span><\/h2>\n<p style=\"color: #dddddd;\"><span style=\"color: #000000;\"><em>Nous pouvons vous accompagner dans la mise en place d'une des solutions professionnelles de gestion de m\u00e9dias num\u00e9riques les plus abouties du march\u00e9\u2026<\/em><\/span><\/p>\n<p style=\"color: #dddddd;\"><a href=\"http:\/\/www.techpro-digital.com\/wp-content\/uploads\/2016\/01\/Phraseanet_HOMEFR.jpg\" rel=\"attachment wp-att-6023\"><img loading=\"lazy\" class=\"aligncenter size-large wp-image-6023\" src=\"http:\/\/www.techpro-digital.com\/wp-content\/uploads\/2016\/01\/Phraseanet_HOMEFR-1024x573.jpg\" alt=\"Phraseanet_HOMEFR\" width=\"1024\" height=\"573\" srcset=\"https:\/\/www.techpro-digital.com\/wp-content\/uploads\/2016\/01\/Phraseanet_HOMEFR-1024x573.jpg 1024w, https:\/\/www.techpro-digital.com\/wp-content\/uploads\/2016\/01\/Phraseanet_HOMEFR-300x168.jpg 300w, https:\/\/www.techpro-digital.com\/wp-content\/uploads\/2016\/01\/Phraseanet_HOMEFR-768x430.jpg 768w, https:\/\/www.techpro-digital.com\/wp-content\/uploads\/2016\/01\/Phraseanet_HOMEFR-400x224.jpg 400w, https:\/\/www.techpro-digital.com\/wp-content\/uploads\/2016\/01\/Phraseanet_HOMEFR-894x500.jpg 894w, https:\/\/www.techpro-digital.com\/wp-content\/uploads\/2016\/01\/Phraseanet_HOMEFR.jpg 1078w\" sizes=\"(max-width: 1024px) 100vw, 1024px\" \/><\/a><\/p>\n<p style=\"color: #dddddd;\"><span style=\"color: #000000;\"><strong>Phraseanet \u00a0qui est une solution open source apporte une r\u00e9ponse compl\u00e8te aux organisations de toutes sortes pour la gestion et la publication des m\u00e9dias num\u00e9riques (Photos, Vid\u00e9os, Documents Audio, PDF, Office\u2026).<\/strong><\/span><\/p>\n<p style=\"color: #dddddd;\"><span style=\"color: #000000;\">Phraseanet existe depuis 2005. Logiciel de gestion d\u2019images et multim\u00e9dia, Phraseanet est implant\u00e9 chez un grand nombre de soci\u00e9t\u00e9s et administrations de toutes tailles pour lesquelles l\u2019organisation des ressources num\u00e9riques n\u00e9cessite la mise en \u0153uvre d\u2019une solution puissante, fonctionnellement riche, simple \u00e0 d\u00e9ployer, \u00e9volutive, dot\u00e9e d\u2019une grande ergonomie de travail, et \u00e9conomique.<\/span><\/p>\n<p style=\"color: #dddddd;\"><span style=\"color: #000000;\">La solution se positionne comme solution d\u00e9partementale, transversale interservices ou encore comme solution groupe inter-filiales.<\/span><\/p>\n<p style=\"color: #dddddd;\"><span style=\"color: #000000;\">Construite uniquement \u00e0 partir de composants standards, Phraseanet utilise Mysql, Php, Apache, et \u00e9volue sur des plate-formes Linux, Windows ou Mac Os.<\/span><\/p>\n<h2 style=\"color: #dddddd;\"><span style=\"color: #000000;\"><a style=\"color: #3caadc;\" href=\"http:\/\/alchemy.fr\/spip.php?page=rubrique&amp;id_rubrique=7\" target=\"_blank\"><span style=\"color: #000000;\">ACCES AUX INTERFACES<\/span><\/a><\/span><\/h2>\n<p style=\"color: #dddddd;\"><span style=\"color: #000000;\">Lorsque vous vous connectez sur votre base Phraseanet, vous acc\u00e9dez \u00e0 7 interfaces vous permettant de r\u00e9aliser diverses actions :<\/span><\/p>\n<ul style=\"color: #dddddd;\">\n<li>\n<h3><span style=\"color: #000000;\"><strong><a style=\"color: #3caadc;\" href=\"http:\/\/alchemy.fr\/spip.php?page=article&amp;id_article=16&amp;id_rubrique=7\" target=\"_blank\"><span style=\"color: #000000;\">Interface d\u2019Administration<\/span><\/a><\/strong><\/span><\/h3>\n<p><span style=\"color: #000000;\">Cr\u00e9ation, param\u00e9trage et gestion des bases de donn\u00e9es et collections, des t\u00e2ches de process, gestion des utilisateurs, gestion des param\u00e8tres.<\/span><\/li>\n<\/ul>\n<\/div>\n<div class=\"entry float\">\n<ul style=\"color: #dddddd;\">\n<li>\n<h3><span style=\"color: #000000;\"><strong><a style=\"color: #3caadc;\" href=\"http:\/\/alchemy.fr\/spip.php?page=article&amp;id_article=85&amp;id_rubrique=7\" target=\"_blank\"><span style=\"color: #000000;\">L\u2019Upload<\/span><\/a><\/strong><\/span><\/h3>\n<p><span style=\"color: #000000;\">Application d\u00e9di\u00e9e au transfert des documents vers les bases de donn\u00e9es. Voil\u00e0 le module d'upload dans Phraseanet :<\/span><\/li>\n<\/ul>\n<\/div>\n<p><a href=\"http:\/\/www.techpro-digital.com\/wp-content\/uploads\/2016\/01\/Phraseanet_Upload1.jpg\" rel=\"attachment wp-att-6024\"><img loading=\"lazy\" class=\"aligncenter size-large wp-image-6024\" src=\"http:\/\/www.techpro-digital.com\/wp-content\/uploads\/2016\/01\/Phraseanet_Upload1-1024x494.jpg\" alt=\"Phraseanet_Upload1\" width=\"1024\" height=\"494\" srcset=\"https:\/\/www.techpro-digital.com\/wp-content\/uploads\/2016\/01\/Phraseanet_Upload1-1024x494.jpg 1024w, https:\/\/www.techpro-digital.com\/wp-content\/uploads\/2016\/01\/Phraseanet_Upload1-300x145.jpg 300w, https:\/\/www.techpro-digital.com\/wp-content\/uploads\/2016\/01\/Phraseanet_Upload1-768x370.jpg 768w, https:\/\/www.techpro-digital.com\/wp-content\/uploads\/2016\/01\/Phraseanet_Upload1-400x193.jpg 400w, https:\/\/www.techpro-digital.com\/wp-content\/uploads\/2016\/01\/Phraseanet_Upload1-1037x500.jpg 1037w, https:\/\/www.techpro-digital.com\/wp-content\/uploads\/2016\/01\/Phraseanet_Upload1.jpg 1304w\" sizes=\"(max-width: 1024px) 100vw, 1024px\" \/><\/a><\/p>\n<p>&nbsp;<\/p>\n<div class=\"entry float\">\n<ul style=\"color: #dddddd;\">\n<li><span style=\"color: #000000;\">On dispose aussi d'un module quarantaine pour mettre de c\u00f4t\u00e9 les doublons ou les documents non conforme\u00a0:<\/span><\/li>\n<\/ul>\n<\/div>\n<p><a href=\"http:\/\/www.techpro-digital.com\/wp-content\/uploads\/2016\/01\/Phraseanet_Upload-quarantaine1.jpg\" rel=\"attachment wp-att-6025\"><img loading=\"lazy\" class=\"aligncenter size-large wp-image-6025\" src=\"http:\/\/www.techpro-digital.com\/wp-content\/uploads\/2016\/01\/Phraseanet_Upload-quarantaine1-1024x496.jpg\" alt=\"Phraseanet_Upload-quarantaine1\" width=\"1024\" height=\"496\" srcset=\"https:\/\/www.techpro-digital.com\/wp-content\/uploads\/2016\/01\/Phraseanet_Upload-quarantaine1-1024x496.jpg 1024w, https:\/\/www.techpro-digital.com\/wp-content\/uploads\/2016\/01\/Phraseanet_Upload-quarantaine1-300x145.jpg 300w, https:\/\/www.techpro-digital.com\/wp-content\/uploads\/2016\/01\/Phraseanet_Upload-quarantaine1-768x372.jpg 768w, https:\/\/www.techpro-digital.com\/wp-content\/uploads\/2016\/01\/Phraseanet_Upload-quarantaine1-1000x485.jpg 1000w, https:\/\/www.techpro-digital.com\/wp-content\/uploads\/2016\/01\/Phraseanet_Upload-quarantaine1-400x194.jpg 400w, https:\/\/www.techpro-digital.com\/wp-content\/uploads\/2016\/01\/Phraseanet_Upload-quarantaine1-1033x500.jpg 1033w, https:\/\/www.techpro-digital.com\/wp-content\/uploads\/2016\/01\/Phraseanet_Upload-quarantaine1.jpg 1301w\" sizes=\"(max-width: 1024px) 100vw, 1024px\" \/><\/a><\/p>\n<div class=\"entry float\">\n<ul style=\"color: #dddddd;\">\n<li>\n<h3><span style=\"color: #000000;\"><strong><a style=\"color: #3caadc;\" href=\"http:\/\/alchemy.fr\/spip.php?page=article&amp;id_article=14&amp;id_rubrique=7\" target=\"_blank\"><span style=\"color: #000000;\">Production<\/span><\/a><\/strong><\/span><\/h3>\n<p><span style=\"color: #000000;\">Gestion des contenus documentaires, fonctions d\u2019\u00e9dition (renseignement en lots, avec thesaurus), ajout de statusbits, mise en place de flux de validation, publication et gestion des actualit\u00e9s, partage hors application (Twitter, Facebook\u2026), archivage, suppression\u2026<\/span><\/li>\n<\/ul>\n<p><a href=\"http:\/\/www.techpro-digital.com\/wp-content\/uploads\/2016\/01\/Phraseanet_PRODUCTIONfr.png\" rel=\"attachment wp-att-6026\"><img loading=\"lazy\" class=\"aligncenter size-large wp-image-6026\" src=\"http:\/\/www.techpro-digital.com\/wp-content\/uploads\/2016\/01\/Phraseanet_PRODUCTIONfr-1024x491.png\" alt=\"Phraseanet_PRODUCTIONfr\" width=\"1024\" height=\"491\" srcset=\"https:\/\/www.techpro-digital.com\/wp-content\/uploads\/2016\/01\/Phraseanet_PRODUCTIONfr-1024x491.png 1024w, https:\/\/www.techpro-digital.com\/wp-content\/uploads\/2016\/01\/Phraseanet_PRODUCTIONfr-300x144.png 300w, https:\/\/www.techpro-digital.com\/wp-content\/uploads\/2016\/01\/Phraseanet_PRODUCTIONfr-768x368.png 768w, https:\/\/www.techpro-digital.com\/wp-content\/uploads\/2016\/01\/Phraseanet_PRODUCTIONfr-400x192.png 400w, https:\/\/www.techpro-digital.com\/wp-content\/uploads\/2016\/01\/Phraseanet_PRODUCTIONfr-1044x500.png 1044w, https:\/\/www.techpro-digital.com\/wp-content\/uploads\/2016\/01\/Phraseanet_PRODUCTIONfr.png 1916w\" sizes=\"(max-width: 1024px) 100vw, 1024px\" \/><\/a><\/p>\n<ul style=\"color: #dddddd;\">\n<li>\n<h3><span style=\"color: #000000;\"><strong>Publication<br \/>\n<\/strong><\/span><\/h3>\n<p><span style=\"color: #000000;\">Gestion des publications en vue de partager le compte tenu d'une collection :<\/span><\/li>\n<\/ul>\n<p><a href=\"http:\/\/www.techpro-digital.com\/wp-content\/uploads\/2016\/01\/Phraseanet_publications.png\" rel=\"attachment wp-att-6022\"><img loading=\"lazy\" class=\"aligncenter size-large wp-image-6022\" src=\"http:\/\/www.techpro-digital.com\/wp-content\/uploads\/2016\/01\/Phraseanet_publications-1024x491.png\" alt=\"Phraseanet_publications\" width=\"1024\" height=\"491\" srcset=\"https:\/\/www.techpro-digital.com\/wp-content\/uploads\/2016\/01\/Phraseanet_publications-1024x491.png 1024w, https:\/\/www.techpro-digital.com\/wp-content\/uploads\/2016\/01\/Phraseanet_publications-300x144.png 300w, https:\/\/www.techpro-digital.com\/wp-content\/uploads\/2016\/01\/Phraseanet_publications-768x368.png 768w, https:\/\/www.techpro-digital.com\/wp-content\/uploads\/2016\/01\/Phraseanet_publications-400x192.png 400w, https:\/\/www.techpro-digital.com\/wp-content\/uploads\/2016\/01\/Phraseanet_publications-1044x500.png 1044w, https:\/\/www.techpro-digital.com\/wp-content\/uploads\/2016\/01\/Phraseanet_publications.png 1916w\" sizes=\"(max-width: 1024px) 100vw, 1024px\" \/><\/a><\/p>\n<ul style=\"color: #dddddd;\">\n<li>\n<h3><span style=\"color: #000000;\"><strong>Meta donn\u00e9es IPTC \/ XMP :<br \/>\n<\/strong><\/span><\/h3>\n<p><span style=\"color: #000000;\">Bien entendu une des parties les plus importantes, la gestion des informations IPTC, permettant de retrouver les photos. Phrasante est capable d'extraire et donc de lire les informations pr\u00e9sentes dans les fichiers mais aussi d'aller les modifier de fa\u00e7on incr\u00e9metale ou en lot et les informations sont en live enregistrer dans les fichiers.<\/span><\/li>\n<\/ul>\n<p><a href=\"http:\/\/www.techpro-digital.com\/wp-content\/uploads\/2016\/01\/Phraseanet_Prod-Vuedetaillee-link.jpg\" rel=\"attachment wp-att-6021\"><img loading=\"lazy\" class=\"aligncenter size-large wp-image-6021\" src=\"http:\/\/www.techpro-digital.com\/wp-content\/uploads\/2016\/01\/Phraseanet_Prod-Vuedetaillee-link-1024x494.jpg\" alt=\"Phraseanet_Prod-Vuedetaillee-link\" width=\"1024\" height=\"494\" srcset=\"https:\/\/www.techpro-digital.com\/wp-content\/uploads\/2016\/01\/Phraseanet_Prod-Vuedetaillee-link-1024x494.jpg 1024w, https:\/\/www.techpro-digital.com\/wp-content\/uploads\/2016\/01\/Phraseanet_Prod-Vuedetaillee-link-300x145.jpg 300w, https:\/\/www.techpro-digital.com\/wp-content\/uploads\/2016\/01\/Phraseanet_Prod-Vuedetaillee-link-768x371.jpg 768w, https:\/\/www.techpro-digital.com\/wp-content\/uploads\/2016\/01\/Phraseanet_Prod-Vuedetaillee-link-400x193.jpg 400w, https:\/\/www.techpro-digital.com\/wp-content\/uploads\/2016\/01\/Phraseanet_Prod-Vuedetaillee-link-1036x500.jpg 1036w, https:\/\/www.techpro-digital.com\/wp-content\/uploads\/2016\/01\/Phraseanet_Prod-Vuedetaillee-link.jpg 1303w\" sizes=\"(max-width: 1024px) 100vw, 1024px\" \/><\/a><\/p>\n<ul style=\"color: #dddddd;\">\n<li>\n<h3><span style=\"color: #000000;\"><strong>Gestion des paniers<\/strong><\/span><\/h3>\n<p><span style=\"color: #000000;\">On va pouvoir cr\u00e9er des paniers afin de centraliser une s\u00e9lection en vue d'une publication ou d'un partage \u00e0 un prestataire ext\u00e9rieur au syst\u00e8me.\u00a0<\/span><\/li>\n<\/ul>\n<p><a href=\"http:\/\/www.techpro-digital.com\/wp-content\/uploads\/2016\/01\/Phraseanet_Paniers-Archivage-ex.jpg\" rel=\"attachment wp-att-6020\"><img loading=\"lazy\" class=\"aligncenter size-large wp-image-6020\" src=\"http:\/\/www.techpro-digital.com\/wp-content\/uploads\/2016\/01\/Phraseanet_Paniers-Archivage-ex-1024x533.jpg\" alt=\"Phraseanet_Paniers-Archivage-ex\" width=\"1024\" height=\"533\" srcset=\"https:\/\/www.techpro-digital.com\/wp-content\/uploads\/2016\/01\/Phraseanet_Paniers-Archivage-ex-1024x533.jpg 1024w, https:\/\/www.techpro-digital.com\/wp-content\/uploads\/2016\/01\/Phraseanet_Paniers-Archivage-ex-300x156.jpg 300w, https:\/\/www.techpro-digital.com\/wp-content\/uploads\/2016\/01\/Phraseanet_Paniers-Archivage-ex-768x400.jpg 768w, https:\/\/www.techpro-digital.com\/wp-content\/uploads\/2016\/01\/Phraseanet_Paniers-Archivage-ex-400x208.jpg 400w, https:\/\/www.techpro-digital.com\/wp-content\/uploads\/2016\/01\/Phraseanet_Paniers-Archivage-ex-960x500.jpg 960w, https:\/\/www.techpro-digital.com\/wp-content\/uploads\/2016\/01\/Phraseanet_Paniers-Archivage-ex.jpg 1158w\" sizes=\"(max-width: 1024px) 100vw, 1024px\" \/><\/a><\/p>\n<ul style=\"color: #dddddd;\">\n<li>\n<h3><span style=\"color: #000000;\"><strong><a style=\"color: #3caadc;\" href=\"http:\/\/alchemy.fr\/spip.php?page=article&amp;id_article=64&amp;id_rubrique=7\" target=\"_blank\"><span style=\"color: #000000;\">Thesaurus<\/span><\/a><\/strong><\/span><\/h3>\n<p><span style=\"color: #000000;\">Gestion de Thesaurus au travers d\u2019une application permettant d\u2019acc\u00e9der \u00e0 des listes de mots candidats, multilinguisme, synonymie, pas de limite de profondeur\u2026<\/span><\/li>\n<\/ul>\n<ul style=\"color: #dddddd;\">\n<li>\n<h3><span style=\"color: #000000;\"><strong><a style=\"color: #3caadc;\" href=\"http:\/\/alchemy.fr\/spip.php?page=article&amp;id_article=98&amp;id_rubrique=7\" target=\"_blank\"><span style=\"color: #000000;\">Lightbox<\/span><\/a><\/strong><\/span><\/h3>\n<p><span style=\"color: #000000;\">Interface d\u00e9di\u00e9e \u00e0 la consultation des paniers et aux flux de validation, pour valider, comparer et annoter<\/span><\/li>\n<\/ul>\n<p><a href=\"http:\/\/www.techpro-digital.com\/wp-content\/uploads\/2016\/01\/Phraseanet_Validation3.jpg\" rel=\"attachment wp-att-6015\"><img loading=\"lazy\" class=\"aligncenter size-large wp-image-6015\" src=\"http:\/\/www.techpro-digital.com\/wp-content\/uploads\/2016\/01\/Phraseanet_Validation3-1024x501.jpg\" alt=\"Phraseanet_Validation3\" width=\"1024\" height=\"501\" srcset=\"https:\/\/www.techpro-digital.com\/wp-content\/uploads\/2016\/01\/Phraseanet_Validation3-1024x501.jpg 1024w, https:\/\/www.techpro-digital.com\/wp-content\/uploads\/2016\/01\/Phraseanet_Validation3-300x147.jpg 300w, https:\/\/www.techpro-digital.com\/wp-content\/uploads\/2016\/01\/Phraseanet_Validation3-768x375.jpg 768w, https:\/\/www.techpro-digital.com\/wp-content\/uploads\/2016\/01\/Phraseanet_Validation3-400x196.jpg 400w, https:\/\/www.techpro-digital.com\/wp-content\/uploads\/2016\/01\/Phraseanet_Validation3-1023x500.jpg 1023w, https:\/\/www.techpro-digital.com\/wp-content\/uploads\/2016\/01\/Phraseanet_Validation3.jpg 1305w\" sizes=\"(max-width: 1024px) 100vw, 1024px\" \/><\/a><\/p>\n<p>&nbsp;<\/p>\n<ul style=\"color: #dddddd;\">\n<li>\n<h3><span style=\"color: #000000;\"><strong><a style=\"color: #3caadc;\" href=\"http:\/\/alchemy.fr\/spip.php?page=article&amp;id_article=14&amp;id_rubrique=7\" target=\"_blank\"><span style=\"color: #000000;\">Classic<\/span><\/a><\/strong><\/span><\/h3>\n<p><span style=\"color: #000000;\">Pour rechercher simplement dans une ou plusieurs bases Phraseanet issues d\u2019un ou plusieurs serveurs Phrasante. Voici l'interface \"Classic\" avec les informations de m\u00e9ta donn\u00e9es:<\/span><\/li>\n<\/ul>\n<p><a href=\"http:\/\/www.techpro-digital.com\/wp-content\/uploads\/2016\/01\/Phraseanet_Classic-vuedetaillee1.jpg\" rel=\"attachment wp-att-6018\"><img loading=\"lazy\" class=\"aligncenter size-large wp-image-6018\" src=\"http:\/\/www.techpro-digital.com\/wp-content\/uploads\/2016\/01\/Phraseanet_Classic-vuedetaillee1-1024x491.jpg\" alt=\"Phraseanet_Classic-vuedetaillee1\" width=\"1024\" height=\"491\" srcset=\"https:\/\/www.techpro-digital.com\/wp-content\/uploads\/2016\/01\/Phraseanet_Classic-vuedetaillee1-1024x491.jpg 1024w, https:\/\/www.techpro-digital.com\/wp-content\/uploads\/2016\/01\/Phraseanet_Classic-vuedetaillee1-300x144.jpg 300w, https:\/\/www.techpro-digital.com\/wp-content\/uploads\/2016\/01\/Phraseanet_Classic-vuedetaillee1-768x368.jpg 768w, https:\/\/www.techpro-digital.com\/wp-content\/uploads\/2016\/01\/Phraseanet_Classic-vuedetaillee1-400x192.jpg 400w, https:\/\/www.techpro-digital.com\/wp-content\/uploads\/2016\/01\/Phraseanet_Classic-vuedetaillee1-1043x500.jpg 1043w, https:\/\/www.techpro-digital.com\/wp-content\/uploads\/2016\/01\/Phraseanet_Classic-vuedetaillee1.jpg 1306w\" sizes=\"(max-width: 1024px) 100vw, 1024px\" \/><\/a><\/p>\n<\/div>\n<p>Classic: Affichage des r\u00e9sultats de recherche avec propositions sur la gauche<\/p>\n<p><a href=\"http:\/\/www.techpro-digital.com\/wp-content\/uploads\/2016\/01\/Phraseanet_Classic-Propositions1.jpg\" rel=\"attachment wp-att-6017\"><img loading=\"lazy\" class=\"aligncenter size-large wp-image-6017\" src=\"http:\/\/www.techpro-digital.com\/wp-content\/uploads\/2016\/01\/Phraseanet_Classic-Propositions1-1024x491.jpg\" alt=\"Phraseanet_Classic-Propositions1\" width=\"1024\" height=\"491\" srcset=\"https:\/\/www.techpro-digital.com\/wp-content\/uploads\/2016\/01\/Phraseanet_Classic-Propositions1-1024x491.jpg 1024w, https:\/\/www.techpro-digital.com\/wp-content\/uploads\/2016\/01\/Phraseanet_Classic-Propositions1-300x144.jpg 300w, https:\/\/www.techpro-digital.com\/wp-content\/uploads\/2016\/01\/Phraseanet_Classic-Propositions1-768x368.jpg 768w, https:\/\/www.techpro-digital.com\/wp-content\/uploads\/2016\/01\/Phraseanet_Classic-Propositions1-400x192.jpg 400w, https:\/\/www.techpro-digital.com\/wp-content\/uploads\/2016\/01\/Phraseanet_Classic-Propositions1-1043x500.jpg 1043w, https:\/\/www.techpro-digital.com\/wp-content\/uploads\/2016\/01\/Phraseanet_Classic-Propositions1.jpg 1310w\" sizes=\"(max-width: 1024px) 100vw, 1024px\" \/><\/a><\/p>\n<p>&nbsp;<\/p>\n<p>Classic: Affichage des r\u00e9sultats en mode liste.<\/p>\n<p><a href=\"http:\/\/www.techpro-digital.com\/wp-content\/uploads\/2016\/01\/Phraseanet_Classic-AffichageListe.jpg\" rel=\"attachment wp-att-6016\"><img loading=\"lazy\" class=\"aligncenter size-large wp-image-6016\" src=\"http:\/\/www.techpro-digital.com\/wp-content\/uploads\/2016\/01\/Phraseanet_Classic-AffichageListe-1024x496.jpg\" alt=\"Phraseanet_Classic-AffichageListe\" width=\"1024\" height=\"496\" srcset=\"https:\/\/www.techpro-digital.com\/wp-content\/uploads\/2016\/01\/Phraseanet_Classic-AffichageListe-1024x496.jpg 1024w, https:\/\/www.techpro-digital.com\/wp-content\/uploads\/2016\/01\/Phraseanet_Classic-AffichageListe-300x145.jpg 300w, https:\/\/www.techpro-digital.com\/wp-content\/uploads\/2016\/01\/Phraseanet_Classic-AffichageListe-768x372.jpg 768w, https:\/\/www.techpro-digital.com\/wp-content\/uploads\/2016\/01\/Phraseanet_Classic-AffichageListe-1000x485.jpg 1000w, https:\/\/www.techpro-digital.com\/wp-content\/uploads\/2016\/01\/Phraseanet_Classic-AffichageListe-400x194.jpg 400w, https:\/\/www.techpro-digital.com\/wp-content\/uploads\/2016\/01\/Phraseanet_Classic-AffichageListe-1033x500.jpg 1033w, https:\/\/www.techpro-digital.com\/wp-content\/uploads\/2016\/01\/Phraseanet_Classic-AffichageListe.jpg 1306w\" sizes=\"(max-width: 1024px) 100vw, 1024px\" \/><\/a><\/p>\n<div class=\"entry float\">\n<ul style=\"color: #dddddd;\">\n<li>\n<h3><span style=\"color: #000000;\"><strong><a style=\"color: #3caadc;\" href=\"http:\/\/alchemy.fr\/spip.php?page=article&amp;id_article=17&amp;id_rubrique=7\" target=\"_blank\"><span style=\"color: #000000;\">Report<\/span><\/a><\/strong><\/span><\/h3>\n<p><span style=\"color: #000000;\">Statistiques, connexions des utilisateurs, t\u00e9l\u00e9chargements r\u00e9alis\u00e9s, questions pos\u00e9es\u2026<\/span><\/li>\n<\/ul>\n<p style=\"color: #dddddd;\"><span style=\"color: #000000;\">Phraseanet est une application professionnelle et comme toute solution professionnelle, sa mise en \u0153uvre n\u00e9cessite \u00e0 la fois des comp\u00e9tences informatiques, du temps d\u2019analyse et de param\u00e9trage et avoir acquis une bonne compr\u00e9hension des fondamentaux de la solution.<\/span><\/p>\n<h3 style=\"color: #dddddd;\"><span style=\"color: #000000;\">&gt;\u00a0<a style=\"color: #3caadc;\" href=\"http:\/\/alchemy.fr\/spip.php?page=rubrique&amp;id_rubrique=8\" target=\"_blank\"><span style=\"color: #000000;\">NOS SERVICES<\/span><\/a><\/span><\/h3>\n<p style=\"color: #dddddd;\"><span style=\"color: #000000;\">Pour accompagner votre solution Phraseanet, nous\u00a0vous proposons un ensemble de prestations d\u2019accompagnement et des contrats de services.<\/span><\/p>\n<p style=\"color: #dddddd;\"><span style=\"color: #000000;\">Nous vous proposons aussi Phraseanet en offre Saas<\/span><\/p>\n<p style=\"color: #dddddd;\"><span style=\"color: #000000;\">Appuyez-vous sur une infrastructure d\u2019h\u00e9bergement solide et \u00e9prouv\u00e9e depuis de nombreuses ann\u00e9es. Nous h\u00e9bergerons votre solution dans un des centres de chez Telecity Group ou chez Aquaray suivant la dimension du projet. Ces deux prestataires sont situ\u00e9s \u00e0 Paris\u00a0au c\u0153ur de l\u2019\u00e9conomie num\u00e9rique \u00a0construite sur une infrastructure capable\u00a0de r\u00e9pondre aux contraintes de disponibilit\u00e9s, de puissance et de capacit\u00e9 de stockage des clients les plus exigeants.<\/span><\/p>\n<h2 style=\"color: #dddddd;\"><span style=\"color: #000000;\">&gt;\u00a0En r\u00e9sum\u00e9\u2026<\/span><\/h2>\n<p><span style=\"color: #000000;\"><em>Phraseanet ? Une solution de Digital Asset Management\u00a0permettant\u00a0de g\u00e9rer votre galerie photo en ligne, mais \u00e9galement vos vid\u00e9os.<\/em><\/span><\/p>\n<p style=\"color: #dddddd;\"><span style=\"color: #000000;\">Phraseanet s'adresse aux Services photos, directions de communication &amp; marketing des entreprises, grands groupes et organismes publics\u2026<\/span><\/p>\n<h3 style=\"color: #dddddd;\"><\/h3>\n<h4 style=\"color: #dddddd;\"><span style=\"color: #000000;\"><strong><a style=\"color: #3caadc;\" href=\"http:\/\/alchemy.fr\/spip.php?page=article&amp;id_article=13&amp;id_rubrique=7\" target=\"_blank\"><span style=\"color: #000000;\">En bref<\/span><\/a><\/strong><\/span><\/h4>\n<p id=\"_mcePaste\" style=\"color: #dddddd;\"><span style=\"color: #000000;\">- Gestion de nombreux formats de documents multim\u00e9dia: Photos, vid\u00e9os, sons, PDF, Office<\/span><\/p>\n<p id=\"_mcePaste\" style=\"color: #dddddd;\"><span style=\"color: #000000;\">- Multiplateforme : Linux, Mac, Windows<\/span><\/p>\n<p id=\"_mcePaste\" style=\"color: #dddddd;\"><span style=\"color: #000000;\">- Multilingue : fran\u00e7ais, anglais, allemand, n\u00e9erlandais<\/span><\/p>\n<p id=\"_mcePaste\" style=\"color: #dddddd;\"><span style=\"color: #000000;\">- Acc\u00e8s \u00e0 partir d\u2019un navigateur web standard<\/span><\/p>\n<p id=\"_mcePaste\" style=\"color: #dddddd;\"><span style=\"color: #000000;\">- Nombre illimit\u00e9 d\u2019utilisateurs, de collections et de documents<\/span><\/p>\n<p id=\"_mcePaste\" style=\"color: #dddddd;\"><span style=\"color: #000000;\">- Des modules selon les besoins et les droits<\/span><\/p>\n<p id=\"_mcePaste\" style=\"color: #dddddd;\"><span style=\"color: #000000;\">- Site client personnalisable, publication vers des applications externes et r\u00e9seaux sociaux (Facebook, Twitter, YouTube, Dailymotion, Flickr\u2026)<\/span><\/p>\n<p id=\"_mcePaste\" style=\"color: #dddddd;\"><span style=\"color: #000000;\">- API<\/span><\/p>\n<p id=\"_mcePaste\" style=\"color: #dddddd;\"><span style=\"color: #000000;\">- Plug In WordPress et Office<\/span><\/p>\n<\/div>\n","protected":false},"excerpt":{"rendered":"<p>Tweet\u00a0 GESTION DE PHOTOTHEQUE Nous pouvons vous accompagner dans la mise en place d&rsquo;une des solutions professionnelles de gestion de m\u00e9dias num\u00e9riques les plus abouties du march\u00e9\u2026 Phraseanet \u00a0qui est une solution open source apporte une r\u00e9ponse compl\u00e8te aux organisations de toutes sortes pour la gestion et la publication des m\u00e9dias num\u00e9riques (Photos, Vid\u00e9os, Documents Audio, PDF, Office\u2026). Phraseanet existe depuis 2005. Logiciel de gestion d\u2019images et multim\u00e9dia, Phraseanet est implant\u00e9 chez un grand nombre de soci\u00e9t\u00e9s et administrations de toutes tailles pour lesquelles l\u2019organisation des ressources num\u00e9riques n\u00e9cessite la mise en \u0153uvre d\u2019une solution puissante, fonctionnellement riche, simple \u00e0 [&hellip;]<\/p>\n","protected":false},"author":1,"featured_media":0,"parent":5908,"menu_order":0,"comment_status":"open","ping_status":"open","template":"","meta":[],"_links":{"self":[{"href":"https:\/\/www.techpro-digital.com\/index.php?rest_route=\/wp\/v2\/pages\/108"}],"collection":[{"href":"https:\/\/www.techpro-digital.com\/index.php?rest_route=\/wp\/v2\/pages"}],"about":[{"href":"https:\/\/www.techpro-digital.com\/index.php?rest_route=\/wp\/v2\/types\/page"}],"author":[{"embeddable":true,"href":"https:\/\/www.techpro-digital.com\/index.php?rest_route=\/wp\/v2\/users\/1"}],"replies":[{"embeddable":true,"href":"https:\/\/www.techpro-digital.com\/index.php?rest_route=%2Fwp%2Fv2%2Fcomments&post=108"}],"version-history":[{"count":5,"href":"https:\/\/www.techpro-digital.com\/index.php?rest_route=\/wp\/v2\/pages\/108\/revisions"}],"predecessor-version":[{"id":6028,"href":"https:\/\/www.techpro-digital.com\/index.php?rest_route=\/wp\/v2\/pages\/108\/revisions\/6028"}],"up":[{"embeddable":true,"href":"https:\/\/www.techpro-digital.com\/index.php?rest_route=\/wp\/v2\/pages\/5908"}],"wp:attachment":[{"href":"https:\/\/www.techpro-digital.com\/index.php?rest_route=%2Fwp%2Fv2%2Fmedia&parent=108"}],"curies":[{"name":"wp","href":"https:\/\/api.w.org\/{rel}","templated":true}]}}