{"id":104,"date":"2015-05-30T23:07:06","date_gmt":"2015-05-30T22:07:06","guid":{"rendered":"http:\/\/127.0.0.1\/techpro\/?page_id=104"},"modified":"2016-01-15T22:13:59","modified_gmt":"2016-01-15T22:13:59","slug":"social-sharing","status":"publish","type":"page","link":"https:\/\/www.techpro-digital.com\/?page_id=104","title":{"rendered":"Social Sharing"},"content":{"rendered":"<p><a href=\"http:\/\/twitter.com\/share?url=https%3A%2F%2Fwww.techpro-digital.com%2F%3Fpage_id%3D104&amp;count=none&amp;text=Social Sharing - TECHPRO-DIGITAL - Services PHOTO - VIDEO - POST PRODUCTION - CREATION - WEB\" class=\"twitter-share-button\">Tweet<\/a><\/p><p>Aujourd'hui les plus grosses bases photos sont celles de Facebook et Flickr (Yahoo).<\/p>\n<p>Facebook reste la plus grosse base images des dizaines de milliards !! Toutes les 20\u00a0minutes 3 millions sont d\u00e9pos\u00e9es...et 800 millions de vid\u00e9os sont vision\u00e9es chaque jour...<\/p>\n<p>Mais on perd vite ses photos sur Facebook, et aucun moyen de les retrouver m\u00eame avec une simple rechercher de mots cl\u00e9s.<\/p>\n<p><a href=\"http:\/\/www.techpro-digital.com\/wp-content\/uploads\/2015\/05\/Trends-Photo-4.png\" rel=\"attachment wp-att-6043\"><img loading=\"lazy\" class=\"wp-image-6043 alignleft\" src=\"http:\/\/www.techpro-digital.com\/wp-content\/uploads\/2015\/05\/Trends-Photo-4-1024x697.png\" alt=\"Trends Photo 4\" width=\"633\" height=\"414\" \/><\/a><\/p>\n<p>&nbsp;<\/p>\n<p>&nbsp;<\/p>\n<p>&nbsp;<\/p>\n<p>&nbsp;<\/p>\n<p>&nbsp;<\/p>\n<p>&nbsp;<\/p>\n<p>&nbsp;<\/p>\n<p>&nbsp;<\/p>\n<p>&nbsp;<\/p>\n<p>&nbsp;<\/p>\n<p>&nbsp;<\/p>\n<p>&nbsp;<\/p>\n<p>Par contre une base comme Flickr est bien \u00e9volu\u00e9e...<\/p>\n<p>C'est la 2\u00e8me base de photos au monde avec pr\u00e8s de 10\u00a0milliards d'images.<\/p>\n<p>La plateforme Flickr offre de vrais fonctionnalit\u00e9 de partage, classement, indexation, recherche, tout pour organiser vos photos facilement, simplement et qui peuvent \u00eatre g\u00e9r\u00e9 depuis n'importe quelle plate forme, Mac, PC, iOs, Android, Windows. De base gratuit le stockage peut aller jusqu'\u00e0 1 To pour quelques dizaines d'euros par an !!!<\/p>\n<p>&nbsp;<\/p>\n<p><a href=\"http:\/\/www.techpro-digital.com\/wp-content\/uploads\/2015\/05\/Flickr2.png\" rel=\"attachment wp-att-6045\"><img loading=\"lazy\" class=\"aligncenter size-large wp-image-6045\" src=\"http:\/\/www.techpro-digital.com\/wp-content\/uploads\/2015\/05\/Flickr2-1024x558.png\" alt=\"Flickr2\" width=\"1024\" height=\"558\" srcset=\"https:\/\/www.techpro-digital.com\/wp-content\/uploads\/2015\/05\/Flickr2-1024x558.png 1024w, https:\/\/www.techpro-digital.com\/wp-content\/uploads\/2015\/05\/Flickr2-300x164.png 300w, https:\/\/www.techpro-digital.com\/wp-content\/uploads\/2015\/05\/Flickr2-768x419.png 768w, https:\/\/www.techpro-digital.com\/wp-content\/uploads\/2015\/05\/Flickr2-400x218.png 400w, https:\/\/www.techpro-digital.com\/wp-content\/uploads\/2015\/05\/Flickr2-917x500.png 917w, https:\/\/www.techpro-digital.com\/wp-content\/uploads\/2015\/05\/Flickr2.png 1882w\" sizes=\"(max-width: 1024px) 100vw, 1024px\" \/><\/a><\/p>\n<p>&nbsp;<\/p>\n<p>Durant ces derni\u00e8res ann\u00e9es Flickr a apport\u00e9 beaucoup de soins \u00e0 transformer de simple galleries en vrai portail photos, au point que bon nombre de photographes Pro l'utilisent pour afficher leur cr\u00e9ation.<\/p>\n<p>&nbsp;<\/p>\n<p><a href=\"http:\/\/www.techpro-digital.com\/wp-content\/uploads\/2015\/05\/Flickr.png\" rel=\"attachment wp-att-6044\"><img loading=\"lazy\" class=\"aligncenter size-large wp-image-6044\" src=\"http:\/\/www.techpro-digital.com\/wp-content\/uploads\/2015\/05\/Flickr-1024x568.png\" alt=\"Flickr\" width=\"1024\" height=\"568\" srcset=\"https:\/\/www.techpro-digital.com\/wp-content\/uploads\/2015\/05\/Flickr-1024x568.png 1024w, https:\/\/www.techpro-digital.com\/wp-content\/uploads\/2015\/05\/Flickr-300x166.png 300w, https:\/\/www.techpro-digital.com\/wp-content\/uploads\/2015\/05\/Flickr-768x426.png 768w, https:\/\/www.techpro-digital.com\/wp-content\/uploads\/2015\/05\/Flickr-400x222.png 400w, https:\/\/www.techpro-digital.com\/wp-content\/uploads\/2015\/05\/Flickr-902x500.png 902w\" sizes=\"(max-width: 1024px) 100vw, 1024px\" \/><\/a><\/p>\n","protected":false},"excerpt":{"rendered":"<p>TweetAujourd&rsquo;hui les plus grosses bases photos sont celles de Facebook et Flickr (Yahoo). Facebook reste la plus grosse base images des dizaines de milliards !! Toutes les 20\u00a0minutes 3 millions sont d\u00e9pos\u00e9es&#8230;et 800 millions de vid\u00e9os sont vision\u00e9es chaque jour&#8230; Mais on perd vite ses photos sur Facebook, et aucun moyen de les retrouver m\u00eame avec une simple rechercher de mots cl\u00e9s. &nbsp; &nbsp; &nbsp; &nbsp; &nbsp; &nbsp; &nbsp; &nbsp; &nbsp; &nbsp; &nbsp; &nbsp; Par contre une base comme Flickr est bien \u00e9volu\u00e9e&#8230; C&rsquo;est la 2\u00e8me base de photos au monde avec pr\u00e8s de 10\u00a0milliards d&rsquo;images. La plateforme Flickr offre [&hellip;]<\/p>\n","protected":false},"author":1,"featured_media":0,"parent":5908,"menu_order":0,"comment_status":"open","ping_status":"open","template":"","meta":[],"_links":{"self":[{"href":"https:\/\/www.techpro-digital.com\/index.php?rest_route=\/wp\/v2\/pages\/104"}],"collection":[{"href":"https:\/\/www.techpro-digital.com\/index.php?rest_route=\/wp\/v2\/pages"}],"about":[{"href":"https:\/\/www.techpro-digital.com\/index.php?rest_route=\/wp\/v2\/types\/page"}],"author":[{"embeddable":true,"href":"https:\/\/www.techpro-digital.com\/index.php?rest_route=\/wp\/v2\/users\/1"}],"replies":[{"embeddable":true,"href":"https:\/\/www.techpro-digital.com\/index.php?rest_route=%2Fwp%2Fv2%2Fcomments&post=104"}],"version-history":[{"count":3,"href":"https:\/\/www.techpro-digital.com\/index.php?rest_route=\/wp\/v2\/pages\/104\/revisions"}],"predecessor-version":[{"id":6046,"href":"https:\/\/www.techpro-digital.com\/index.php?rest_route=\/wp\/v2\/pages\/104\/revisions\/6046"}],"up":[{"embeddable":true,"href":"https:\/\/www.techpro-digital.com\/index.php?rest_route=\/wp\/v2\/pages\/5908"}],"wp:attachment":[{"href":"https:\/\/www.techpro-digital.com\/index.php?rest_route=%2Fwp%2Fv2%2Fmedia&parent=104"}],"curies":[{"name":"wp","href":"https:\/\/api.w.org\/{rel}","templated":true}]}}