{"id":10,"date":"2015-05-28T08:16:24","date_gmt":"2015-05-28T07:16:24","guid":{"rendered":"http:\/\/127.0.0.1\/techpro\/?page_id=10"},"modified":"2016-02-14T21:59:01","modified_gmt":"2016-02-14T21:59:01","slug":"services","status":"publish","type":"page","link":"https:\/\/www.techpro-digital.com\/?page_id=10","title":{"rendered":"Services"},"content":{"rendered":"<p><a href=\"http:\/\/twitter.com\/share?url=https%3A%2F%2Fwww.techpro-digital.com%2F%3Fpage_id%3D10&amp;count=none&amp;text=Services - TECHPRO-DIGITAL - Services PHOTO - VIDEO - POST PRODUCTION - CREATION - WEB\" class=\"twitter-share-button\">Tweet<\/a><\/p><p>Nous proposons une s\u00e9rie de services dans le digital :<\/p>\n<ul>\n<li>Prise de vue Photo ou Video<\/li>\n<li>Production pr\u00e9-press (Cr\u00e9ation, Flyer, Catalogue, campagne marketing...)<\/li>\n<li>Production Video ( montage et cr\u00e9ation de master)<\/li>\n<li>Publication Web ( Site Web, CMS, Flipbook, e-Publication...)<\/li>\n<\/ul>\n<p>&nbsp;<\/p>\n<p>Nous serons aussi vous accompagner dans une d\u00e9marche digitale intelligente dans le cadre de la transformation num\u00e9rique de votre entreprise.<\/p>\n","protected":false},"excerpt":{"rendered":"<p>TweetNous proposons une s\u00e9rie de services dans le digital : Prise de vue Photo ou Video Production pr\u00e9-press (Cr\u00e9ation, Flyer, Catalogue, campagne marketing&#8230;) Production Video ( montage et cr\u00e9ation de master) Publication Web ( Site Web, CMS, Flipbook, e-Publication&#8230;) &nbsp; Nous serons aussi vous accompagner dans une d\u00e9marche digitale intelligente dans le cadre de la transformation num\u00e9rique de votre entreprise.<\/p>\n","protected":false},"author":1,"featured_media":0,"parent":0,"menu_order":0,"comment_status":"open","ping_status":"open","template":"","meta":[],"_links":{"self":[{"href":"https:\/\/www.techpro-digital.com\/index.php?rest_route=\/wp\/v2\/pages\/10"}],"collection":[{"href":"https:\/\/www.techpro-digital.com\/index.php?rest_route=\/wp\/v2\/pages"}],"about":[{"href":"https:\/\/www.techpro-digital.com\/index.php?rest_route=\/wp\/v2\/types\/page"}],"author":[{"embeddable":true,"href":"https:\/\/www.techpro-digital.com\/index.php?rest_route=\/wp\/v2\/users\/1"}],"replies":[{"embeddable":true,"href":"https:\/\/www.techpro-digital.com\/index.php?rest_route=%2Fwp%2Fv2%2Fcomments&post=10"}],"version-history":[{"count":3,"href":"https:\/\/www.techpro-digital.com\/index.php?rest_route=\/wp\/v2\/pages\/10\/revisions"}],"predecessor-version":[{"id":6247,"href":"https:\/\/www.techpro-digital.com\/index.php?rest_route=\/wp\/v2\/pages\/10\/revisions\/6247"}],"wp:attachment":[{"href":"https:\/\/www.techpro-digital.com\/index.php?rest_route=%2Fwp%2Fv2%2Fmedia&parent=10"}],"curies":[{"name":"wp","href":"https:\/\/api.w.org\/{rel}","templated":true}]}}